{"id":49,"date":"2020-05-15T12:47:43","date_gmt":"2020-05-15T09:47:43","guid":{"rendered":"https:\/\/www.s-c-nutrition.com\/product\/import-placeholder-for-4121\/"},"modified":"2025-12-18T17:19:13","modified_gmt":"2025-12-18T14:19:13","slug":"iron-vitaminb12-supplement","status":"publish","type":"product","link":"https:\/\/www.s-c-nutrition.com\/it\/product\/iron-vitaminb12-supplement\/","title":{"rendered":"Formula di ferro e vitamina B12 microincapsulata - Microiron LipoFer"},"content":{"rendered":"<h4><span style=\"color: #000000;\"><strong>MICRO<span style=\"color: #ff0000;\">FERRO<\/span><\/strong><\/span><\/h4>\n<p><span style=\"color: #000000;\"><img fetchpriority=\"high\" decoding=\"async\" class=\"aligncenter wp-image-4062 size-full\" src=\"https:\/\/www.s-c-nutrition.com\/wp-content\/uploads\/2018\/12\/IMG_20181221_192837_093-e1545474221941.jpg\" alt=\"Formula di ferro e vitamina B12 microincapsulata Microiron LipoFer\u2122 image by S-C-Nutrition.\" width=\"331\" height=\"331\" \/><br \/>\nLipoFer\u2122 \u00e8 un ferro pirofosfato liposomiale microincapsulato, prodotto da Lipofoods. Il ferro a pi\u00f9 alta biodisponibilit\u00e0 disponibile sul mercato degli integratori, con un assorbimento migliore di 470% rispetto al secondo.<\/span><\/p>\n<p><span style=\"color: #000000;\"><img decoding=\"async\" class=\"alignright wp-image-3398\" src=\"https:\/\/www.s-c-nutrition.com\/wp-content\/uploads\/2018\/11\/lipofer.png\" sizes=\"(max-width: 449px) 100vw, 449px\" srcset=\"https:\/\/www.s-c-nutrition.com\/wp-content\/uploads\/2018\/11\/lipofer.png 617w, https:\/\/www.s-c-nutrition.com\/wp-content\/uploads\/2018\/11\/lipofer-300x141.png 300w, https:\/\/www.s-c-nutrition.com\/wp-content\/uploads\/2018\/11\/lipofer-570x268.png 570w\" alt=\"Immagine dell&#039;assorbimento di Lipofer da parte di S-C-Nutrition.\" width=\"449\" height=\"211\" \/><\/span><\/p>\n<p><span style=\"color: #000000;\">SCN vi offre il meglio, con\u00a0<strong>Micro<span style=\"color: #ff0000;\">Ferro<\/span><\/strong>\u00a0per combinare LipoFer, cianocobalamina, acido folico e vitamina C, tutti noti per promuovere i processi di emopoiesi (creazione del sangue).<\/span><\/p>\n<p>&nbsp;<\/p>\n<p>&nbsp;<\/p>\n<p><span style=\"color: #000000;\">Con Lipofer\u2122 abbiamo aggiunto la pi\u00f9 alta concentrazione di qualsiasi altro integratore, per soddisfare le esigenze dei nostri atleti professionisti pi\u00f9 esigenti.<\/span><\/p>\n<p><span style=\"color: #000000;\">Ogni capsula di\u00a0<strong>Micro<span style=\"color: #ff0000;\">Ferro<\/span>,\u00a0<\/strong>fornisce:<\/span><\/p>\n<ul>\n<li><span style=\"color: #000000;\">LipoFer\u2122 (ferro pirofosfato liposomiale):   20 mg<\/span><\/li>\n<li><span style=\"color: #000000;\">Cianocobalamina B12: 100mcg<\/span><\/li>\n<li><span style=\"color: #000000;\">Vitamina C: 80 mg<\/span><\/li>\n<li><span style=\"color: #000000;\">Acido folico: 300mcg<\/span><\/li>\n<\/ul>\n<p><span style=\"color: #000000;\">Studi clinici hanno dimostrato che Lipofer\u2122 ha aumentato la ferritina sierica di 30% nelle prime 4 settimane di utilizzo e di 80% in 16 settimane di utilizzo.<\/span><\/p>\n<p><span style=\"color: #000000;\"><strong>Micro<span style=\"color: #ff0000;\">Ferro<\/span><span style=\"color: #ff0000;\">\u00a0<\/span><\/strong><\/span>Caratteristiche:<\/p>\n<ul>\n<li>o La forma di ferro pi\u00f9 biodisponibile<\/li>\n<li>o Principi attivi ad altissima biodisponibilit\u00e0<\/li>\n<li>o Formula sinergica completa<\/li>\n<li>o Promuove l'emopoiesi<\/li>\n<li>o Favorisce le prestazioni sportive e la resistenza<\/li>\n<li>o Mantiene sani i livelli ematici<\/li>\n<li>o Aumenta i livelli di ferritina<\/li>\n<\/ul>\n<p>&nbsp;<\/p>\n<p><span style=\"text-decoration: underline;\"><span style=\"color: #ff0000; text-decoration: underline;\"><strong>Come funzionano i liposomi:<\/strong><\/span><\/span><\/p>\n<p><iframe title=\"Liposoma: Una meraviglia tecnologica Modulo2.avi\" width=\"980\" height=\"551\" src=\"https:\/\/www.youtube.com\/embed\/KQA9YlhgTQc?start=55&#038;feature=oembed&#038;enablejsapi=1&#038;origin=https:\/\/www.s-c-nutrition.com\" frameborder=\"0\" allow=\"accelerometer; autoplay; clipboard-write; encrypted-media; gyroscope; picture-in-picture; web-share\" allowfullscreen><\/iframe><\/p>\n<p>&nbsp;<\/p>\n<div class=\"css-0\">\n<h5><span style=\"color: #ff0000;\">Avete bisogno di integratori di ferro?<\/span><\/h5>\n<\/div>\n<div class=\"css-0\">\n<p><span style=\"color: #000000;\">Il ferro \u00e8 un minerale fondamentale per la salute. Tutte le cellule contengono ferro, ma la maggior parte del ferro presente nel corpo si trova nei globuli rossi. I globuli rossi trasportano l'ossigeno dai polmoni agli organi e ai tessuti di tutto il corpo.<\/span><\/p>\n<p><span style=\"color: #000000;\">Il ferro ha un ruolo nella creazione di energia dai nutrienti. Contribuisce inoltre alla trasmissione degli impulsi nervosi, i segnali che coordinano le azioni delle diverse parti del corpo. Se la quantit\u00e0 di ferro \u00e8 superiore al fabbisogno, viene immagazzinata nel corpo per essere utilizzata in futuro.<\/span><\/p>\n<p><span style=\"color: #000000;\">L'americano medio ricava tutto il ferro di cui ha bisogno dagli alimenti che mangia. Ma ci sono alcune situazioni e condizioni che possono rendere necessaria l'aggiunta di ferro supplementare alla dieta.<\/span><\/p>\n<\/div>\n<div class=\"css-0\">\n<h5><\/h5>\n<h5><span style=\"color: #ff0000;\">Avete un'anemia da carenza di ferro?<\/span><\/h5>\n<\/div>\n<div class=\"css-0\">\n<p><span style=\"color: #000000;\">L'anemia da carenza di ferro \u00e8 causata dalla mancanza di ferro sufficiente nei globuli rossi. Senza livelli sani di ferro, i globuli rossi non possono fornire efficacemente ossigeno alle cellule e ai tessuti.<\/span><\/p>\n<\/div>\n<p>&nbsp;<\/p>\n<div class=\"css-0\">\n<p><span style=\"color: #000000;\"><strong>I sintomi dell'anemia comprendono:<\/strong><\/span><\/p>\n<ul>\n<li><span style=\"color: #000000;\">fatica<img decoding=\"async\" class=\"alignright wp-image-4123 size-full\" src=\"https:\/\/www.s-c-nutrition.com\/wp-content\/uploads\/2019\/02\/FILE_5add8a1cd01b61.png\" alt=\"Immagine della capsula di ferro di S-C-Nutrition.\" width=\"680\" height=\"510\" \/><\/span><\/li>\n<li><span style=\"color: #000000;\">debolezza<\/span><\/li>\n<li><span style=\"color: #000000;\">vertigini<\/span><\/li>\n<li><span style=\"color: #000000;\">difficolt\u00e0 di concentrazione<\/span><\/li>\n<\/ul>\n<p><span style=\"color: #000000;\">L'anemia da carenza di ferro \u00e8 la forma pi\u00f9 comune di anemia negli Stati Uniti. Quasi cinque milioni di americani ne sono affetti.<\/span><\/p>\n<\/div>\n<p>&nbsp;<\/p>\n<div class=\"css-0\">\n<p><span style=\"color: #000000;\"><strong>Le cause pi\u00f9 comuni di anemia includono:<\/strong><\/span><\/p>\n<ul>\n<li><span style=\"color: #000000;\">mestruazioni, in particolare se il flusso \u00e8 abbondante o prolungato<\/span><\/li>\n<li><span style=\"color: #000000;\">malattia dell'ulcera peptica<\/span><\/li>\n<li><span style=\"color: #000000;\">cancro del tratto digestivo<\/span><\/li>\n<li><span style=\"color: #000000;\">perdita di sangue per trauma o donazione di sangue<\/span><\/li>\n<li><span style=\"color: #000000;\">sanguinamento gastrointestinale dovuto all'uso prolungato di farmaci come aspirina e ibuprofene<\/span><\/li>\n<\/ul>\n<\/div>\n<p>&nbsp;<\/p>\n<div><strong><span style=\"color: #000000;\">Sei incinta?<\/span><\/strong><\/div>\n<div class=\"css-0\">\n<p><span style=\"color: #000000;\">Le donne che non sono incinte o che allattano devono assumere 15-18 milligrammi di ferro al giorno. Le donne in gravidanza hanno bisogno di una quantit\u00e0 di ferro significativamente maggiore. Secondo il National Institutes of Health (NIH), la dose dietetica di ferro raccomandata per le donne in gravidanza \u00e8 di 27 milligrammi al giorno.<\/span><\/p>\n<\/div>\n<div class=\"css-0\">\n<p><span style=\"color: #000000;\">Non raddoppiate le vitamine prenatali se temete di non assumere abbastanza ferro. In questo modo si rischia di assumere una quantit\u00e0 eccessiva di altre vitamine e di danneggiare il bambino. Parlate invece con il vostro medico di un integratore di ferro insieme alle vitamine prenatali.<\/span><\/p>\n<\/div>\n<p>&nbsp;<\/p>\n<div class=\"css-0\">\n<div id=\"hl-incontent-video-ad\"><\/div>\n<\/div>\n<div class=\"css-0\">\n<div><strong><span style=\"color: #000000;\">Hai le mestruazioni?<\/span><\/strong><\/div>\n<p><span style=\"color: #000000;\">Le mestruazioni esauriscono le riserve di ferro. Per questo motivo le donne hanno tassi di anemia pi\u00f9 elevati rispetto agli uomini. Alcuni\u00a0<a class=\"content-link\" style=\"color: #000000;\" href=\"http:\/\/www.womenshealth.gov\/publications\/our-publications\/fact-sheet\/anemia.html\" target=\"_blank\" rel=\"noopener noreferrer\" data-wpel-link=\"external\">ricerca<\/a>\u00a0suggerisce che l'etnia \u00e8 un fattore di rischio per l'anemia. \u00c8\u00a0<a class=\"content-link\" style=\"color: #000000;\" href=\"http:\/\/www.aafp.org\/afp\/2007\/0301\/p671.html\" target=\"_blank\" rel=\"noopener noreferrer\" data-wpel-link=\"external\">stimato<\/a>\u00a0che il 19% delle donne afroamericane e messicano-americane sono anemiche. Rispetto al 9-12% delle donne bianche non ispaniche.<\/span><\/p>\n<\/div>\n<p>&nbsp;<\/p>\n<p><strong><span style=\"color: #ff0000;\">Fai esercizio?<\/span><\/strong><\/p>\n<div class=\"css-0\">\n<p><span style=\"color: #000000;\">Secondo l'Office on Women's Health, le atlete sono a maggior rischio di carenza di ferro. La ragione esatta non \u00e8 nota. I ricercatori ipotizzano che le atlete possano avere bisogno di un maggior numero di globuli rossi per trasportare l'ossigeno e continuare a fare esercizio.<\/span><\/p>\n<p><span style=\"color: #000000;\">Rivolgersi al medico se si \u00e8 molto attivi e si avvertono sintomi associati all'anemia.<\/span><\/p>\n<\/div>\n<p><img loading=\"lazy\" decoding=\"async\" class=\"aligncenter wp-image-4124 size-full\" src=\"https:\/\/www.s-c-nutrition.com\/wp-content\/uploads\/2019\/02\/dreamstime_xxl_95237404.png\" alt=\"Immagine delle cellule del sangue di S-C-Nutrition.\" width=\"1050\" height=\"277\" \/><\/p>\n<p>&nbsp;<\/p>\n<div class=\"css-0\">\n<div><span style=\"color: #000000;\"><strong>Ha regolarmente perdite di sangue?<\/strong><\/span><\/div>\n<\/div>\n<div class=\"css-0\">\n<p><span style=\"color: #000000;\">Le persone che subiscono un'eccessiva perdita di sangue hanno spesso bisogno di ferro supplementare. I donatori regolari di sangue e le persone che soffrono di emorragie gastrointestinali sono a rischio. L'emorragia gastrointestinale pu\u00f2 essere causata da farmaci o da patologie come ulcere e cancro. La donazione regolare di sangue non \u00e8 consigliata se il livello di ferro \u00e8 costantemente basso.<\/span><\/p>\n<\/div>\n<p>&nbsp;<\/p>\n<div><strong style=\"color: #000000;\">Assume farmaci che impoveriscono il ferro?<\/strong><\/div>\n<div class=\"css-0\">\n<p><span style=\"color: #000000;\">Alcuni farmaci possono interferire con la capacit\u00e0 dell'organismo di assorbire il ferro. I farmaci che possono impoverire il ferro includono:<\/span><\/p>\n<ul>\n<li><span style=\"color: #000000;\">i chinoloni, una famiglia di antibiotici che comprende la ciprofloxacina (Cipro) e la levofloxacina (Levaquin)<\/span><\/li>\n<li><span style=\"color: #000000;\">tetraciclina (panmicina)<\/span><\/li>\n<li><span style=\"color: #000000;\">ranitidina (Zantac) e omeprazolo (Prilosec) per ulcera, bruciore di stomaco e altri problemi di stomaco<\/span><\/li>\n<li><span style=\"color: #000000;\">gli inibitori dell'enzima di conversione dell'angiotensina (ACE) per l'ipertensione arteriosa<\/span><\/li>\n<li><span style=\"color: #000000;\">colestipolo (Colestid) e colestiramina (Prevalite) per i sequestranti degli acidi biliari che abbassano il colesterolo<\/span><\/li>\n<\/ul>\n<p><span style=\"color: #000000;\">Se siete preoccupati che uno dei vostri farmaci possa causare anemia, consultate il vostro medico. Ma non interrompete l'assunzione di un farmaco a meno che non vi venga specificatamente indicato.<\/span><\/p>\n<\/div>\n<p>&nbsp;<\/p>\n<div class=\"css-0\">\n<div><strong><span style=\"color: #000000;\">Il risultato<\/span><\/strong><\/div>\n<p><span style=\"color: #000000;\">La maggior parte delle persone risponde bene all'assunzione di integratori di ferro, disponibili in capsule. Alcune persone con livelli di ferro molto bassi possono avere bisogno di ferro per via endovenosa.<\/span><\/p>\n<p><span style=\"color: #000000;\">L'ideale sarebbe assumere gli integratori di ferro a stomaco vuoto, perch\u00e9 il cibo pu\u00f2 ridurre la quantit\u00e0 di ferro assorbita dall'organismo. L'assunzione di integratori di ferro con alimenti o bevande contenenti vitamina C aiuta l'organismo ad assorbire il ferro.<\/span><\/p>\n<p><span style=\"color: #000000;\">Assicuratevi di assumere solo la dose di ferro raccomandata. Una quantit\u00e0 eccessiva pu\u00f2 essere tossica, soprattutto per i bambini. E parlate con il vostro medico per sapere per quanto tempo dovete assumere un integratore di ferro.<\/span><\/p>\n<p>&nbsp;<\/p>\n<\/div>\n<p><span style=\"color: #000000;\"><strong>Informazioni sul prodotto:<\/strong><\/span><\/p>\n<p><span style=\"color: #000000;\">Ogni confezione contiene 30 capsule.<\/span><\/p>\n<table>\n<tbody>\n<tr>\n<td width=\"277\">Ingrediente<\/td>\n<td width=\"277\">Per 1 capsula<\/td>\n<\/tr>\n<tr>\n<td width=\"277\">LipoFer\u2122 (ferro pirofosfato microincapsulato liposomiale)<\/td>\n<td width=\"277\">20 mg<\/td>\n<\/tr>\n<tr>\n<td width=\"277\">Vitamina B<sub>12<\/sub> (cianocobalamina)<\/td>\n<td width=\"277\">1000mcg<\/td>\n<\/tr>\n<tr>\n<td width=\"277\">Vitamina C<\/td>\n<td width=\"277\">80 mg<\/td>\n<\/tr>\n<tr>\n<td width=\"277\">Acido folico<\/td>\n<td width=\"277\">300mcg<\/td>\n<\/tr>\n<\/tbody>\n<\/table>\n<p>Altri ingredienti: Magnesio stearato, diossido di silicio<\/p>\n<p><span style=\"color: #ff0000;\"><strong>Uso consigliato:<\/strong><\/span><\/p>\n<p><span style=\"color: #000000;\">Consumare 1 capsula con 1 pasto al giorno.<\/span><\/p>\n<p>&nbsp;<\/p>\n<p><img loading=\"lazy\" decoding=\"async\" class=\"aligncenter wp-image-1067 size-full\" src=\"https:\/\/www.s-c-nutrition.com\/wp-content\/uploads\/2020\/05\/SCN-together-faster-longer-harder-motivational-1.gif\" alt=\"Immagine motivazionale di S-C-Nutrition.\" width=\"948\" height=\"551\" \/><\/p>\n<p><span style=\"color: #000000;\">*Questo sito web \u00e8 solo a scopo educativo e di informazione generale sulla salute. Le idee, le opinioni e i suggerimenti contenuti in questo sito web non devono sostituire la consulenza medica, la diagnosi o il trattamento da parte del medico per qualsiasi condizione o problema di salute. Gli utenti di questo sito non devono affidarsi alle informazioni in esso contenute per i propri problemi di salute. Qualsiasi domanda sulla propria salute deve essere rivolta al proprio medico. Non iniziate o sospendete alcun farmaco senza aver consultato il vostro medico. Non vi incoraggiamo a farlo, n\u00e9 possiamo essere ritenuti responsabili per le conseguenze della mancata consultazione di un medico.<\/span><\/p>\n<p>&nbsp;<\/p>","protected":false},"excerpt":{"rendered":"<p><span style=\"color: #000000;\"><span style=\"color: #000000;\">\u00a0<\/span><strong><span style=\"color: #000000;\">Micro<\/span><span style=\"color: #ff0000;\">Ferro<\/span><span style=\"color: #ff0000;\"><span style=\"color: #000000;\">\u00a0<\/span><\/span><\/strong><\/span>Caratteristiche:<\/p>\n<ul>\n<li>o La forma di ferro pi\u00f9 biodisponibile<\/li>\n<li>o Principi attivi ad altissima biodisponibilit\u00e0<\/li>\n<li>o Formula sinergica completa<\/li>\n<li>o Promuove l'emopoiesi<\/li>\n<li>o Favorisce le prestazioni sportive e la resistenza<\/li>\n<li>o Mantiene sani i livelli ematici<\/li>\n<li>o Aumenta i livelli di ferritina<\/li>\n<\/ul>","protected":false},"featured_media":122,"template":"","meta":{"inline_featured_image":false},"product_cat":[17,20,38,39],"product_tag":[228],"class_list":{"0":"post-49","1":"product","2":"type-product","3":"status-publish","4":"has-post-thumbnail","6":"product_cat-all-products","7":"product_cat-basic-line","8":"product_cat-health-wellbeing","9":"product_cat-sport-line","10":"product_tag-multi-buy-products","11":"product_shipping_class-limited-shipping","13":"first","14":"outofstock","15":"sale","16":"featured","17":"shipping-taxable","18":"purchasable","19":"product-type-variable"},"_links":{"self":[{"href":"https:\/\/www.s-c-nutrition.com\/it\/wp-json\/wp\/v2\/product\/49","targetHints":{"allow":["GET"]}}],"collection":[{"href":"https:\/\/www.s-c-nutrition.com\/it\/wp-json\/wp\/v2\/product"}],"about":[{"href":"https:\/\/www.s-c-nutrition.com\/it\/wp-json\/wp\/v2\/types\/product"}],"version-history":[{"count":7,"href":"https:\/\/www.s-c-nutrition.com\/it\/wp-json\/wp\/v2\/product\/49\/revisions"}],"predecessor-version":[{"id":3612,"href":"https:\/\/www.s-c-nutrition.com\/it\/wp-json\/wp\/v2\/product\/49\/revisions\/3612"}],"wp:featuredmedia":[{"embeddable":true,"href":"https:\/\/www.s-c-nutrition.com\/it\/wp-json\/wp\/v2\/media\/122"}],"wp:attachment":[{"href":"https:\/\/www.s-c-nutrition.com\/it\/wp-json\/wp\/v2\/media?parent=49"}],"wp:term":[{"taxonomy":"product_cat","embeddable":true,"href":"https:\/\/www.s-c-nutrition.com\/it\/wp-json\/wp\/v2\/product_cat?post=49"},{"taxonomy":"product_tag","embeddable":true,"href":"https:\/\/www.s-c-nutrition.com\/it\/wp-json\/wp\/v2\/product_tag?post=49"}],"curies":[{"name":"wp","href":"https:\/\/api.w.org\/{rel}","templated":true}]}}