{"id":24,"date":"2020-05-15T12:47:42","date_gmt":"2020-05-15T09:47:42","guid":{"rendered":"https:\/\/www.s-c-nutrition.com\/product\/import-placeholder-for-2161\/"},"modified":"2025-12-18T17:20:53","modified_gmt":"2025-12-18T14:20:53","slug":"glutamine","status":"publish","type":"product","link":"https:\/\/www.s-c-nutrition.com\/it\/product\/glutamine\/","title":{"rendered":"Micro Glutammina KYOWA\u2122 di grado farmaceutico"},"content":{"rendered":"<div class=\"text_exposed_show\" style=\"text-align: center;\">Glutammina a rapido assorbimento per un recupero immediato dopo un allenamento impegnativo.<\/div>\n<div><\/div>\n<div class=\"text_exposed_show\" style=\"text-align: center;\">\n<p style=\"text-align: left;\"><span style=\"color: #000000;\"><strong>MicroGlutammina SCN<\/strong> \u00e8 totalmente diverso da tutti gli altri prodotti a base di L-glutammina presenti sul mercato.<\/span><\/p>\n<p style=\"text-align: left;\"><span style=\"color: #000000;\">Con un tasso di assorbimento molto rapido, un'azione molto veloce e un gusto sorprendente, vi aiuter\u00e0 a sentirvi recuperati e rilassati gi\u00e0 poche ore dopo un allenamento impegnativo.<\/span><\/p>\n<p style=\"text-align: left;\"><span style=\"color: #000000;\">Una dose massiccia di 20 g di glutammina di questo straordinario aminoacido in ogni porzione, \u00e8 tutto ci\u00f2 di cui avete bisogno per svegliarvi rilassati la mattina dopo.<\/span><\/p>\n<\/div>\n<p>&nbsp;<\/p>\n<p><span style=\"color: #000000;\">Caratteristiche:<\/span><\/p>\n<ul>\n<li><span style=\"color: #000000;\"><strong>Migliora l'atletica <span style=\"color: #ff0000;\">Prestazioni<\/span> &amp; <span style=\"color: #ff0000;\">Recupero<\/span> Dall'esercizio di resistenza<\/strong><\/span><\/li>\n<li><span style=\"color: #000000;\"><strong>Promuove <span style=\"color: #ff0000;\">Crescita muscolare<\/span> e riduce il deperimento muscolare<\/strong><\/span><\/li>\n<li><span style=\"color: #000000;\"><strong>Riduce la <span style=\"color: #ff0000;\">Lesioni<\/span> Il rischio nello sport<\/strong><\/span><\/li>\n<li><span style=\"color: #000000;\"><strong>Sostenere il <span style=\"color: #ff0000;\">Sistema immunitario<\/span> e riduce <span style=\"color: #ff0000;\">Infiammazioni\u00a0<\/span><\/strong><\/span><\/li>\n<li><span style=\"color: #000000;\"><strong>Aiuti <span style=\"color: #ff0000;\">Recupero<\/span> Pi\u00f9 veloce dopo gli infortuni e offre un <span style=\"color: #ff0000;\">Analgesico<\/span> Effetto<\/strong><\/span><\/li>\n<li><span style=\"color: #000000;\"><strong>Migliora <span style=\"color: #ff0000;\">Cervello<\/span> &amp; <span style=\"color: #ff0000;\">Gastrointestinale<\/span> Salute<\/strong><\/span><\/li>\n<\/ul>\n<p>&nbsp;<\/p>\n<p><strong>Recupero<\/strong> \u00e8 un problema molto importante per tutti gli atleti e il pi\u00f9 delle volte non \u00e8 facile da risolvere.<\/p>\n<p>Un rapido aumento dei livelli di l-glutammina nel sangue dopo l'allenamento aiuter\u00e0 l'atleta a recuperare molto velocemente.<\/p>\n<p>Quando si sceglie un integratore di L-glutammina per il recupero post-allenamento, bisogna essere certi di acquistare una L-glutammina a rapido assorbimento.<\/p>\n<p>Gli integratori e le forme di l-glutammina non sono tutti uguali.<\/p>\n<p><strong>KYOWA\u2122 L-glutammina di grado farmaceutico <\/strong>\u00e8 la forma pi\u00f9 efficace di L-glutammina presente sul mercato. Viene assorbita molto velocemente, garantendo un recupero rapido e molto efficace in poche ore.<\/p>\n<p class=\"text_exposed_show\" style=\"text-align: left;\">La glutammina \u00e8 l'aminoacido libero pi\u00f9 abbondante nell'organismo. Gli aminoacidi sono i mattoni delle proteine e il periodo successivo all'allenamento \u00e8 un momento in cui il corpo ha bisogno di costruire nuove proteine per recuperare correttamente.<\/p>\n<p>Quindi, dato che il corpo ha bisogno di questa sostanza, non si pu\u00f2 trascurare questa necessit\u00e0 e non alimentarla.<\/p>\n<p class=\"text_exposed_show\" style=\"text-align: left;\"><strong>Glutammina<\/strong> potrebbe anche aiutare il funzionamento dell'intestino, rafforzare il sistema immunitario e altri processi essenziali dell'organismo, soprattutto nei periodi di stress.<\/p>\n<p class=\"text_exposed_show\" style=\"text-align: left;\">\u00c8 anche importante per fornire \"carburante\" (azoto e carbonio) a molte cellule diverse dell'organismo ed \u00e8 per questo che pu\u00f2 agire come anticatabolico (contro il catabolismo = riduce i rifiuti del tessuto muscolare durante l'allenamento).<\/p>\n<p class=\"text_exposed_show\" style=\"text-align: left;\">Inoltre, \u00e8 necessario per produrre altre sostanze chimiche nell'organismo, come altri aminoacidi e il glucosio (zucchero).<\/p>\n<p>Poich\u00e9 aumenta i livelli di glucosio, bisogna evitare di usarlo prima o durante l'allenamento se si vogliono mantenere bassi i livelli di glucosio.<\/p>\n<h6><span style=\"color: #ffffff;\">.<\/span><\/h6>\n<hr \/>\n<div class=\"text_exposed_show\">\n<h6 class=\"text_exposed_show\" style=\"text-align: center;\"><span style=\"color: #ffffff;\">.<\/span><\/h6>\n<div class=\"text_exposed_show\">\n<p><strong>420g | Gusto Mela Verde | 85 misurini da 4g<\/strong><\/p>\n<p><strong>420g | Sapore di pesca | 85 misurini da 4g<\/strong><\/p>\n<\/div>\n<\/div>\n<p>&nbsp;<\/p>\n<div class=\"text_exposed_show\">\n<div class=\"text_exposed_show\">\n<p><strong><span style=\"color: #ff0000;\"><span style=\"text-decoration: underline;\">Indicazioni stradali<\/span>:<\/span><\/strong><\/p>\n<div>\n<p class=\"x_MsoNormal\"><strong><span style=\"color: #000000;\"><span style=\"color: #ff0000;\">Per ridurre il deperimento muscolare:<\/span>\u00a0Consumare 1 misurino (4 g) in 120 ml di acqua 10-20 minuti prima dell'allenamento e 2 misurini (8 g) durante l'allenamento.<\/span><\/strong><\/p>\n<\/div>\n<div>\n<p class=\"x_MsoNormal\"><strong><span style=\"color: #000000;\"><span style=\"color: #ff0000;\">Per recuperare:<\/span>\u00a0A seconda del peso dell'atleta e del tempo\/intensit\u00e0 di allenamento, consumare 2-6 misurini (8-24 g) in 250 ml di acqua o succo di frutta.\u00a0<u>immediatamente<\/u>\u00a0dopo l'allenamento.<\/span><\/strong><\/p>\n<\/div>\n<div>\n<p class=\"x_MsoNormal\"><strong><span style=\"color: #000000;\"><span style=\"color: #ff0000;\">Per migliorare la sintesi ormonale:<\/span> Consumare 2 misurini (8 g) in 120 ml di acqua a stomaco vuoto prima di andare a dormire.<\/span><\/strong><\/p>\n<\/div>\n<\/div>\n<\/div>\n<p>&nbsp;<\/p>\n<p><span style=\"color: #ff0000;\"><strong>ingredienti:<\/strong> <\/span>L- di grado farmaceutico micronizzato<span class=\"markuiky9ijkc\" data-markjs=\"true\">Glutammina<\/span>\u00a0(Qualit\u00e0 Kyowa<strong>\u2122<\/strong>\u00a0) 95%. Polvere aromatica ed edulcoranti: 5%<\/p>\n<p>Nota: gli integratori con un'elevata concentrazione di principi attivi e senza conservanti possono trasformarsi da polvere a forma solida. Questo \u00e8 un effetto naturale degli ingredienti che sono particolarmente sensibili all'umidit\u00e0. Cercare di consumare il prodotto 20-30 giorni dopo l'apertura. Conservare in un luogo asciutto e fresco, sempre con il coperchio ben chiuso. Non utilizzare mani o strumenti bagnati per prelevare il misurino dall'interno del tubo.<\/p>\n<p>&nbsp;<\/p>\n<p><img fetchpriority=\"high\" decoding=\"async\" class=\"aligncenter wp-image-1067 size-full\" src=\"https:\/\/www.s-c-nutrition.com\/wp-content\/uploads\/2020\/05\/SCN-together-faster-longer-harder-motivational-1.gif\" alt=\"Immagine motivazionale di S-C-Nutrition.\" width=\"948\" height=\"551\" \/><\/p>\n<hr \/>\n<p>*Questo sito web \u00e8 solo a scopo educativo e di informazione generale sulla salute. Le idee, le opinioni e i suggerimenti contenuti in questo sito web non devono sostituire la consulenza medica, la diagnosi o il trattamento da parte del medico per qualsiasi condizione o problema di salute. Gli utenti di questo sito non devono affidarsi alle informazioni in esso contenute per i propri problemi di salute. Qualsiasi domanda sulla propria salute deve essere rivolta al proprio medico. Non iniziate o sospendete alcun farmaco senza aver consultato il vostro medico. Non vi incoraggiamo a farlo, n\u00e9 possiamo essere ritenuti responsabili per le conseguenze della mancata consultazione di un medico.<\/p>\n<p>&nbsp;<\/p>","protected":false},"excerpt":{"rendered":"<div class=\"text_exposed_show\" style=\"text-align: center;\">\n<p><span style=\"color: #ffffff;\">.<\/span><\/p>\n<\/div>\n<ul>\n<li><span style=\"color: #000000;\"><strong>Migliora l'atletica <span style=\"color: #ff0000;\">Prestazioni<\/span> &amp; <span style=\"color: #ff0000;\">Recupero<\/span> Dall'esercizio di resistenza<\/strong><\/span><\/li>\n<li><span style=\"color: #000000;\"><strong>Promuove <span style=\"color: #ff0000;\">Crescita muscolare<\/span> e riduce il deperimento muscolare<\/strong><\/span><\/li>\n<li><span style=\"color: #000000;\"><strong>Riduce la <span style=\"color: #ff0000;\">Lesioni<\/span> Il rischio nello sport<\/strong><\/span><\/li>\n<li><span style=\"color: #000000;\"><strong>Sostenere il <span style=\"color: #ff0000;\">Sistema immunitario<\/span> e riduce <span style=\"color: #ff0000;\">Infiammazioni\u00a0<\/span><\/strong><\/span><\/li>\n<li><span style=\"color: #000000;\"><strong>Aiuti <span style=\"color: #ff0000;\">Recupero<\/span> Pi\u00f9 veloce dopo gli infortuni e offre un <span style=\"color: #ff0000;\">Analgesico<\/span> Effetto<\/strong><\/span><\/li>\n<li><span style=\"color: #000000;\"><strong>Migliora <span style=\"color: #ff0000;\">Cervello<\/span> &amp; <span style=\"color: #ff0000;\">Gastrointestinale<\/span> Salute<\/strong><\/span><\/li>\n<li><span style=\"color: #000000;\"><strong>85 porzioni<\/strong><\/span><\/li>\n<\/ul>","protected":false},"featured_media":8287,"template":"","meta":{"inline_featured_image":false},"product_cat":[17,20,22],"product_tag":[],"class_list":{"0":"post-24","1":"product","2":"type-product","3":"status-publish","4":"has-post-thumbnail","6":"product_cat-all-products","7":"product_cat-basic-line","8":"product_cat-recovery-anti-catabolic","9":"product_shipping_class-limited-shipping","11":"first","12":"instock","13":"purchasable","14":"product-type-variable","15":"has-default-attributes"},"_links":{"self":[{"href":"https:\/\/www.s-c-nutrition.com\/it\/wp-json\/wp\/v2\/product\/24","targetHints":{"allow":["GET"]}}],"collection":[{"href":"https:\/\/www.s-c-nutrition.com\/it\/wp-json\/wp\/v2\/product"}],"about":[{"href":"https:\/\/www.s-c-nutrition.com\/it\/wp-json\/wp\/v2\/types\/product"}],"version-history":[{"count":6,"href":"https:\/\/www.s-c-nutrition.com\/it\/wp-json\/wp\/v2\/product\/24\/revisions"}],"predecessor-version":[{"id":3455,"href":"https:\/\/www.s-c-nutrition.com\/it\/wp-json\/wp\/v2\/product\/24\/revisions\/3455"}],"wp:featuredmedia":[{"embeddable":true,"href":"https:\/\/www.s-c-nutrition.com\/it\/wp-json\/wp\/v2\/media\/8287"}],"wp:attachment":[{"href":"https:\/\/www.s-c-nutrition.com\/it\/wp-json\/wp\/v2\/media?parent=24"}],"wp:term":[{"taxonomy":"product_cat","embeddable":true,"href":"https:\/\/www.s-c-nutrition.com\/it\/wp-json\/wp\/v2\/product_cat?post=24"},{"taxonomy":"product_tag","embeddable":true,"href":"https:\/\/www.s-c-nutrition.com\/it\/wp-json\/wp\/v2\/product_tag?post=24"}],"curies":[{"name":"wp","href":"https:\/\/api.w.org\/{rel}","templated":true}]}}