{"id":332,"date":"2020-05-18T08:51:29","date_gmt":"2020-05-18T05:51:29","guid":{"rendered":"https:\/\/www.s-c-nutrition.com\/?page_id=332"},"modified":"2023-07-03T10:06:40","modified_gmt":"2023-07-03T07:06:40","slug":"privacy-policy","status":"publish","type":"page","link":"https:\/\/www.s-c-nutrition.com\/it\/privacy-policy\/","title":{"rendered":"Informativa sulla privacy"},"content":{"rendered":"<p><strong>FORZA E CONDIZIONAMENTO NUTRIZIONE<\/strong> di seguito denominato (<strong>\"SCN\", \"Noi\" o \"Nostro\".<\/strong>) \u00e8 un titolare del trattamento dei dati e come tale rispetta rigorosamente i requisiti di legge per il trattamento e la protezione dei dati personali, non condivide o divulga i dati e le informazioni personali in modo non autorizzato, garantisce la sicurezza dei dati e delle informazioni personali fornite, nonch\u00e9 fornisce informazioni trasparenti, comunicazioni e modalit\u00e0 per l'esercizio dei diritti degli interessati.<\/p>\n<h2>DEFINIZIONI<\/h2>\n<p>I termini utilizzati nella presente Informativa sulla privacy hanno lo scopo e il significato ad essi attribuiti di seguito:<\/p>\n<p><strong>\"Dati personali\" o \"Dati\"<\/strong> si intende qualsiasi informazione relativa a una persona fisica identificata o identificabile (\"interessato\"); una persona fisica identificabile pu\u00f2 essere identificata, direttamente o indirettamente, in particolare mediante riferimento a un identificativo come il nome, un numero di identificazione, dati relativi all'ubicazione, un identificativo online o a uno o pi\u00f9 fattori specifici dell'identit\u00e0 fisica, fisiologica, genetica, mentale, economica, culturale o sociale di tale persona fisica;<\/p>\n<p><strong>\"Regolamento generale sulla protezione dei dati<\/strong> significa Regolamento (UE) 2016\/679 del Parlamento europeo e del Consiglio, del 27 aprile 2016, relativo alla protezione delle persone fisiche con riguardo al trattamento dei dati personali, nonch\u00e9 alla libera circolazione di tali dati e che abroga la direttiva 95\/46\/CE (GU L 119\/35 del 4.5.2016);<\/p>\n<p><strong>\"Politica\"<\/strong> indica la presente Informativa sulla privacy;<\/p>\n<p><strong>\"Sito\" o \"Sito web\"<\/strong> indica uno qualsiasi dei domini https:\/\/www.s-c-nutrition.com di propriet\u00e0 di <strong>SCN<\/strong> e altri che potrebbero essere attivati dopo la data di entrata in vigore della presente Politica;<\/p>\n<p><strong>\"Siti\"<\/strong> indica tutti i domini di propriet\u00e0 di <strong>SCN<\/strong>.<\/p>\n<h2>SULLA POLITICA DI PROTEZIONE DEI DATI PERSONALI<\/h2>\n<p>La presente Politica ha lo scopo di informare l'utente sulle modalit\u00e0 con cui <strong>SCN<\/strong> tratta i vostri dati, compresi i dati personali che possono essere raccolti in occasione e in relazione all'accesso e\/o all'utilizzo dei Siti; le finalit\u00e0 per cui i dati vengono utilizzati; il limite di tempo per il trattamento dei vostri dati, nonch\u00e9 informarvi dei diritti che avete in qualit\u00e0 di interessati.<\/p>\n<p>La presente Informativa si applica ai dati personali che <strong>SCN<\/strong> raccolti dall'utente e\/o che l'utente fornisce volontariamente in relazione e durante la visita ai siti web di <strong>SCN<\/strong>utilizzando le sue funzionalit\u00e0 e\/o i servizi e i prodotti da esso offerti. Quando fate acquisti su questo Sito, vi chiederemo di inserire i vostri dati personali per potervi identificare, come ad esempio il vostro nome, l'indirizzo e-mail, l'indirizzo di fatturazione, l'indirizzo di consegna, la carta di credito o altre informazioni di pagamento. Al momento dell'adozione della presente Politica, SCN \u00e8 proprietaria dei seguenti domini:<\/p>\n<blockquote class=\"wp-embedded-content\" data-secret=\"aYoIR0kuBH\"><p><a href=\"https:\/\/www.s-c-nutrition.com\/it\/\" data-wpel-link=\"external\" rel=\"noopener\">Casa 1<\/a><\/p><\/blockquote>\n<p><iframe class=\"wp-embedded-content\" sandbox=\"allow-scripts\" security=\"restricted\" style=\"position: absolute; clip: rect(1px, 1px, 1px, 1px);\" title=\"&quot;Casa 1&quot; - S-C-Nutrition\" src=\"https:\/\/www.s-c-nutrition.com\/embed\/#?secret=LIwCaPAj9e#?secret=aYoIR0kuBH\" data-secret=\"aYoIR0kuBH\" width=\"600\" height=\"338\" frameborder=\"0\" marginwidth=\"0\" marginheight=\"0\" scrolling=\"no\"><\/iframe><\/p>\n<p>La politica si applica ai siti web sopra citati e ai siti web di propriet\u00e0 di <strong>SCN<\/strong>che pu\u00f2 essere attivata alla data di entrata in vigore della presente Politica. Accedendo a uno qualsiasi dei Siti, l'utente dichiara di aver letto e accettato la presente Informativa e di essere a conoscenza del suo contenuto.<\/p>\n<h2>PERCH\u00c9 ABBIAMO BISOGNO DI TRATTARE I VOSTRI DATI<\/h2>\n<p>Per garantire la funzionalit\u00e0, il lavoro e lo scopo di ciascuno dei siti web, compresi i servizi e i prodotti da essi forniti, <strong>SCN<\/strong> raccoglie, utilizza ed elabora i vostri dati.<br \/>\n<strong>SCN<\/strong> non tratta categorie speciali di dati personali che vi riguardano.<\/p>\n<h2>PRINCIPI DI TRATTAMENTO DEI DATI PERSONALI<\/h2>\n<p>I vostri dati saranno forniti a terzi solo nei casi previsti da un atto legale e\/o per un altro motivo legale, sono state introdotte misure organizzative e tecniche adeguate per il trattamento dei vostri dati. I vostri dati non saranno conservati per un periodo superiore a quello necessario per tutelare il legittimo interesse di <strong>SCN<\/strong>.<\/p>\n<p>Durante il trattamento dei dati personali, <strong>SCN<\/strong> si attiene ai seguenti principi in modo che i dati personali raccolti siano:<\/p>\n<p style=\"padding-left: 40px;\">a) trattati in modo lecito, equo e trasparente nei confronti dell'interessato (\"liceit\u00e0, equit\u00e0 e trasparenza\");<\/p>\n<p style=\"padding-left: 40px;\">b) raccolti per finalit\u00e0 determinate, esplicite e legittime, e non ulteriormente trattati in modo incompatibile con tali finalit\u00e0; l'ulteriore trattamento per finalit\u00e0 di archiviazione nel pubblico interesse, per finalit\u00e0 di ricerca scientifica o storica o per finalit\u00e0 statistiche non \u00e8 considerato, ai sensi dell'articolo 89, paragrafo 1, del Regolamento (UE) 2016\/679, incompatibile con le finalit\u00e0 iniziali (\"limitazione delle finalit\u00e0\");<\/p>\n<p style=\"padding-left: 40px;\">c) adeguati, pertinenti e limitati a quanto necessario per le finalit\u00e0 per cui sono trattati (\"minimizzazione dei dati\");<\/p>\n<p style=\"padding-left: 40px;\">d) esatti e, se necessario, aggiornati; devono essere adottate tutte le misure ragionevoli per garantire che i dati personali inesatti, tenuto conto delle finalit\u00e0 per cui sono trattati, siano cancellati o rettificati senza indugio (\"accuratezza\");<\/p>\n<p style=\"padding-left: 40px;\">e) conservati in una forma che consenta l'identificazione degli interessati per un arco di tempo non superiore a quello necessario al conseguimento delle finalit\u00e0 per le quali sono trattati; i dati personali possono essere conservati per periodi pi\u00f9 lunghi nella misura in cui saranno trattati esclusivamente per finalit\u00e0 di archiviazione nel pubblico interesse, per finalit\u00e0 di ricerca scientifica o storica o per finalit\u00e0 statistiche ai sensi dell'articolo 89, paragrafo 1, del Regolamento (UE) 2016\/679, fatta salva l'attuazione delle misure tecniche e organizzative adeguate richieste dal Regolamento (UE) 2016\/679 al fine di salvaguardare i diritti e le libert\u00e0 dell'interessato (\"limitazione della conservazione\");<\/p>\n<p style=\"padding-left: 40px;\">f) trattati in modo da garantire un'adeguata sicurezza dei dati personali, compresa la protezione da trattamenti non autorizzati o illeciti e dalla perdita, dalla distruzione o dal danneggiamento accidentali, utilizzando misure tecniche o organizzative adeguate (\"integrit\u00e0 e riservatezza\"), e<\/p>\n<p style=\"padding-left: 40px;\">g) si dovranno conservare le prove dell'adempimento degli obblighi di <strong>SCN<\/strong> derivanti dalle leggi sulla privacy in vigore.<\/p>\n<p>I vostri dati vengono trattati dalle persone incaricate di trattare i vostri dati in qualit\u00e0 di utenti e clienti dei Siti o per adempiere a un incarico specifico che comporta l'accesso e il trattamento di tali dati, in conformit\u00e0 al principio della \"Necessit\u00e0 di sapere\". I dati possono essere trattati anche da un responsabile del trattamento con cui il titolare del trattamento pu\u00f2 avere un contratto in base al quale il trattamento \u00e8 affidato nel rispetto di tutti i requisiti per la protezione dei dati personali e l'applicazione della base \"Need to Know\".<\/p>\n<h2>DATI PERSONALI TRATTATI DA SCN<\/h2>\n<p><strong>SCN<\/strong> tratta le seguenti categorie fondamentali di dati personali:<\/p>\n<p>I dati personali vengono raccolti in relazione all'accesso ai Siti senza creare un profilo utente.<\/p>\n<p>Dati personali relativi agli acquisti e alle preferenze.<\/p>\n<p>Dati personali raccolti in relazione alla registrazione per l'utilizzo dei servizi e delle funzionalit\u00e0 di https:\/\/www.s-c-nutrition.com<\/p>\n<p>Dati personali per l'esecuzione dell'acquisto: nome e cognome, dati di contatto come indirizzo di consegna, telefono, indirizzo e-mail, nazionalit\u00e0, nomi utente, password, informazioni sui metodi di pagamento.<\/p>\n<h2>FINALIT\u00c0 DEL TRATTAMENTO DEI DATI FINALIT\u00c0<\/h2>\n<p>Raccogliamo ed elaboriamo i dati personali che ci fornite in relazione all'utilizzo del negozio online https:\/\/www.s-c-nutrition.com e alla stipula di contratti con la <strong>SCN<\/strong>, compresi, ma non solo, i seguenti scopi:<\/p>\n<p style=\"padding-left: 40px;\">a) per l'individuazione dell'utente in quanto persona che si \u00e8 registrata e ha effettuato acquisti o utilizzato i servizi forniti attraverso il Sito sulla base di un accordo;<\/p>\n<p style=\"padding-left: 40px;\">b) Creazione di un account e fornitura di tutte le funzionalit\u00e0 del negozio online;<\/p>\n<p style=\"padding-left: 40px;\">c) esecuzione di ordini e consegne.<\/p>\n<p style=\"padding-left: 40px;\">d) finalit\u00e0 contabili.<\/p>\n<p style=\"padding-left: 40px;\">e) fini statistici.<\/p>\n<p style=\"padding-left: 40px;\">f) finalit\u00e0 di protezione della sicurezza delle informazioni.<\/p>\n<p style=\"padding-left: 40px;\">g) garantire l'adempimento del contratto per la fornitura dei rispettivi beni e\/o servizi.<\/p>\n<p style=\"padding-left: 40px;\">h) contattarvi - per telefono, e-mail o per inviarvi corrispondenza sui servizi offerti, compreso il marketing diretto, previo vostro esplicito consenso in tal senso;<\/p>\n<p style=\"padding-left: 40px;\">i) Adempimento di obblighi e\/o requisiti di legge, nonch\u00e9 adempimento di richieste e\/o istruzioni provenienti da organi e\/o istituzioni giudiziarie, finanziarie, assicurative, fiscali e\/o di altro tipo (ad es. Agenzia delle Entrate, Ministero dell'Interno, ecc.).<\/p>\n<p style=\"padding-left: 40px;\">j) tracciare il vostro comportamento come utenti dei Siti e fornire un servizio correlato e\/o altri scopi legittimi;<\/p>\n<p style=\"padding-left: 40px;\">k) per il controllo degli accessi e l'identificazione, sulla base del vostro consenso;<\/p>\n<p style=\"padding-left: 40px;\">l) attivit\u00e0 di gestione del vostro (o dei vostri) account, quando siete stati registrati ai Siti; attivit\u00e0 per migliorare la funzionalit\u00e0 dei Siti e dei servizi e beni forniti attraverso di essi;<\/p>\n<p style=\"padding-left: 40px;\">m) per l'amministrazione e la gestione di promozioni, concorsi, eventi, lotterie, ecc. a cui partecipate;<\/p>\n<p style=\"padding-left: 40px;\">n) altre finalit\u00e0 legittime.<\/p>\n<h2>UTILIZZO DEI \"COOKIES\"<\/h2>\n<p>L'uso dei cookie \u00e8 necessario per il funzionamento del Sito. Un cookie \u00e8 un'informazione che un sito web inserisce nel computer dell'utente. I cookie memorizzano informazioni limitate di una sessione del browser web su un determinato sito che possono essere recuperate in futuro. A volte vengono chiamati anche cookie del browser, cookie web o cookie internet.<\/p>\n<h3>Tipi di cookie<\/h3>\n<p>Esistono diversi tipi di cookie che vengono eseguiti nei moderni browser web. I diversi tipi di cookie hanno casi d'uso specifici per abilitare determinate funzionalit\u00e0.<\/p>\n<p><strong>Cookie HTTP<\/strong>. Questa \u00e8 la categoria generale dei cookie informatici utilizzati dai moderni browser web per abilitare funzionalit\u00e0 specifiche. Tutti i cookie di questo elenco, ad eccezione dei cookie flash, sono forme di cookie HTTP.<\/p>\n<p><strong>Cookie di sessione<\/strong>. Un cookie di sessione \u00e8 persistente solo mentre l'utente sta navigando o visitando un determinato sito web.<\/p>\n<p><strong>Cookie persistenti<\/strong>. Chiamati anche cookie permanenti, persistono per un periodo di tempo configurabile o fino a una certa data impostata dal server web.<\/p>\n<p><strong>Cookie di prima parte<\/strong>. Noto anche come SameSite cookie, il cookie e le informazioni in esso contenute sono limitate allo stesso sito in cui \u00e8 stato impostato.<\/p>\n<p><strong>Cookie di terze parti<\/strong>. Questi cookie non sono limitati al sito iniziale in cui sono stati creati. I cookie di terze parti consentono a entit\u00e0 diverse dal sito originale di accedervi per scopi di tracciamento e personalizzazione degli utenti.<\/p>\n<p><strong>Biscotti zombie<\/strong>. Si tratta di un tipo di cookie che persiste anche dopo che l'utente ha tentato di cancellarlo.<\/p>\n<p><strong>Cookie flash<\/strong>. Non si tratta di cookie del browser o HTTP, ma di un tipo specifico di cookie che funziona con Adobe Flash. Con il declino dell'uso di Flash, questi cookie non sono pi\u00f9 molto utilizzati.<\/p>\n<p><strong>Cookie sicuri<\/strong>. Si tratta di cookie di prima e terza parte che possono essere inviati solo attraverso connessioni HTTPS crittografate.<\/p>\n<p>Se lo desiderate, potete utilizzare le impostazioni del vostro browser per eliminare e\/o disabilitare i cookie dai Siti, o per utilizzare la speciale funzionalit\u00e0 del Sito web a tale scopo. Ulteriori informazioni in merito sono disponibili sul seguente sito web: www.allaboutcookies.org\/manage-cookies\/.<\/p>\n<p><strong>SCN<\/strong> non \u00e8 responsabile se il browser Internet utilizzato dall'utente non supporta le funzioni di controllo dell'utilizzo, compresa la mancata memorizzazione o cancellazione dei cookie salvati.<\/p>\n<h2>DIVULGAZIONE DEI DATI PERSONALI<\/h2>\n<p>I vostri dati possono essere forniti a istituzioni statali \/ autorit\u00e0 competenti per adempiere a un obbligo di legge (Commissione per la protezione dei dati personali, Ministero degli Interni, tribunale, ufficio del pubblico ministero, ecc.<\/p>\n<p>Inoltre, in alcuni casi <strong>SCN<\/strong> pu\u00f2 comunicare i dati personali ai suoi partner che forniscono prodotti e\/o servizi relativi a <strong>SCN<\/strong> o assistere <strong>SCN<\/strong> nelle sue attivit\u00e0 di marketing - in questi casi, i dati personali vengono rivelati solo per migliorare i nostri prodotti e\/o servizi.<\/p>\n<p><strong>SCN<\/strong> pu\u00f2 divulgare i vostri dati a terzi allo scopo di fornire i servizi richiesti o di completare i vostri ordini attraverso uno dei siti web <strong>SCN<\/strong> Siti - ad esempio, per completare e spedire l'ordine, i dati personali possono essere forniti a varie societ\u00e0 di spedizione, istituti bancari, ecc.<\/p>\n<p>Come regola generale, <strong>SCN<\/strong> non trasferisce i vostri dati a paesi terzi al di fuori dell'Unione Europea e dello Spazio Economico Europeo. Se tale trasferimento \u00e8 necessario, il livello di protezione dei vostri dati sar\u00e0 garantito utilizzando i meccanismi previsti dalla legislazione applicabile in materia di protezione dei dati.<\/p>\n<h2>PERIODO DI CONSERVAZIONE DEI VOSTRI DATI<\/h2>\n<p>I vostri dati sono conservati da <strong>SCN<\/strong> per un periodo massimo di 1 (uno) anno nel caso in cui l'utente receda dal contratto stipulato tra noi prima della sua esecuzione.<\/p>\n<p>I vostri dati sono conservati da <strong>SCN<\/strong> per un periodo di 5 (cinque) anni dopo la cessazione del rapporto contrattuale (completamento dell'ordine) su base generale e i documenti applicabili ai sensi della Legge sulla contabilit\u00e0 sono conservati per un periodo di 10 (dieci) anni.<\/p>\n<h2>I TUOI DIRITTI<\/h2>\n<p>Se avete fornito i vostri dati a <strong>SCN<\/strong> in base alle disposizioni della legislazione applicabile in materia di protezione dei dati, avete il diritto di essere informati su questioni relative al trattamento dei vostri dati, il diritto di accedere ai vostri dati, il diritto di correggere e integrare i dati personali raccolti o forniti da voi, anche aggiungendo una dichiarazione, il diritto di richiedere la cancellazione dei vostri dati che sono trattati da <strong>SCN<\/strong> (\"diritto all'oblio\"), diritto di limitare il trattamento dei dati, diritto alla portabilit\u00e0 dei dati, diritto di opporsi al trattamento dei dati e diritti relativi al processo decisionale individuale automatizzato, compresa la profilazione. <strong>SCN<\/strong> vi assister\u00e0 nell'esercizio dei suddetti diritti. Se \u00e8 necessaria tale assistenza, potete contattarci ai seguenti recapiti: e-mail: info@s-c-nutrition.com.<\/p>\n<p>SCN si riserva il diritto di non elaborare richieste che siano irragionevolmente duplicate, che richiedano sforzi tecnici sproporzionati o che mettano a rischio la riservatezza dei dati di altri utenti o di tali richieste.<br \/>\nL'esercizio dei vostri diritti, quando non sono ricorrenti e infondati, pu\u00f2 essere soggetto al pagamento di diritti.<\/p>\n<h2>CAMBIARE LA POLITICA<\/h2>\n<p>La presente Politica pu\u00f2 essere modificata, integrata e altrimenti aggiornata di volta in volta da SCN a sua discrezione. Eventuali modifiche alla Politica saranno pubblicate sul Sito.<\/p>\n<h2>Le informazioni che i nostri avvocati vogliono farvi sapere o Informazioni legali<\/h2>\n<h3>CHI SIAMO<\/h3>\n<p>Il nostro sito web \u00e8 gestito da STRENGTH &amp; CONDITIONING NUTRITION UK LTD, con sede e indirizzo registrato a, 63\/66 Hatton Garden, 5th Floor, Suite 23, Londra, Inghilterra, EC1N 8LE, registrata presso la Companies House del Regno Unito con il numero di registrazione 12107720, che agisce attraverso la sua affiliata STRENGTH &amp; CONDITIONING NUTRITION LTD, con sede e indirizzo registrato a, 185 Vasil Levski Street, floor 2, app. 5, 5800 Pleven, Bulgaria, iscritta al registro delle imprese e al registro delle persone giuridiche senza scopo di lucro presso l'Agenzia del Registro con il codice di identificazione uniforme (UIC) 204335891, di seguito denominata (\"STRENGTH &amp; CONDITIONING NUTRITION\", \"NOI\" o \"NOSTRO\").<br \/>\nPer contattarci, contattate il servizio clienti utilizzando il modulo di contatto sul nostro sito e il nostro team vi raggiunger\u00e0 il prima possibile.<\/p>\n<h3>LA NOSTRA PRODUZIONE<\/h3>\n<p>Per mantenere lo standard dei nostri prodotti al di sopra di tutti i concorrenti e conservare l'eccezionale qualit\u00e0 del nostro marchio, produciamo i nostri prodotti in stabilimenti all'avanguardia in Belgio, Spagna e Regno Unito, il che ci permette di mantenere le nostre promesse e di supportarvi in ogni fase del vostro viaggio per raggiungere i vostri obiettivi.<\/p>\n<h3>LOGISTICA<\/h3>\n<p>Una volta completato il ciclo di produzione, i nostri prodotti vengono spediti al nostro magazzino in Bulgaria, da dove gestiamo la distribuzione e la logistica di tutti i vostri ordini.<\/p>\n<p><strong>IL NOSTRO MARCHIO<\/strong> \u00e8 registrato presso l'Ufficio dell'Unione Europea per la Propriet\u00e0 Intellettuale e non \u00e8 consentito utilizzarlo senza la nostra preventiva approvazione scritta.<\/p>","protected":false},"excerpt":{"rendered":"<p>STRENGTH &amp; CONDITIONING NUTRITION hereinafter referred to as (\u201cSCN\u201d, \u201cWe\u201d or \u201cOur\u201d) is a data controller and as such strictly observes the statutory requirements for processing and protection of personal data, does not share or disclose personal data and information in an unauthorized manner, guarantees the security of the provided personal data and information, as [&hellip;]<\/p>\n","protected":false},"author":1,"featured_media":0,"parent":0,"menu_order":0,"comment_status":"closed","ping_status":"closed","template":"","meta":{"inline_featured_image":false,"footnotes":""},"categories":[],"tags":[],"class_list":["post-332","page","type-page","status-publish"],"_links":{"self":[{"href":"https:\/\/www.s-c-nutrition.com\/it\/wp-json\/wp\/v2\/pages\/332","targetHints":{"allow":["GET"]}}],"collection":[{"href":"https:\/\/www.s-c-nutrition.com\/it\/wp-json\/wp\/v2\/pages"}],"about":[{"href":"https:\/\/www.s-c-nutrition.com\/it\/wp-json\/wp\/v2\/types\/page"}],"author":[{"embeddable":true,"href":"https:\/\/www.s-c-nutrition.com\/it\/wp-json\/wp\/v2\/users\/1"}],"replies":[{"embeddable":true,"href":"https:\/\/www.s-c-nutrition.com\/it\/wp-json\/wp\/v2\/comments?post=332"}],"version-history":[{"count":7,"href":"https:\/\/www.s-c-nutrition.com\/it\/wp-json\/wp\/v2\/pages\/332\/revisions"}],"predecessor-version":[{"id":3218,"href":"https:\/\/www.s-c-nutrition.com\/it\/wp-json\/wp\/v2\/pages\/332\/revisions\/3218"}],"wp:attachment":[{"href":"https:\/\/www.s-c-nutrition.com\/it\/wp-json\/wp\/v2\/media?parent=332"}],"wp:term":[{"taxonomy":"category","embeddable":true,"href":"https:\/\/www.s-c-nutrition.com\/it\/wp-json\/wp\/v2\/categories?post=332"},{"taxonomy":"post_tag","embeddable":true,"href":"https:\/\/www.s-c-nutrition.com\/it\/wp-json\/wp\/v2\/tags?post=332"}],"curies":[{"name":"wp","href":"https:\/\/api.w.org\/{rel}","templated":true}]}}