{"id":3145,"date":"2023-03-23T10:39:38","date_gmt":"2023-03-23T07:39:38","guid":{"rendered":"https:\/\/www.s-c-nutrition.com\/?page_id=3145"},"modified":"2025-05-29T11:29:38","modified_gmt":"2025-05-29T08:29:38","slug":"terms-conditions-for-shipping-outside-eu-countries","status":"publish","type":"page","link":"https:\/\/www.s-c-nutrition.com\/it\/terms-conditions-for-shipping-outside-eu-countries\/","title":{"rendered":"Termini e condizioni per la spedizione al di fuori dei paesi dell'UE"},"content":{"rendered":"<h2 style=\"text-align: center;\">Spedizione in paesi terzi (Paesi non appartenenti all'Unione Europea)<\/h2>\n<p>&nbsp;<\/p>\n<p>PERSONALIZZAZIONI<\/p>\n<p>&nbsp;<\/p>\n<p>Non siamo responsabili di eventuali tasse doganali. Acquistando i nostri prodotti, accettate che i vostri pacchi possano essere tassati alla dogana del vostro paese e che, in tal caso, sarete gli unici responsabili del pagamento delle tasse.<\/p>\n<p>&nbsp;<\/p>\n<p>1. Tutti gli ordini vengono spediti dall'Europa (non dal Regno Unito).<\/p>\n<p>2. Ogni cliente deve essere a conoscenza degli oneri e delle leggi applicabili nel proprio paese per l'importazione di prodotti da paesi terzi.<\/p>\n<p>3. Un pacco non \u00e8 considerato perso se viene sequestrato dalla dogana e il cliente si rifiuta di procedere con tutte le procedure necessarie per l'importazione. Non siamo responsabili se tutto o parte dell'ordine viene sequestrato dalla dogana del paese del cliente.<\/p>\n<p>4. Un pacco non \u00e8 considerato perso se il cliente ci fornisce informazioni false (nome\/indirizzo errato, numero di telefono sbagliato, indirizzo sbagliato (citt\u00e0, codice postale, numero civico) ecc.<\/p>\n<p>5. La nostra azienda spedir\u00e0 l'ordine 1-2 giorni lavorativi dopo averlo effettuato. UPS ha bisogno di 10-15 giorni lavorativi per consegnare il pacco. Potrebbero verificarsi ritardi che non possiamo prevedere o controllare. La nostra azienda non pu\u00f2 assumersi la responsabilit\u00e0 dei ritardi di consegna che possono verificarsi da parte di UPS.<\/p>\n<p>6. Si prega di notare che la nostra azienda non pu\u00f2 accettare resi da paesi al di fuori dell'Unione Europea, in quanto i costi di restituzione sono elevati e la dogana sequestra i prodotti.<\/p>\n<p>Le dogane considerano i pacchi restituiti come prodotti fabbricati e spediti da Paesi terzi (al di fuori dell'UE) e richiedono una nuova registrazione di ogni singolo prodotto contenuto nel pacco, procedure che sono costose e richiedono 30-60 giorni.<\/p>\n<p>Ci scusiamo per gli eventuali disagi che ci\u00f2 pu\u00f2 causare e apprezziamo la vostra comprensione.<\/p>\n<p>&nbsp;<\/p>\n<p>Scegliendo \"Accetto la politica di \"Spedizione al di fuori dell'Unione Europea\"\" si accettano tutti i termini sopra indicati.<\/p>\n<p>&nbsp;<\/p>\n<p>Il tuo,<\/p>\n<p>Scnutrition Europe<\/p>\n<h2><\/h2>\n<h2>COSA SIGNIFICA PAESE NON UE<\/h2>\n<p>Per Paese non UE o Paese terzo si intende un Paese che non \u00e8 membro dell'Unione Europea, nonch\u00e9 un Paese o territorio i cui cittadini non godono del diritto di libera circolazione dell'Unione Europea.<\/p>\n<h2>PAESI DELL'UE<\/h2>\n<p>I paesi dell'UE sono:<br \/>\nAustria, Belgio, Bulgaria, Croazia, Repubblica di Cipro, Danimarca, Estonia, Finlandia, Francia, Germania, Grecia, Irlanda, Italia, Lettonia, Lituania, Lussemburgo, Malta, Paesi Bassi, Polonia, Portogallo, Romania, Slovacchia, Slovenia, Spagna, Svezia e Ungheria.<\/p>\n<h2>LO SPAZIO ECONOMICO EUROPEO (SEE)<\/h2>\n<p>Il SEE comprende i Paesi dell'UE e anche l'Islanda, il Liechtenstein e la Norvegia. Permette loro di far parte del mercato unico dell'UE.<br \/>\nLa Svizzera non \u00e8 membro dell'UE o del SEE, ma fa parte del mercato unico.<\/p>\n<h2>COSA DEVO SAPERE SE VIVO IN UN PAESE TERZO E VOGLIO ORDINARE DA STRENGTH &amp; CONDITIONING NUTRITION<\/h2>\n<p>Se vivete in un paese terzo e desiderate ordinare dal nostro sito web, non preoccupatevi: ora possiamo spedire i nostri prodotti in tutto il mondo.<br \/>\nPer le consegne a indirizzi al di fuori dell'UE, ai fini legali il cliente \u00e8 l'importatore della merce ed \u00e8 responsabile di tutte le formalit\u00e0 di importazione e di tutti i dazi, le tariffe o le tasse che possono essere addebitati dalle autorit\u00e0 doganali del suo paese. Ci\u00f2 significa che per lo sdoganamento dei prodotti potrebbero esservi addebitati dazi, tariffe o tasse secondo le aliquote vigenti nel vostro paese.<br \/>\nPrima di effettuare un ordine, contattate le autorit\u00e0 doganali locali o un agente doganale e verificate quali sono le formalit\u00e0 di importazione per i prodotti che volete importare nel vostro Paese e assicuratevi di poterle soddisfare.<\/p>\n<h2>TEMPI DI CONSEGNA<\/h2>\n<p>Il corriere UPS deve attendere 10-15 giorni lavorativi per completare la consegna dell'ordine. Di solito, i corrieri offrono il servizio di \"clearance\", quindi potreste contattarli non appena vi invieremo il numero di tracciamento del vostro ordine.<\/p>\n<h2>VARIE<\/h2>\n<p>Se non completate le formalit\u00e0 di importazione (incluso il pagamento di dazi, tariffe o tasse) rischiate che i vostri prodotti vengano sequestrati dalla dogana locale. Nel caso in cui si verifichi tale evento, si deve essere consapevoli che STRENGTH &amp; CONDITIONING NUTRITION (i) non potr\u00e0 essere ritenuta responsabile nel caso in cui una parte o la totalit\u00e0 del vostro ordine venga sequestrata dalle autorit\u00e0 doganali del vostro paese (ii) non accetter\u00e0 la restituzione di prodotti che fanno parte di ordini sequestrati, (iii) non considerer\u00e0 il pacco come \"perso\", (iv) non rimborser\u00e0 alcun ordine o non invier\u00e0 nuovamente alcun prodotto.<br \/>\nPer maggiori dettagli, leggere i nostri Termini e condizioni.<\/p>","protected":false},"excerpt":{"rendered":"<p>Shipping to third countries (Non European Union Countries) &nbsp; CUSTOMS &nbsp; We are not responsible for any customs fees. By purchasing our products, you agree that your package (s) may be taxed at your country&#8217;s customs, and that if so, you will be solely responsible for paying the fees. &nbsp; 1. All orders are dispatched [&hellip;]<\/p>\n","protected":false},"author":804,"featured_media":0,"parent":0,"menu_order":0,"comment_status":"closed","ping_status":"closed","template":"","meta":{"inline_featured_image":false,"footnotes":""},"categories":[],"tags":[],"class_list":["post-3145","page","type-page","status-publish"],"_links":{"self":[{"href":"https:\/\/www.s-c-nutrition.com\/it\/wp-json\/wp\/v2\/pages\/3145","targetHints":{"allow":["GET"]}}],"collection":[{"href":"https:\/\/www.s-c-nutrition.com\/it\/wp-json\/wp\/v2\/pages"}],"about":[{"href":"https:\/\/www.s-c-nutrition.com\/it\/wp-json\/wp\/v2\/types\/page"}],"author":[{"embeddable":true,"href":"https:\/\/www.s-c-nutrition.com\/it\/wp-json\/wp\/v2\/users\/804"}],"replies":[{"embeddable":true,"href":"https:\/\/www.s-c-nutrition.com\/it\/wp-json\/wp\/v2\/comments?post=3145"}],"version-history":[{"count":10,"href":"https:\/\/www.s-c-nutrition.com\/it\/wp-json\/wp\/v2\/pages\/3145\/revisions"}],"predecessor-version":[{"id":10655,"href":"https:\/\/www.s-c-nutrition.com\/it\/wp-json\/wp\/v2\/pages\/3145\/revisions\/10655"}],"wp:attachment":[{"href":"https:\/\/www.s-c-nutrition.com\/it\/wp-json\/wp\/v2\/media?parent=3145"}],"wp:term":[{"taxonomy":"category","embeddable":true,"href":"https:\/\/www.s-c-nutrition.com\/it\/wp-json\/wp\/v2\/categories?post=3145"},{"taxonomy":"post_tag","embeddable":true,"href":"https:\/\/www.s-c-nutrition.com\/it\/wp-json\/wp\/v2\/tags?post=3145"}],"curies":[{"name":"wp","href":"https:\/\/api.w.org\/{rel}","templated":true}]}}