{"id":49,"date":"2020-05-15T12:47:43","date_gmt":"2020-05-15T09:47:43","guid":{"rendered":"https:\/\/www.s-c-nutrition.com\/product\/import-placeholder-for-4121\/"},"modified":"2025-12-18T17:19:13","modified_gmt":"2025-12-18T14:19:13","slug":"iron-vitaminb12-supplement","status":"publish","type":"product","link":"https:\/\/www.s-c-nutrition.com\/fr\/product\/iron-vitaminb12-supplement\/","title":{"rendered":"Formule de fer et de vitamine B12 micro-encapsul\u00e9s-Microiron LipoFer\u2122"},"content":{"rendered":"<h4><span style=\"color: #000000;\"><strong>MICRO<span style=\"color: #ff0000;\">FER<\/span><\/strong><\/span><\/h4>\n<p><span style=\"color: #000000;\"><img fetchpriority=\"high\" decoding=\"async\" class=\"aligncenter wp-image-4062 size-full\" src=\"https:\/\/www.s-c-nutrition.com\/wp-content\/uploads\/2018\/12\/IMG_20181221_192837_093-e1545474221941.jpg\" alt=\"Formule de fer et de vitamine B12 microencapsul\u00e9s Microiron LipoFer\u2122 image par S-C-Nutrition.\" width=\"331\" height=\"331\" \/><br \/>\nLipoFer\u2122 est un pyrophosphate de fer liposomal microencapsul\u00e9, de Lipofoods. Le fer \u00e0 la biodisponibilit\u00e9 la plus \u00e9lev\u00e9e disponible sur le march\u00e9 des compl\u00e9ments avec 470% meilleure absorption que le second.<\/span><\/p>\n<p><span style=\"color: #000000;\"><img decoding=\"async\" class=\"alignright wp-image-3398\" src=\"https:\/\/www.s-c-nutrition.com\/wp-content\/uploads\/2018\/11\/lipofer.png\" sizes=\"(max-width: 449px) 100vw, 449px\" srcset=\"https:\/\/www.s-c-nutrition.com\/wp-content\/uploads\/2018\/11\/lipofer.png 617w, https:\/\/www.s-c-nutrition.com\/wp-content\/uploads\/2018\/11\/lipofer-300x141.png 300w, https:\/\/www.s-c-nutrition.com\/wp-content\/uploads\/2018\/11\/lipofer-570x268.png 570w\" alt=\"Lipofer absortion image by S-C-Nutrition.\" width=\"449\" height=\"211\" \/><\/span><\/p>\n<p><span style=\"color: #000000;\">SCN vous offre le meilleur, avec\u00a0<strong>Micro<span style=\"color: #ff0000;\">Le fer<\/span><\/strong>\u00a0pour combiner LipoFer, la cyanocobalamine, l'acide folique et la vitamine C, tous connus pour favoriser les processus d'h\u00e9mopo\u00ef\u00e8se (cr\u00e9ation de sang).<\/span><\/p>\n<p>&nbsp;<\/p>\n<p>&nbsp;<\/p>\n<p><span style=\"color: #000000;\">Nous avons ajout\u00e9 la concentration la plus \u00e9lev\u00e9e de tous les autres suppl\u00e9ments avec Lipofer\u2122, pour couvrir les besoins de nos athl\u00e8tes professionnels tr\u00e8s exigeants.<\/span><\/p>\n<p><span style=\"color: #000000;\">Chaque g\u00e9lule de\u00a0<strong>Micro<span style=\"color: #ff0000;\">Le fer<\/span>,\u00a0<\/strong>fournit :<\/span><\/p>\n<ul>\n<li><span style=\"color: #000000;\">LipoFer\u2122 (pyrophosphate de fer liposomal) :   20mg<\/span><\/li>\n<li><span style=\"color: #000000;\">Cyanocobalamine B12 : 100mcg<\/span><\/li>\n<li><span style=\"color: #000000;\">Vitamine C : 80 mg<\/span><\/li>\n<li><span style=\"color: #000000;\">Acide folique : 300mcg<\/span><\/li>\n<\/ul>\n<p><span style=\"color: #000000;\">Des \u00e9tudes cliniques ont prouv\u00e9 que Lipofer\u2122 augmentait la ferritine s\u00e9rique de 30% au cours des 4 premi\u00e8res semaines d'utilisation et de 80% au cours des 16 semaines d'utilisation.<\/span><\/p>\n<p><span style=\"color: #000000;\"><strong>Micro<span style=\"color: #ff0000;\">Le fer<\/span><span style=\"color: #ff0000;\">\u00a0<\/span><\/strong><\/span>Caract\u00e9ristiques :<\/p>\n<ul>\n<li>o La forme de fer la plus biodisponible<\/li>\n<li>o Ingr\u00e9dients actifs \u00e0 tr\u00e8s haute biodisponibilit\u00e9<\/li>\n<li>o Formule synergique compl\u00e8te<\/li>\n<li>o Favorise l'h\u00e9mopo\u00ef\u00e8se<\/li>\n<li>o Favorise les performances sportives et l'endurance<\/li>\n<li>o Maintient des niveaux sanguins sains<\/li>\n<li>o Augmente le taux de ferritine<\/li>\n<\/ul>\n<p>&nbsp;<\/p>\n<p><span style=\"text-decoration: underline;\"><span style=\"color: #ff0000; text-decoration: underline;\"><strong>Comment fonctionnent les liposomes ?<\/strong><\/span><\/span><\/p>\n<p><iframe title=\"Liposome : Une merveille technologique Module2.avi\" width=\"980\" height=\"551\" src=\"https:\/\/www.youtube.com\/embed\/KQA9YlhgTQc?start=55&#038;feature=oembed&#038;enablejsapi=1&#038;origin=https:\/\/www.s-c-nutrition.com\" frameborder=\"0\" allow=\"accelerometer; autoplay; clipboard-write; encrypted-media; gyroscope; picture-in-picture; web-share\" allowfullscreen><\/iframe><\/p>\n<p>&nbsp;<\/p>\n<div class=\"css-0\">\n<h5><span style=\"color: #ff0000;\">Avez-vous besoin de suppl\u00e9ments de fer ?<\/span><\/h5>\n<\/div>\n<div class=\"css-0\">\n<p><span style=\"color: #000000;\">Le fer est un min\u00e9ral vital pour votre sant\u00e9. Toutes les cellules contiennent un peu de fer, mais la majeure partie du fer pr\u00e9sent dans l'organisme se trouve dans les globules rouges. Les globules rouges transportent l'oxyg\u00e8ne des poumons vers les organes et les tissus de l'ensemble du corps.<\/span><\/p>\n<p><span style=\"color: #000000;\">Le fer joue un r\u00f4le dans la cr\u00e9ation d'\u00e9nergie \u00e0 partir des nutriments. Il contribue \u00e9galement \u00e0 la transmission des impulsions nerveuses - les signaux qui coordonnent les actions des diff\u00e9rentes parties de votre corps. Si vous avez plus de fer que n\u00e9cessaire, il est stock\u00e9 dans votre corps en vue d'une utilisation ult\u00e9rieure.<\/span><\/p>\n<p><span style=\"color: #000000;\">L'Am\u00e9ricain moyen trouve tout le fer dont il a besoin dans les aliments qu'il consomme. Toutefois, dans certaines situations et conditions, il peut s'av\u00e9rer n\u00e9cessaire d'ajouter un suppl\u00e9ment de fer \u00e0 votre r\u00e9gime alimentaire.<\/span><\/p>\n<\/div>\n<div class=\"css-0\">\n<h5><\/h5>\n<h5><span style=\"color: #ff0000;\">Vous souffrez d'an\u00e9mie ferriprive ?<\/span><\/h5>\n<\/div>\n<div class=\"css-0\">\n<p><span style=\"color: #000000;\">L'an\u00e9mie ferriprive est due \u00e0 un manque de fer dans les globules rouges. Sans des niveaux sains de fer, vos globules rouges ne peuvent pas fournir efficacement de l'oxyg\u00e8ne \u00e0 vos cellules et tissus.<\/span><\/p>\n<\/div>\n<p>&nbsp;<\/p>\n<div class=\"css-0\">\n<p><span style=\"color: #000000;\"><strong>Les sympt\u00f4mes de l'an\u00e9mie sont les suivants<\/strong><\/span><\/p>\n<ul>\n<li><span style=\"color: #000000;\">fatigue<img decoding=\"async\" class=\"alignright wp-image-4123 size-full\" src=\"https:\/\/www.s-c-nutrition.com\/wp-content\/uploads\/2019\/02\/FILE_5add8a1cd01b61.png\" alt=\"Capsule de fer, image de S-C-Nutrition.\" width=\"680\" height=\"510\" \/><\/span><\/li>\n<li><span style=\"color: #000000;\">faiblesse<\/span><\/li>\n<li><span style=\"color: #000000;\">vertiges<\/span><\/li>\n<li><span style=\"color: #000000;\">des difficult\u00e9s de concentration<\/span><\/li>\n<\/ul>\n<p><span style=\"color: #000000;\">L'an\u00e9mie ferriprive est la forme d'an\u00e9mie la plus courante aux \u00c9tats-Unis. Pr\u00e8s de cinq millions d'Am\u00e9ricains en sont atteints.<\/span><\/p>\n<\/div>\n<p>&nbsp;<\/p>\n<div class=\"css-0\">\n<p><span style=\"color: #000000;\"><strong>Les causes courantes de l'an\u00e9mie sont les suivantes<\/strong><\/span><\/p>\n<ul>\n<li><span style=\"color: #000000;\">menstruation, en particulier si le flux est abondant ou prolong\u00e9<\/span><\/li>\n<li><span style=\"color: #000000;\">l'ulc\u00e8re gastroduod\u00e9nal<\/span><\/li>\n<li><span style=\"color: #000000;\">cancer du tube digestif<\/span><\/li>\n<li><span style=\"color: #000000;\">perte de sang \u00e0 la suite d'un traumatisme ou d'un don de sang<\/span><\/li>\n<li><span style=\"color: #000000;\">saignements gastro-intestinaux dus \u00e0 l'utilisation prolong\u00e9e de m\u00e9dicaments tels que l'aspirine et l'ibuprof\u00e8ne<\/span><\/li>\n<\/ul>\n<\/div>\n<p>&nbsp;<\/p>\n<div><strong><span style=\"color: #000000;\">Vous \u00eates enceinte ?<\/span><\/strong><\/div>\n<div class=\"css-0\">\n<p><span style=\"color: #000000;\">Les femmes qui ne sont pas enceintes ou qui n'allaitent pas doivent absorber 15 \u00e0 18 milligrammes de fer par jour. Les femmes enceintes ont besoin de beaucoup plus de fer. Selon les National Institutes of Health (NIH), l'apport nutritionnel recommand\u00e9 en fer pour les femmes enceintes est de 27 milligrammes par jour.<\/span><\/p>\n<\/div>\n<div class=\"css-0\">\n<p><span style=\"color: #000000;\">Ne prenez pas deux fois plus de vitamines pr\u00e9natales si vous craignez de ne pas avoir un apport suffisant en fer. Vous risqueriez de consommer trop d'autres vitamines et de nuire \u00e0 votre b\u00e9b\u00e9. Discutez plut\u00f4t avec votre m\u00e9decin de la possibilit\u00e9 de prendre un suppl\u00e9ment de fer en m\u00eame temps que vos vitamines pr\u00e9natales.<\/span><\/p>\n<\/div>\n<p>&nbsp;<\/p>\n<div class=\"css-0\">\n<div id=\"hl-incontent-video-ad\"><\/div>\n<\/div>\n<div class=\"css-0\">\n<div><strong><span style=\"color: #000000;\">Vous avez vos r\u00e8gles ?<\/span><\/strong><\/div>\n<p><span style=\"color: #000000;\">Les menstruations \u00e9puisent les r\u00e9serves de fer. C'est pourquoi les femmes ont des taux d'an\u00e9mie plus \u00e9lev\u00e9s que les hommes. Quelques\u00a0<a class=\"content-link\" style=\"color: #000000;\" href=\"http:\/\/www.womenshealth.gov\/publications\/our-publications\/fact-sheet\/anemia.html\" target=\"_blank\" rel=\"noopener noreferrer\" data-wpel-link=\"external\">recherche<\/a>\u00a0sugg\u00e8re que l'origine ethnique est un facteur de risque d'an\u00e9mie. Il est\u00a0<a class=\"content-link\" style=\"color: #000000;\" href=\"http:\/\/www.aafp.org\/afp\/2007\/0301\/p671.html\" target=\"_blank\" rel=\"noopener noreferrer\" data-wpel-link=\"external\">estim\u00e9e<\/a>\u00a0que 19 % des femmes afro-am\u00e9ricaines et mexicaines-am\u00e9ricaines sont an\u00e9miques. Contre 9 \u00e0 12 % des femmes blanches non hispaniques.<\/span><\/p>\n<\/div>\n<p>&nbsp;<\/p>\n<p><strong><span style=\"color: #ff0000;\">Vous faites de l'exercice ?<\/span><\/strong><\/p>\n<div class=\"css-0\">\n<p><span style=\"color: #000000;\">Selon le Bureau de la sant\u00e9 des femmes, les athl\u00e8tes f\u00e9minines pr\u00e9sentent un risque accru de carence en fer. La raison exacte n'est pas connue. Les chercheurs avancent l'hypoth\u00e8se que les athl\u00e8tes pourraient avoir besoin de plus de globules rouges pour transporter l'oxyg\u00e8ne afin de pouvoir continuer \u00e0 faire de l'exercice.<\/span><\/p>\n<p><span style=\"color: #000000;\">Consultez votre m\u00e9decin si vous \u00eates tr\u00e8s actif et que vous pr\u00e9sentez des sympt\u00f4mes associ\u00e9s \u00e0 l'an\u00e9mie.<\/span><\/p>\n<\/div>\n<p><img loading=\"lazy\" decoding=\"async\" class=\"aligncenter wp-image-4124 size-full\" src=\"https:\/\/www.s-c-nutrition.com\/wp-content\/uploads\/2019\/02\/dreamstime_xxl_95237404.png\" alt=\"Cellules sanguines image par S-C-Nutrition.\" width=\"1050\" height=\"277\" \/><\/p>\n<p>&nbsp;<\/p>\n<div class=\"css-0\">\n<div><span style=\"color: #000000;\"><strong>Vous perdez r\u00e9guli\u00e8rement du sang ?<\/strong><\/span><\/div>\n<\/div>\n<div class=\"css-0\">\n<p><span style=\"color: #000000;\">Les personnes qui perdent beaucoup de sang ont souvent besoin d'un apport suppl\u00e9mentaire en fer. Les donneurs de sang r\u00e9guliers et les personnes souffrant de saignements gastro-intestinaux sont \u00e0 risque. Les saignements gastro-intestinaux peuvent \u00eatre caus\u00e9s par des m\u00e9dicaments ou des maladies telles que les ulc\u00e8res et le cancer. Il n'est pas recommand\u00e9 de donner r\u00e9guli\u00e8rement du sang si vous manquez constamment de fer.<\/span><\/p>\n<\/div>\n<p>&nbsp;<\/p>\n<div><strong style=\"color: #000000;\">Vous prenez des m\u00e9dicaments qui appauvrissent le fer ?<\/strong><\/div>\n<div class=\"css-0\">\n<p><span style=\"color: #000000;\">Certains m\u00e9dicaments peuvent interf\u00e9rer avec la capacit\u00e9 de l'organisme \u00e0 absorber le fer. Les m\u00e9dicaments qui peuvent \u00e9puiser le fer sont les suivants :<\/span><\/p>\n<ul>\n<li><span style=\"color: #000000;\">les quinolones, une famille d'antibiotiques qui comprend la ciprofloxacine (Cipro) et la l\u00e9vofloxacine (Levaquin)<\/span><\/li>\n<li><span style=\"color: #000000;\">t\u00e9tracycline (Panmycine)<\/span><\/li>\n<li><span style=\"color: #000000;\">la ranitidine (Zantac) et l'om\u00e9prazole (Prilosec) en cas d'ulc\u00e8res, de br\u00fblures d'estomac et d'autres probl\u00e8mes gastriques<\/span><\/li>\n<li><span style=\"color: #000000;\">les inhibiteurs de l'enzyme de conversion de l'angiotensine (ECA) pour l'hypertension art\u00e9rielle<\/span><\/li>\n<li><span style=\"color: #000000;\">colestipol (Colestid) et cholestyramine (Prevalite) pour les s\u00e9questrants d'acides biliaires hypocholest\u00e9rol\u00e9miants<\/span><\/li>\n<\/ul>\n<p><span style=\"color: #000000;\">Si vous craignez que l'un de vos m\u00e9dicaments ne provoque une an\u00e9mie, consultez votre m\u00e9decin. Mais n'arr\u00eatez pas de prendre un m\u00e9dicament \u00e0 moins qu'on ne vous le demande express\u00e9ment.<\/span><\/p>\n<\/div>\n<p>&nbsp;<\/p>\n<div class=\"css-0\">\n<div><strong><span style=\"color: #000000;\">A retenir<\/span><\/strong><\/div>\n<p><span style=\"color: #000000;\">La plupart des personnes r\u00e9agissent bien \u00e0 la prise de suppl\u00e9ments de fer, disponibles sous forme de g\u00e9lules. Certaines personnes dont le taux de fer est tr\u00e8s bas peuvent avoir besoin de fer par voie intraveineuse.<\/span><\/p>\n<p><span style=\"color: #000000;\">L'id\u00e9al est de prendre les suppl\u00e9ments de fer \u00e0 jeun, car la nourriture peut diminuer la quantit\u00e9 de fer absorb\u00e9e par l'organisme. Prendre des suppl\u00e9ments de fer avec des aliments ou des boissons contenant de la vitamine C aidera votre corps \u00e0 absorber le fer.<\/span><\/p>\n<p><span style=\"color: #000000;\">Veillez \u00e0 ne prendre que la dose de fer recommand\u00e9e. Un exc\u00e8s peut \u00eatre toxique, en particulier pour les enfants. Consultez votre m\u00e9decin pour savoir pendant combien de temps vous devez prendre un suppl\u00e9ment de fer.<\/span><\/p>\n<p>&nbsp;<\/p>\n<\/div>\n<p><span style=\"color: #000000;\"><strong>Informations sur le produit :<\/strong><\/span><\/p>\n<p><span style=\"color: #000000;\">Chaque emballage contient 30 g\u00e9lules.<\/span><\/p>\n<table>\n<tbody>\n<tr>\n<td width=\"277\">Ingr\u00e9dient<\/td>\n<td width=\"277\">Pour 1 g\u00e9lule<\/td>\n<\/tr>\n<tr>\n<td width=\"277\">LipoFer\u2122 (pyrophosphate de fer liposomal micoencapsul\u00e9)<\/td>\n<td width=\"277\">20 mg<\/td>\n<\/tr>\n<tr>\n<td width=\"277\">Vitamine B<sub>12<\/sub> (cyanocobalamine)<\/td>\n<td width=\"277\">1000mcg<\/td>\n<\/tr>\n<tr>\n<td width=\"277\">Vitamine C<\/td>\n<td width=\"277\">80 mg<\/td>\n<\/tr>\n<tr>\n<td width=\"277\">Acide folique<\/td>\n<td width=\"277\">300mcg<\/td>\n<\/tr>\n<\/tbody>\n<\/table>\n<p>Autres ingr\u00e9dients : St\u00e9arate de magn\u00e9sium, dioxyde de silicium.<\/p>\n<p><span style=\"color: #ff0000;\"><strong>Utilisation sugg\u00e9r\u00e9e :<\/strong><\/span><\/p>\n<p><span style=\"color: #000000;\">Consommer 1 g\u00e9lule au cours d'un repas par jour.<\/span><\/p>\n<p>&nbsp;<\/p>\n<p><img loading=\"lazy\" decoding=\"async\" class=\"aligncenter wp-image-1067 size-full\" src=\"https:\/\/www.s-c-nutrition.com\/wp-content\/uploads\/2020\/05\/SCN-together-faster-longer-harder-motivational-1.gif\" alt=\"Image de motivation par S-C-Nutrition.\" width=\"948\" height=\"551\" \/><\/p>\n<p><span style=\"color: #000000;\">*Ce site web est uniquement destin\u00e9 \u00e0 l'\u00e9ducation et \u00e0 l'information g\u00e9n\u00e9rale sur la sant\u00e9. Les id\u00e9es, opinions et suggestions contenues dans ce site ne doivent pas se substituer \u00e0 un avis m\u00e9dical, un diagnostic ou un traitement de votre m\u00e9decin pour tout \u00e9tat ou probl\u00e8me de sant\u00e9. Les utilisateurs de ce site web ne doivent pas se fier aux informations fournies sur ce site pour leurs propres probl\u00e8mes de sant\u00e9. Toute question concernant votre propre sant\u00e9 doit \u00eatre adress\u00e9e \u00e0 votre m\u00e9decin. Ne commencez pas ou n'arr\u00eatez pas de prendre des m\u00e9dicaments sans consulter votre m\u00e9decin. Nous ne vous encourageons pas \u00e0 le faire et nous ne pouvons \u00eatre tenus responsables des cons\u00e9quences de l'absence de consultation d'un m\u00e9decin.<\/span><\/p>\n<p>&nbsp;<\/p>","protected":false},"excerpt":{"rendered":"<p><span style=\"color: #000000;\"><span style=\"color: #000000;\">\u00a0<\/span><strong><span style=\"color: #000000;\">Micro<\/span><span style=\"color: #ff0000;\">Le fer<\/span><span style=\"color: #ff0000;\"><span style=\"color: #000000;\">\u00a0<\/span><\/span><\/strong><\/span>Caract\u00e9ristiques :<\/p>\n<ul>\n<li>o La forme de fer la plus biodisponible<\/li>\n<li>o Ingr\u00e9dients actifs \u00e0 tr\u00e8s haute biodisponibilit\u00e9<\/li>\n<li>o Formule synergique compl\u00e8te<\/li>\n<li>o Favorise l'h\u00e9mopo\u00ef\u00e8se<\/li>\n<li>o Favorise les performances sportives et l'endurance<\/li>\n<li>o Maintient des niveaux sanguins sains<\/li>\n<li>o Augmente le taux de ferritine<\/li>\n<\/ul>","protected":false},"featured_media":122,"template":"","meta":{"inline_featured_image":false},"product_cat":[17,20,38,39],"product_tag":[228],"class_list":{"0":"post-49","1":"product","2":"type-product","3":"status-publish","4":"has-post-thumbnail","6":"product_cat-all-products","7":"product_cat-basic-line","8":"product_cat-health-wellbeing","9":"product_cat-sport-line","10":"product_tag-multi-buy-products","11":"product_shipping_class-limited-shipping","13":"first","14":"outofstock","15":"sale","16":"featured","17":"shipping-taxable","18":"purchasable","19":"product-type-variable"},"_links":{"self":[{"href":"https:\/\/www.s-c-nutrition.com\/fr\/wp-json\/wp\/v2\/product\/49","targetHints":{"allow":["GET"]}}],"collection":[{"href":"https:\/\/www.s-c-nutrition.com\/fr\/wp-json\/wp\/v2\/product"}],"about":[{"href":"https:\/\/www.s-c-nutrition.com\/fr\/wp-json\/wp\/v2\/types\/product"}],"version-history":[{"count":7,"href":"https:\/\/www.s-c-nutrition.com\/fr\/wp-json\/wp\/v2\/product\/49\/revisions"}],"predecessor-version":[{"id":3612,"href":"https:\/\/www.s-c-nutrition.com\/fr\/wp-json\/wp\/v2\/product\/49\/revisions\/3612"}],"wp:featuredmedia":[{"embeddable":true,"href":"https:\/\/www.s-c-nutrition.com\/fr\/wp-json\/wp\/v2\/media\/122"}],"wp:attachment":[{"href":"https:\/\/www.s-c-nutrition.com\/fr\/wp-json\/wp\/v2\/media?parent=49"}],"wp:term":[{"taxonomy":"product_cat","embeddable":true,"href":"https:\/\/www.s-c-nutrition.com\/fr\/wp-json\/wp\/v2\/product_cat?post=49"},{"taxonomy":"product_tag","embeddable":true,"href":"https:\/\/www.s-c-nutrition.com\/fr\/wp-json\/wp\/v2\/product_tag?post=49"}],"curies":[{"name":"wp","href":"https:\/\/api.w.org\/{rel}","templated":true}]}}