{"id":24,"date":"2020-05-15T12:47:42","date_gmt":"2020-05-15T09:47:42","guid":{"rendered":"https:\/\/www.s-c-nutrition.com\/product\/import-placeholder-for-2161\/"},"modified":"2025-12-18T17:20:53","modified_gmt":"2025-12-18T14:20:53","slug":"glutamine","status":"publish","type":"product","link":"https:\/\/www.s-c-nutrition.com\/fr\/product\/glutamine\/","title":{"rendered":"Micro Glutamine KYOWA\u2122 de qualit\u00e9 pharmaceutique"},"content":{"rendered":"<div class=\"text_exposed_show\" style=\"text-align: center;\">Glutamine \u00e0 absorption rapide pour une r\u00e9cup\u00e9ration instantan\u00e9e apr\u00e8s un entra\u00eenement exigeant.<\/div>\n<div><\/div>\n<div class=\"text_exposed_show\" style=\"text-align: center;\">\n<p style=\"text-align: left;\"><span style=\"color: #000000;\"><strong>MicroGlutamine de SCN<\/strong> est totalement diff\u00e9rent de tous les autres produits de L- Glutamine sur le march\u00e9.<\/span><\/p>\n<p style=\"text-align: left;\"><span style=\"color: #000000;\">Avec un taux d'absorption tr\u00e8s rapide, une action tr\u00e8s rapide, un go\u00fbt \u00e9tonnant, il vous aidera \u00e0 vous sentir r\u00e9tabli et d\u00e9tendu quelques heures seulement apr\u00e8s votre entra\u00eenement exigeant.<\/span><\/p>\n<p style=\"text-align: left;\"><span style=\"color: #000000;\">Un dosage massif de 20 g de glutamine, cet acide amin\u00e9 extraordinaire, dans chaque portion, est tout ce dont vous avez besoin pour vous r\u00e9veiller d\u00e9tendu le lendemain matin.<\/span><\/p>\n<\/div>\n<p>&nbsp;<\/p>\n<p><span style=\"color: #000000;\">Caract\u00e9ristiques :<\/span><\/p>\n<ul>\n<li><span style=\"color: #000000;\"><strong>Am\u00e9liore l'athl\u00e9tisme <span style=\"color: #ff0000;\">Performance<\/span> &amp; <span style=\"color: #ff0000;\">R\u00e9cup\u00e9ration<\/span> De l'exercice d'endurance<\/strong><\/span><\/li>\n<li><span style=\"color: #000000;\"><strong>Favorise <span style=\"color: #ff0000;\">Croissance musculaire<\/span> &amp; R\u00e9duit la fonte musculaire<\/strong><\/span><\/li>\n<li><span style=\"color: #000000;\"><strong>R\u00e9duit la <span style=\"color: #ff0000;\">Blessures<\/span> Le risque dans le sport<\/strong><\/span><\/li>\n<li><span style=\"color: #000000;\"><strong>Soutenir le <span style=\"color: #ff0000;\">Syst\u00e8me immunitaire<\/span> &amp; R\u00e9duit <span style=\"color: #ff0000;\">Inflammations\u00a0<\/span><\/strong><\/span><\/li>\n<li><span style=\"color: #000000;\"><strong>Aide <span style=\"color: #ff0000;\">R\u00e9cup\u00e9rer<\/span> Plus vite apr\u00e8s les blessures et offre une <span style=\"color: #ff0000;\">Analg\u00e9sique<\/span> Effet<\/strong><\/span><\/li>\n<li><span style=\"color: #000000;\"><strong>Am\u00e9liore <span style=\"color: #ff0000;\">Cerveau<\/span> &amp; <span style=\"color: #ff0000;\">Gastro-intestinal<\/span> Sant\u00e9<\/strong><\/span><\/li>\n<\/ul>\n<p>&nbsp;<\/p>\n<p><strong>R\u00e9cup\u00e9ration<\/strong> est une question tr\u00e8s importante pour tous les athl\u00e8tes et, la plupart du temps, elle n'est pas facile \u00e0 r\u00e9soudre.<\/p>\n<p>Une augmentation rapide des niveaux de l-glutamine dans le sang apr\u00e8s l'entra\u00eenement aidera l'athl\u00e8te \u00e0 r\u00e9cup\u00e9rer tr\u00e8s rapidement.<\/p>\n<p>Lorsque vous choisissez un suppl\u00e9ment de L-glutamine pour votre r\u00e9cup\u00e9ration post-entra\u00eenement, vous devez vous assurer d'acheter une L-glutamine \u00e0 absorption rapide.<\/p>\n<p>Tous les suppl\u00e9ments et formes de l-glutamine ne sont pas identiques.<\/p>\n<p><strong>KYOWA\u2122 L- Glutamine de qualit\u00e9 pharmaceutique <\/strong>est la forme de L- Glutamine la plus efficace du march\u00e9. Elle est absorb\u00e9e tr\u00e8s rapidement, ce qui permet une r\u00e9cup\u00e9ration rapide et tr\u00e8s efficace en quelques heures.<\/p>\n<p class=\"text_exposed_show\" style=\"text-align: left;\">La glutamine est l'acide amin\u00e9 libre le plus abondant dans le corps. Les acides amin\u00e9s sont les \u00e9l\u00e9ments constitutifs des prot\u00e9ines et, apr\u00e8s l'entra\u00eenement, l'organisme a besoin de construire de nouvelles prot\u00e9ines pour r\u00e9cup\u00e9rer correctement.<\/p>\n<p>Ainsi, comme votre corps en a besoin, vous ne pouvez pas n\u00e9gliger ce besoin et ne pas l'alimenter.<\/p>\n<p class=\"text_exposed_show\" style=\"text-align: left;\"><strong>Glutamine<\/strong> pourrait \u00e9galement contribuer au bon fonctionnement de l'intestin, au renforcement du syst\u00e8me immunitaire et \u00e0 d'autres processus essentiels de l'organisme, en particulier en p\u00e9riode de stress.<\/p>\n<p class=\"text_exposed_show\" style=\"text-align: left;\">Elle est \u00e9galement importante pour fournir du \"carburant\" (azote et carbone) \u00e0 de nombreuses cellules de l'organisme et c'est pourquoi elle peut agir comme un anti-catabolique (contre le catabolisme = r\u00e9duit les d\u00e9chets du tissu musculaire pendant l'entra\u00eenement).<\/p>\n<p class=\"text_exposed_show\" style=\"text-align: left;\">Il est \u00e9galement n\u00e9cessaire pour fabriquer d'autres substances chimiques dans l'organisme, telles que d'autres acides amin\u00e9s et le glucose (sucre).<\/p>\n<p>Comme il augmente le taux de glucose, vous devez \u00e9viter de l'utiliser avant ou pendant l'entra\u00eenement si vous voulez maintenir votre taux de glucose \u00e0 un niveau bas.<\/p>\n<h6><span style=\"color: #ffffff;\">.<\/span><\/h6>\n<hr \/>\n<div class=\"text_exposed_show\">\n<h6 class=\"text_exposed_show\" style=\"text-align: center;\"><span style=\"color: #ffffff;\">.<\/span><\/h6>\n<div class=\"text_exposed_show\">\n<p><strong>420g | Saveur pomme verte | 85 mesures de 4g<\/strong><\/p>\n<p><strong>420g | Ar\u00f4me p\u00eache | 85 boules de 4g<\/strong><\/p>\n<\/div>\n<\/div>\n<p>&nbsp;<\/p>\n<div class=\"text_exposed_show\">\n<div class=\"text_exposed_show\">\n<p><strong><span style=\"color: #ff0000;\"><span style=\"text-decoration: underline;\">Directions<\/span>:<\/span><\/strong><\/p>\n<div>\n<p class=\"x_MsoNormal\"><strong><span style=\"color: #000000;\"><span style=\"color: #ff0000;\">R\u00e9duire la fonte musculaire :<\/span>\u00a0Consommer 1 mesure (4g) dans 120ml d'eau 10-20min avant l'entra\u00eenement et 2 mesures (8g) pendant l'entra\u00eenement.<\/span><\/strong><\/p>\n<\/div>\n<div>\n<p class=\"x_MsoNormal\"><strong><span style=\"color: #000000;\"><span style=\"color: #ff0000;\">Pour r\u00e9cup\u00e9rer :<\/span>\u00a0En fonction du poids de l'athl\u00e8te et de la dur\u00e9e\/intensit\u00e9 de l'entra\u00eenement, consommer 2 \u00e0 6 mesures (8 \u00e0 24 g) dans 250 ml d'eau ou de jus.\u00a0<u>imm\u00e9diatement<\/u>\u00a0apr\u00e8s l'entra\u00eenement.<\/span><\/strong><\/p>\n<\/div>\n<div>\n<p class=\"x_MsoNormal\"><strong><span style=\"color: #000000;\"><span style=\"color: #ff0000;\">Am\u00e9liorer la synth\u00e8se des hormones :<\/span> Consommer 2 mesures (8g) dans 120ml d'eau \u00e0 jeun avant le coucher.<\/span><\/strong><\/p>\n<\/div>\n<\/div>\n<\/div>\n<p>&nbsp;<\/p>\n<p><span style=\"color: #ff0000;\"><strong>ingr\u00e9dients :<\/strong> <\/span>L- Micronis\u00e9 de qualit\u00e9 pharmaceutique<span class=\"markuiky9ijkc\" data-markjs=\"true\">Glutamine<\/span>\u00a0(Qualit\u00e9 Kyowa<strong>\u2122<\/strong>\u00a0) 95%. Ar\u00f4mes en poudre et \u00e9dulcorants : 5%<\/p>\n<p>Note : Les compl\u00e9ments \u00e0 forte concentration en ingr\u00e9dients actifs et sans conservateurs peuvent passer de la forme poudreuse \u00e0 la forme solide. Il s'agit d'un effet naturel des ingr\u00e9dients qui sont tr\u00e8s sensibles \u00e0 l'humidit\u00e9. Essayez de consommer le produit 20-30 jours apr\u00e8s ouverture. Conserver dans un endroit sec et frais, toujours avec le couvercle bien ferm\u00e9. Ne pas utiliser de mains ou d'outils mouill\u00e9s pour pr\u00e9lever la dose \u00e0 l'int\u00e9rieur du tube.<\/p>\n<p>&nbsp;<\/p>\n<p><img fetchpriority=\"high\" decoding=\"async\" class=\"aligncenter wp-image-1067 size-full\" src=\"https:\/\/www.s-c-nutrition.com\/wp-content\/uploads\/2020\/05\/SCN-together-faster-longer-harder-motivational-1.gif\" alt=\"Image de motivation par S-C-Nutrition.\" width=\"948\" height=\"551\" \/><\/p>\n<hr \/>\n<p>*Ce site web est uniquement destin\u00e9 \u00e0 l'\u00e9ducation et \u00e0 l'information g\u00e9n\u00e9rale sur la sant\u00e9. Les id\u00e9es, opinions et suggestions contenues dans ce site ne doivent pas se substituer \u00e0 un avis m\u00e9dical, un diagnostic ou un traitement de votre m\u00e9decin pour tout \u00e9tat ou probl\u00e8me de sant\u00e9. Les utilisateurs de ce site web ne doivent pas se fier aux informations fournies sur ce site pour leurs propres probl\u00e8mes de sant\u00e9. Toute question concernant votre propre sant\u00e9 doit \u00eatre adress\u00e9e \u00e0 votre m\u00e9decin. Ne commencez pas ou n'arr\u00eatez pas de prendre des m\u00e9dicaments sans consulter votre m\u00e9decin. Nous ne vous encourageons pas \u00e0 le faire et nous ne pouvons \u00eatre tenus responsables des cons\u00e9quences de l'absence de consultation d'un m\u00e9decin.<\/p>\n<p>&nbsp;<\/p>","protected":false},"excerpt":{"rendered":"<div class=\"text_exposed_show\" style=\"text-align: center;\">\n<p><span style=\"color: #ffffff;\">.<\/span><\/p>\n<\/div>\n<ul>\n<li><span style=\"color: #000000;\"><strong>Am\u00e9liore l'athl\u00e9tisme <span style=\"color: #ff0000;\">Performance<\/span> &amp; <span style=\"color: #ff0000;\">R\u00e9cup\u00e9ration<\/span> De l'exercice d'endurance<\/strong><\/span><\/li>\n<li><span style=\"color: #000000;\"><strong>Favorise <span style=\"color: #ff0000;\">Croissance musculaire<\/span> &amp; R\u00e9duit la fonte musculaire<\/strong><\/span><\/li>\n<li><span style=\"color: #000000;\"><strong>R\u00e9duit la <span style=\"color: #ff0000;\">Blessures<\/span> Le risque dans le sport<\/strong><\/span><\/li>\n<li><span style=\"color: #000000;\"><strong>Soutenir le <span style=\"color: #ff0000;\">Syst\u00e8me immunitaire<\/span> &amp; R\u00e9duit <span style=\"color: #ff0000;\">Inflammations\u00a0<\/span><\/strong><\/span><\/li>\n<li><span style=\"color: #000000;\"><strong>Aide <span style=\"color: #ff0000;\">R\u00e9cup\u00e9rer<\/span> Plus vite apr\u00e8s les blessures et offre une <span style=\"color: #ff0000;\">Analg\u00e9sique<\/span> Effet<\/strong><\/span><\/li>\n<li><span style=\"color: #000000;\"><strong>Am\u00e9liore <span style=\"color: #ff0000;\">Cerveau<\/span> &amp; <span style=\"color: #ff0000;\">Gastro-intestinal<\/span> Sant\u00e9<\/strong><\/span><\/li>\n<li><span style=\"color: #000000;\"><strong>85 portions<\/strong><\/span><\/li>\n<\/ul>","protected":false},"featured_media":8287,"template":"","meta":{"inline_featured_image":false},"product_cat":[17,20,22],"product_tag":[],"class_list":{"0":"post-24","1":"product","2":"type-product","3":"status-publish","4":"has-post-thumbnail","6":"product_cat-all-products","7":"product_cat-basic-line","8":"product_cat-recovery-anti-catabolic","9":"product_shipping_class-limited-shipping","11":"first","12":"instock","13":"purchasable","14":"product-type-variable","15":"has-default-attributes"},"_links":{"self":[{"href":"https:\/\/www.s-c-nutrition.com\/fr\/wp-json\/wp\/v2\/product\/24","targetHints":{"allow":["GET"]}}],"collection":[{"href":"https:\/\/www.s-c-nutrition.com\/fr\/wp-json\/wp\/v2\/product"}],"about":[{"href":"https:\/\/www.s-c-nutrition.com\/fr\/wp-json\/wp\/v2\/types\/product"}],"version-history":[{"count":6,"href":"https:\/\/www.s-c-nutrition.com\/fr\/wp-json\/wp\/v2\/product\/24\/revisions"}],"predecessor-version":[{"id":3455,"href":"https:\/\/www.s-c-nutrition.com\/fr\/wp-json\/wp\/v2\/product\/24\/revisions\/3455"}],"wp:featuredmedia":[{"embeddable":true,"href":"https:\/\/www.s-c-nutrition.com\/fr\/wp-json\/wp\/v2\/media\/8287"}],"wp:attachment":[{"href":"https:\/\/www.s-c-nutrition.com\/fr\/wp-json\/wp\/v2\/media?parent=24"}],"wp:term":[{"taxonomy":"product_cat","embeddable":true,"href":"https:\/\/www.s-c-nutrition.com\/fr\/wp-json\/wp\/v2\/product_cat?post=24"},{"taxonomy":"product_tag","embeddable":true,"href":"https:\/\/www.s-c-nutrition.com\/fr\/wp-json\/wp\/v2\/product_tag?post=24"}],"curies":[{"name":"wp","href":"https:\/\/api.w.org\/{rel}","templated":true}]}}