{"id":20,"date":"2020-05-15T12:47:42","date_gmt":"2020-05-15T09:47:42","guid":{"rendered":"https:\/\/www.s-c-nutrition.com\/product\/import-placeholder-for-1542\/"},"modified":"2025-12-18T17:23:50","modified_gmt":"2025-12-18T14:23:50","slug":"scn-cycling-bottle-750ml","status":"publish","type":"product","link":"https:\/\/www.s-c-nutrition.com\/fr\/product\/scn-cycling-bottle-750ml\/","title":{"rendered":"SCN\u2122 Cycling Bottle 750ml"},"content":{"rendered":"<p><img fetchpriority=\"high\" decoding=\"async\" class=\"aligncenter wp-image-5197 size-full\" src=\"https:\/\/www.s-c-nutrition.com\/wp-content\/uploads\/2019\/12\/capsmain-2.jpg\" alt=\"SCN\u2122 cycling bottle 750ml caps image by S-C-Nutrition.\" width=\"450\" height=\"299\" \/><\/p>\n<p>&nbsp;<\/p>\n<p><strong>SCNutrition<\/strong> vous apporte un type unique de bouteille Cycling, en format 750ml, pour vous accompagner dans toutes vos activit\u00e9s sportives.<\/p>\n<p>Vous pouvez choisir parmi 8 couleurs de bouchon diff\u00e9rentes et assortir votre bouteille de sport \u00e0 n'importe quel autre accessoire.<\/p>\n<p>Ces nouvelles petites bouteilles sont le meilleur choix lorsque vous souhaitez les utiliser pour le cyclisme et le triathlon ou lorsque vous avez besoin d'une grande bouteille de sport pour l'eau ou les suppl\u00e9ments.<\/p>\n<p>&nbsp;<\/p>\n<p>&nbsp;<\/p>\n<p style=\"text-align: center;\"><img decoding=\"async\" class=\"alignleft wp-image-2336 size-medium\" src=\"https:\/\/www.s-c-nutrition.com\/wp-content\/uploads\/2017\/04\/logo-BPA-free-600x600-300x300.png\" alt=\"Image sans BPA par S-C-Nutrition.\" width=\"300\" height=\"300\" \/><strong>Plastique sans BPA (plastique non toxique)<\/strong><\/p>\n<h3 style=\"text-align: center;\">Pas de plastique <span style=\"font-size: 18.72px;\">saveur<\/span> \u00e0 vos boissons<\/h3>\n<h3 style=\"text-align: center;\"><strong>750ml - Convient \u00e0 la plupart des porte-bouteilles de v\u00e9lo<\/strong><\/h3>\n<h2>Bouteille de sport 750ml<\/h2>\n<p>Notre bouteille de sport de 750 ml est id\u00e9ale pour les athl\u00e8tes assoiff\u00e9s parmi nous. Cette bouteille est tr\u00e8s populaire dans les salles de sport, les clubs de football\/rugby\/tennis\/squash et les \u00e9v\u00e9nements sportifs organis\u00e9s par les entreprises.<\/p>\n<p>Cette bouteille pr\u00e9sente les caract\u00e9ristiques suivantes :<\/p>\n<ul>\n<li>Capacit\u00e9 de 750 ml.<\/li>\n<li>La valve unidirectionnelle \u00e9limine le risque d'\u00e9touffement en bloquant l'\u00e9coulement excessif du liquide.<\/li>\n<li>\u00c9vite la contamination crois\u00e9e gr\u00e2ce \u00e0 la mise en place d'un m\u00e9canisme de valve unidirectionnelle dans le bouchon.<\/li>\n<li>Points de pr\u00e9hension antid\u00e9rapants.<\/li>\n<li>Fabriqu\u00e9 dans la plus haute qualit\u00e9 \"alimentaire\".\u00a0<u>LDPE<\/u>\u00a0plastique.<\/li>\n<li><u>BPA<\/u>\u00a0Gratuit.<\/li>\n<\/ul>\n<p>Cette bouteille et son bouchon sont disponibles dans une vari\u00e9t\u00e9 de <u>couleurs<\/u>\u00a0pour r\u00e9pondre \u00e0 vos besoins.<\/p>\n<p><img decoding=\"async\" class=\"aligncenter wp-image-5167 size-full\" src=\"https:\/\/www.s-c-nutrition.com\/wp-content\/uploads\/2017\/02\/healthyschools.gif\" alt=\"Image d&#039;\u00e9coles saines par S-C-Nutrition.\" width=\"93\" height=\"59\" \/> <img loading=\"lazy\" decoding=\"async\" class=\"aligncenter wp-image-5168 size-full\" src=\"https:\/\/www.s-c-nutrition.com\/wp-content\/uploads\/2017\/02\/bpafree.jpg\" alt=\"Image sans BPA par S-C-Nutrition.\" width=\"96\" height=\"83\" \/> <img loading=\"lazy\" decoding=\"async\" class=\"aligncenter wp-image-5169 size-full\" src=\"https:\/\/www.s-c-nutrition.com\/wp-content\/uploads\/2017\/02\/recycle.jpg\" alt=\"Image de recyclage par S-C-Nutrition.\" width=\"48\" height=\"48\" \/><\/p>\n<hr \/>\n<p>*Ce site web est uniquement destin\u00e9 \u00e0 l'\u00e9ducation et \u00e0 l'information g\u00e9n\u00e9rale sur la sant\u00e9. Les id\u00e9es, opinions et suggestions contenues dans ce site ne doivent pas se substituer \u00e0 un avis m\u00e9dical, un diagnostic ou un traitement de votre m\u00e9decin pour tout \u00e9tat ou probl\u00e8me de sant\u00e9. Les utilisateurs de ce site web ne doivent pas se fier aux informations fournies sur ce site pour leurs propres probl\u00e8mes de sant\u00e9. Toute question concernant votre propre sant\u00e9 doit \u00eatre adress\u00e9e \u00e0 votre m\u00e9decin. Ne commencez pas ou n'arr\u00eatez pas de prendre des m\u00e9dicaments sans consulter votre m\u00e9decin. Nous ne vous encourageons pas \u00e0 le faire et nous ne pouvons \u00eatre tenus responsables des cons\u00e9quences de l'absence de consultation d'un m\u00e9decin.<\/p>","protected":false},"excerpt":{"rendered":"<hr \/>\n<h2 style=\"text-align: center;\"><span style=\"color: #ff0000;\"><strong>Plastique sans BPA (plastique non toxique)<\/strong><\/span><\/h2>\n<hr \/>\n<h2 style=\"text-align: center;\"><span style=\"color: #ff0000;\"><strong>Pas de go\u00fbt de plastique dans vos boissons<\/strong><\/span><\/h2>\n<hr \/>\n<h2 style=\"text-align: center;\"><span style=\"color: #ff0000;\"><strong>750ml - Convient \u00e0 la plupart des porte-bouteilles de v\u00e9lo<\/strong><\/span><\/h2>\n<hr \/>\n<p>&nbsp;<\/p>","protected":false},"featured_media":50,"template":"","meta":{"inline_featured_image":false},"product_cat":[16,17],"product_tag":[],"class_list":{"0":"post-20","1":"product","2":"type-product","3":"status-publish","4":"has-post-thumbnail","6":"product_cat-accessories","7":"product_cat-all-products","8":"product_shipping_class-limited-shipping","10":"first","11":"instock","12":"purchasable","13":"product-type-variable","14":"has-default-attributes"},"_links":{"self":[{"href":"https:\/\/www.s-c-nutrition.com\/fr\/wp-json\/wp\/v2\/product\/20","targetHints":{"allow":["GET"]}}],"collection":[{"href":"https:\/\/www.s-c-nutrition.com\/fr\/wp-json\/wp\/v2\/product"}],"about":[{"href":"https:\/\/www.s-c-nutrition.com\/fr\/wp-json\/wp\/v2\/types\/product"}],"version-history":[{"count":3,"href":"https:\/\/www.s-c-nutrition.com\/fr\/wp-json\/wp\/v2\/product\/20\/revisions"}],"predecessor-version":[{"id":3568,"href":"https:\/\/www.s-c-nutrition.com\/fr\/wp-json\/wp\/v2\/product\/20\/revisions\/3568"}],"wp:featuredmedia":[{"embeddable":true,"href":"https:\/\/www.s-c-nutrition.com\/fr\/wp-json\/wp\/v2\/media\/50"}],"wp:attachment":[{"href":"https:\/\/www.s-c-nutrition.com\/fr\/wp-json\/wp\/v2\/media?parent=20"}],"wp:term":[{"taxonomy":"product_cat","embeddable":true,"href":"https:\/\/www.s-c-nutrition.com\/fr\/wp-json\/wp\/v2\/product_cat?post=20"},{"taxonomy":"product_tag","embeddable":true,"href":"https:\/\/www.s-c-nutrition.com\/fr\/wp-json\/wp\/v2\/product_tag?post=20"}],"curies":[{"name":"wp","href":"https:\/\/api.w.org\/{rel}","templated":true}]}}