{"id":319,"date":"2020-05-17T09:42:30","date_gmt":"2020-05-17T06:42:30","guid":{"rendered":"https:\/\/www.s-c-nutrition.com\/?page_id=319"},"modified":"2024-02-14T10:38:07","modified_gmt":"2024-02-14T07:38:07","slug":"become-a-distributor","status":"publish","type":"page","link":"https:\/\/www.s-c-nutrition.com\/fr\/become-a-distributor\/","title":{"rendered":"Devenir distributeur"},"content":{"rendered":"<div class=\"wpb-content-wrapper\"><div class=\"vc_row wpb_row vc_row-fluid vc_custom_1616103454356 vc_row-has-fill vc_row-o-equal-height vc_row-flex\"><div class=\"wpb_column vc_column_container vc_col-sm-8\"><div class=\"vc_column-inner\"><div class=\"wpb_wrapper\"><div class=\"vc_empty_space\"   style=\"height: 50px\"><span class=\"vc_empty_space_inner\"><\/span><\/div><h1 style=\"color: #f89a20;text-align: center\" class=\"vc_custom_heading vc_do_custom_heading wpb_animate_when_almost_visible wpb_fadeInLeft fadeInLeft\" >Faire partie de la famille SCN\u2122<\/h1><div class=\"vc_empty_space\"   style=\"height: 15px\"><span class=\"vc_empty_space_inner\"><\/span><\/div>\n\t<div class=\"wpb_text_column wpb_content_element wpb_animate_when_almost_visible wpb_fadeInLeft fadeInLeft\" >\n\t\t<div class=\"wpb_wrapper\">\n\t\t\t<h4 style=\"text-align: center;\">Nous recherchons des partenaires DANS LE MONDE ENTIER<\/h4>\n<h4 style=\"text-align: center;\">pour distribuer nos produits sp\u00e9cialis\u00e9s et innovants<\/h4>\n<h4 style=\"text-align: center;\">des produits de nutrition sportive dans leur pays.<\/h4>\n<p>&nbsp;<\/p>\n<h4 style=\"text-align: center;\">SCN\u2122 est une marque dont le taux de croissance est \u00e9tonnamment \u00e9lev\u00e9, tant en Europe que dans plusieurs pays du monde,<br \/>\nne manquez pas cette formidable opportunit\u00e9 commerciale.<\/h4>\n\n\t\t<\/div>\n\t<\/div>\n<div class=\"vc_empty_space\"   style=\"height: 15px\"><span class=\"vc_empty_space_inner\"><\/span><\/div><style>.vc_btn3-style-gradient.vc_btn-gradient-btn-6a0609293cfa8:hover{color: #fff;background-color: #f7be68;border: none;background-position: 100% 0;}<\/style><style>.vc_btn3-style-gradient.vc_btn-gradient-btn-6a0609293cfa8{color: #fff;border: none;background-color: #f4524d;background-image: -webkit-linear-gradient(left, #f4524d 0%, #f7be68 50%,#f4524d 100%);background-image: linear-gradient(to right, #f4524d 0%, #f7be68 50%,#f4524d 100%);-webkit-transition: all .2s ease-in-out;transition: all .2s ease-in-out;background-size: 200% 100%;}<\/style><div class=\"vc_btn3-container  wpb_animate_when_almost_visible wpb_fadeInUp fadeInUp vc_btn3-center vc_do_btn\" ><a data-vc-gradient-1=\"#f4524d\" data-vc-gradient-2=\"#f7be68\" class=\"vc_general vc_btn3 vc_btn3-size-md vc_btn3-shape-square vc_btn3-style-gradient vc_btn-gradient-btn-6a0609293cfa8\" href=\"mailto:info@s-c-nutrition.com\" title=\"ENVOYER UN MESSAGE\">DEVENIR DISTRIBUTEUR<\/a><\/div><div class=\"vc_empty_space\"   style=\"height: 80px\"><span class=\"vc_empty_space_inner\"><\/span><\/div><\/div><\/div><\/div><div class=\"wpb_column vc_column_container vc_col-sm-4\"><div class=\"vc_column-inner\"><div class=\"wpb_wrapper\">\n\t<div  class=\"wpb_single_image wpb_content_element vc_align_left wpb_content_element\">\n\t\t\n\t\t<figure class=\"wpb_wrapper vc_figure\">\n\t\t\t<div class=\"vc_single_image-wrapper   vc_box_border_grey\"><img fetchpriority=\"high\" decoding=\"async\" width=\"766\" height=\"768\" src=\"https:\/\/www.s-c-nutrition.com\/wp-content\/uploads\/2021\/04\/Europe_map_all.png\" class=\"vc_single_image-img attachment-large\" alt=\"Image de la carte d&#039;Europe du site web de S-C-Nutrition.\" title=\"Europe_map_all\" srcset=\"https:\/\/www.s-c-nutrition.com\/wp-content\/uploads\/2021\/04\/Europe_map_all.png 766w, https:\/\/www.s-c-nutrition.com\/wp-content\/uploads\/2021\/04\/Europe_map_all-450x450.png 450w, https:\/\/www.s-c-nutrition.com\/wp-content\/uploads\/2021\/04\/Europe_map_all-100x100.png 100w, https:\/\/www.s-c-nutrition.com\/wp-content\/uploads\/2021\/04\/Europe_map_all-600x602.png 600w, https:\/\/www.s-c-nutrition.com\/wp-content\/uploads\/2021\/04\/Europe_map_all-300x300.png 300w, https:\/\/www.s-c-nutrition.com\/wp-content\/uploads\/2021\/04\/Europe_map_all-150x150.png 150w, https:\/\/www.s-c-nutrition.com\/wp-content\/uploads\/2021\/04\/Europe_map_all-172x172.png 172w\" sizes=\"(max-width: 766px) 100vw, 766px\" \/><\/div>\n\t\t<\/figure>\n\t<\/div>\n<\/div><\/div><\/div><\/div>\n<\/div>","protected":false},"excerpt":{"rendered":"Be a part of SCN\u2122 Family We are looking for\u00a0partners WORLDWIDE to distribute our\u00a0specialized and innovative sports nutrition products\u00a0in their countries. &nbsp; SCN\u2122 is a brand with astonishingly high growing rate, both in Europe and in several countries worldwide, do not miss this huge trade opportunity. BECOME A DISTRIBUTOR","protected":false},"author":1,"featured_media":0,"parent":0,"menu_order":0,"comment_status":"closed","ping_status":"closed","template":"elementor_header_footer","meta":{"inline_featured_image":false,"footnotes":""},"categories":[],"tags":[],"class_list":["post-319","page","type-page","status-publish"],"_links":{"self":[{"href":"https:\/\/www.s-c-nutrition.com\/fr\/wp-json\/wp\/v2\/pages\/319","targetHints":{"allow":["GET"]}}],"collection":[{"href":"https:\/\/www.s-c-nutrition.com\/fr\/wp-json\/wp\/v2\/pages"}],"about":[{"href":"https:\/\/www.s-c-nutrition.com\/fr\/wp-json\/wp\/v2\/types\/page"}],"author":[{"embeddable":true,"href":"https:\/\/www.s-c-nutrition.com\/fr\/wp-json\/wp\/v2\/users\/1"}],"replies":[{"embeddable":true,"href":"https:\/\/www.s-c-nutrition.com\/fr\/wp-json\/wp\/v2\/comments?post=319"}],"version-history":[{"count":26,"href":"https:\/\/www.s-c-nutrition.com\/fr\/wp-json\/wp\/v2\/pages\/319\/revisions"}],"predecessor-version":[{"id":7871,"href":"https:\/\/www.s-c-nutrition.com\/fr\/wp-json\/wp\/v2\/pages\/319\/revisions\/7871"}],"wp:attachment":[{"href":"https:\/\/www.s-c-nutrition.com\/fr\/wp-json\/wp\/v2\/media?parent=319"}],"wp:term":[{"taxonomy":"category","embeddable":true,"href":"https:\/\/www.s-c-nutrition.com\/fr\/wp-json\/wp\/v2\/categories?post=319"},{"taxonomy":"post_tag","embeddable":true,"href":"https:\/\/www.s-c-nutrition.com\/fr\/wp-json\/wp\/v2\/tags?post=319"}],"curies":[{"name":"wp","href":"https:\/\/api.w.org\/{rel}","templated":true}]}}