{"id":3145,"date":"2023-03-23T10:39:38","date_gmt":"2023-03-23T07:39:38","guid":{"rendered":"https:\/\/www.s-c-nutrition.com\/?page_id=3145"},"modified":"2025-05-29T11:29:38","modified_gmt":"2025-05-29T08:29:38","slug":"terms-conditions-for-shipping-outside-eu-countries","status":"publish","type":"page","link":"https:\/\/www.s-c-nutrition.com\/fr\/terms-conditions-for-shipping-outside-eu-countries\/","title":{"rendered":"Conditions g\u00e9n\u00e9rales d'exp\u00e9dition en dehors des pays de l'UE"},"content":{"rendered":"<h2 style=\"text-align: center;\">Exp\u00e9dition vers les pays tiers (pays non membres de l'Union europ\u00e9enne)<\/h2>\n<p>&nbsp;<\/p>\n<p>CLIENTS<\/p>\n<p>&nbsp;<\/p>\n<p>Nous ne sommes pas responsables des frais de douane. En achetant nos produits, vous acceptez que votre (vos) colis puisse(nt) \u00eatre tax\u00e9(s) \u00e0 la douane de votre pays et que, dans ce cas, vous soyez seul(e) responsable du paiement de ces frais.<\/p>\n<p>&nbsp;<\/p>\n<p>1. Toutes les commandes sont exp\u00e9di\u00e9es depuis l'Europe (pas le Royaume-Uni).<\/p>\n<p>2. Chaque client doit conna\u00eetre les taxes et les lois applicables dans son pays pour l'importation de produits en provenance de pays tiers.<\/p>\n<p>3. Un colis n'est pas consid\u00e9r\u00e9 comme perdu s'il est saisi par la douane et que le client refuse de proc\u00e9der \u00e0 toutes les proc\u00e9dures n\u00e9cessaires \u00e0 l'importation. Nous ne sommes pas responsables si tout ou partie de la commande est saisie par les douanes du pays du client.<\/p>\n<p>4. Un colis n'est pas consid\u00e9r\u00e9 comme perdu si le client nous fournit de fausses informations (nom\/adresse mal orthographi\u00e9(e), mauvais num\u00e9ro de t\u00e9l\u00e9phone, mauvaise adresse (ville, code postal, num\u00e9ro de maison), etc.<\/p>\n<p>5. Notre soci\u00e9t\u00e9 exp\u00e9diera votre commande 1 \u00e0 2 jours ouvrables apr\u00e8s que vous l'ayez pass\u00e9e. Le d\u00e9lai de livraison UPS est de 10 \u00e0 15 jours ouvrables. Des retards que nous ne pouvons ni pr\u00e9voir ni contr\u00f4ler peuvent survenir. Notre soci\u00e9t\u00e9 ne peut \u00eatre tenue responsable des retards de livraison qui peuvent \u00eatre occasionn\u00e9s par UPS.<\/p>\n<p>6. Veuillez noter que notre soci\u00e9t\u00e9 n'accepte pas les retours en provenance de pays situ\u00e9s en dehors de l'Union europ\u00e9enne, car les frais de retour sont \u00e9lev\u00e9s et les douanes saisissent les produits.<\/p>\n<p>Les douanes consid\u00e8rent les colis retourn\u00e9s comme des produits fabriqu\u00e9s et exp\u00e9di\u00e9s depuis des pays tiers (en dehors de l'UE) et exigent un nouvel enregistrement de chaque produit contenu dans le colis, des proc\u00e9dures co\u00fbteuses qui prennent de 30 \u00e0 60 jours.<\/p>\n<p>Nous nous excusons pour les inconv\u00e9nients que cela peut causer et nous vous remercions de votre compr\u00e9hension.<\/p>\n<p>&nbsp;<\/p>\n<p>En choisissant \"J'accepte la politique d'exp\u00e9dition en dehors de l'Union europ\u00e9enne\", vous acceptez toutes les conditions ci-dessus.<\/p>\n<p>&nbsp;<\/p>\n<p>A vous,<\/p>\n<p>Scnutrition Europe<\/p>\n<h2><\/h2>\n<h2>QUE SIGNIFIE \"PAYS NON MEMBRE DE L'UE\" ?<\/h2>\n<p>Un pays non membre de l'UE ou un pays tiers est un pays qui n'est pas membre de l'Union europ\u00e9enne ainsi qu'un pays ou un territoire dont les citoyens ne jouissent pas du droit \u00e0 la libre circulation de l'Union europ\u00e9enne.<\/p>\n<h2>PAYS DE L'UE<\/h2>\n<p>Les pays de l'UE sont<br \/>\nAutriche, Belgique, Bulgarie, Croatie, R\u00e9publique de Chypre, R\u00e9publique tch\u00e8que, Danemark, Estonie, Finlande, France, Allemagne, Gr\u00e8ce, Hongrie, Irlande, Italie, Lettonie, Lituanie, Luxembourg, Malte, Pays-Bas, Pologne, Portugal, Roumanie, Slovaquie, Slov\u00e9nie, Espagne et Su\u00e8de.<\/p>\n<h2>L'ESPACE \u00c9CONOMIQUE EUROP\u00c9EN (EEE)<\/h2>\n<p>L'EEE comprend les pays de l'UE ainsi que l'Islande, le Liechtenstein et la Norv\u00e8ge. Il leur permet de faire partie du march\u00e9 unique de l'UE.<br \/>\nLa Suisse n'est pas membre de l'UE ou de l'EEE mais fait partie du march\u00e9 unique.<\/p>\n<h2>QUE DOIS-JE SAVOIR SI J'HABITE DANS UN PAYS TIERS ET QUE JE SOUHAITE COMMANDER DES PRODUITS DE STRENGTH &amp; CONDITIONING NUTRITION ?<\/h2>\n<p>Si vous habitez dans un pays tiers et que vous souhaitez commander sur notre site web, ne vous inqui\u00e9tez pas, nous avons tout pr\u00e9vu, car nous pouvons d\u00e9sormais exp\u00e9dier nos produits dans le monde entier.<br \/>\nPour les livraisons \u00e0 des adresses situ\u00e9es en dehors de l'UE, \u00e0 des fins juridiques, vous \u00eates l'importateur des marchandises et \u00eates responsable de toutes les formalit\u00e9s d'importation ainsi que de tous les droits, tarifs ou taxes qui peuvent \u00eatre impos\u00e9s par les autorit\u00e9s douani\u00e8res de votre pays. Cela signifie que des droits, tarifs ou taxes au taux applicable dans votre pays peuvent vous \u00eatre factur\u00e9s pour le d\u00e9douanement des produits.<br \/>\nAvant de passer une commande, contactez les autorit\u00e9s douani\u00e8res locales ou un agent en douane et v\u00e9rifiez quelles sont les formalit\u00e9s d'importation pour les produits que vous souhaitez importer dans votre pays et assurez-vous que vous pouvez les satisfaire.<\/p>\n<h2>D\u00c9LAI DE LIVRAISON<\/h2>\n<p>Vous devez pr\u00e9voir un d\u00e9lai de 10 \u00e0 15 jours ouvrables pour la livraison de votre commande par le service de messagerie d'UPS. En g\u00e9n\u00e9ral, les transporteurs proposent un service de \"d\u00e9douanement\". Vous pouvez donc les contacter d\u00e8s que nous vous avons envoy\u00e9 le num\u00e9ro de suivi de votre commande.<\/p>\n<h2>DIVERS<\/h2>\n<p>En ne remplissant pas les formalit\u00e9s d'importation (y compris le paiement des droits, tarifs ou taxes), vous risquez de voir vos produits saisis par les autorit\u00e9s douani\u00e8res locales. Dans ce cas, vous devez savoir que STRENGTH &amp; CONDITIONING NUTRITION (i) n'est pas responsable si une partie ou la totalit\u00e9 de votre commande est saisie par les autorit\u00e9s douani\u00e8res de votre pays (ii) n'acceptera pas les retours de produits faisant partie de commandes saisies, (iii) ne consid\u00e9rera pas le colis comme \"perdu\", (iv) ne remboursera pas les commandes et ne r\u00e9exp\u00e9diera pas les produits.<br \/>\nPour plus de d\u00e9tails, veuillez lire nos conditions g\u00e9n\u00e9rales.<\/p>","protected":false},"excerpt":{"rendered":"<p>Shipping to third countries (Non European Union Countries) &nbsp; CUSTOMS &nbsp; We are not responsible for any customs fees. By purchasing our products, you agree that your package (s) may be taxed at your country&#8217;s customs, and that if so, you will be solely responsible for paying the fees. &nbsp; 1. All orders are dispatched [&hellip;]<\/p>\n","protected":false},"author":804,"featured_media":0,"parent":0,"menu_order":0,"comment_status":"closed","ping_status":"closed","template":"","meta":{"inline_featured_image":false,"footnotes":""},"categories":[],"tags":[],"class_list":["post-3145","page","type-page","status-publish"],"_links":{"self":[{"href":"https:\/\/www.s-c-nutrition.com\/fr\/wp-json\/wp\/v2\/pages\/3145","targetHints":{"allow":["GET"]}}],"collection":[{"href":"https:\/\/www.s-c-nutrition.com\/fr\/wp-json\/wp\/v2\/pages"}],"about":[{"href":"https:\/\/www.s-c-nutrition.com\/fr\/wp-json\/wp\/v2\/types\/page"}],"author":[{"embeddable":true,"href":"https:\/\/www.s-c-nutrition.com\/fr\/wp-json\/wp\/v2\/users\/804"}],"replies":[{"embeddable":true,"href":"https:\/\/www.s-c-nutrition.com\/fr\/wp-json\/wp\/v2\/comments?post=3145"}],"version-history":[{"count":10,"href":"https:\/\/www.s-c-nutrition.com\/fr\/wp-json\/wp\/v2\/pages\/3145\/revisions"}],"predecessor-version":[{"id":10655,"href":"https:\/\/www.s-c-nutrition.com\/fr\/wp-json\/wp\/v2\/pages\/3145\/revisions\/10655"}],"wp:attachment":[{"href":"https:\/\/www.s-c-nutrition.com\/fr\/wp-json\/wp\/v2\/media?parent=3145"}],"wp:term":[{"taxonomy":"category","embeddable":true,"href":"https:\/\/www.s-c-nutrition.com\/fr\/wp-json\/wp\/v2\/categories?post=3145"},{"taxonomy":"post_tag","embeddable":true,"href":"https:\/\/www.s-c-nutrition.com\/fr\/wp-json\/wp\/v2\/tags?post=3145"}],"curies":[{"name":"wp","href":"https:\/\/api.w.org\/{rel}","templated":true}]}}