{"id":2538,"date":"2022-09-25T14:01:05","date_gmt":"2022-09-25T11:01:05","guid":{"rendered":"https:\/\/www.s-c-nutrition.com\/?page_id=2538"},"modified":"2023-07-03T11:47:13","modified_gmt":"2023-07-03T08:47:13","slug":"shipping-to-third-countries-non-european-union-countries","status":"publish","type":"page","link":"https:\/\/www.s-c-nutrition.com\/fr\/shipping-to-third-countries-non-european-union-countries\/","title":{"rendered":"Exp\u00e9dition vers les pays tiers (non membres de l'UE)"},"content":{"rendered":"<p>Exp\u00e9dition vers les pays tiers (pays non membres de l'Union europ\u00e9enne)<\/p>\n<h3>CLIENTS<\/h3>\n<p>Nous ne sommes pas responsables des frais de douane. En achetant nos produits, vous acceptez que votre (vos) colis puisse(nt) \u00eatre tax\u00e9(s) \u00e0 la douane de votre pays et que, dans ce cas, vous soyez seul(e) responsable du paiement de ces frais.<\/p>\n<p>1. Toutes les commandes sont exp\u00e9di\u00e9es depuis l'Europe (pas le Royaume-Uni).<br \/>\n2. Chaque client doit conna\u00eetre les taxes applicables dans son pays pour l'importation de produits en provenance de pays tiers.<br \/>\n3. Un colis n'est pas consid\u00e9r\u00e9 comme perdu s'il est saisi par la douane et que le client refuse de proc\u00e9der \u00e0 toutes les proc\u00e9dures n\u00e9cessaires \u00e0 l'importation.<br \/>\n4. Un colis n'est pas consid\u00e9r\u00e9 comme perdu si le client nous fournit de fausses informations (nom\/adresse mal orthographi\u00e9(e), mauvais num\u00e9ro de t\u00e9l\u00e9phone, mauvaise adresse (ville, code postal, num\u00e9ro de maison), etc.<br \/>\n5. Notre soci\u00e9t\u00e9 exp\u00e9diera votre commande 1 \u00e0 2 jours ouvrables apr\u00e8s que vous l'ayez pass\u00e9e. Le d\u00e9lai de livraison UPS est de 10 \u00e0 15 jours ouvrables. Des retards que nous ne pouvons ni pr\u00e9voir ni contr\u00f4ler peuvent survenir. Notre soci\u00e9t\u00e9 ne peut \u00eatre tenue responsable des retards de livraison qui peuvent \u00eatre occasionn\u00e9s par UPS.<\/p>\n<p>En choisissant \"J'accepte la politique d'exp\u00e9dition en dehors de l'Union europ\u00e9enne\", vous acceptez toutes les conditions ci-dessus.<\/p>\n<p>A vous,<br \/>\nScnutrition Europe<\/p>","protected":false},"excerpt":{"rendered":"<p>Shipping to third countries (Non European Union Countries) CUSTOMS We are not responsible for any customs fees. By purchasing our products, you agree that your package (s) may be taxed at your country&#8217;s customs, and that if so, you will be solely responsible for paying the fees. 1. All orders are dispatched from Europe (Not [&hellip;]<\/p>\n","protected":false},"author":1,"featured_media":0,"parent":0,"menu_order":0,"comment_status":"closed","ping_status":"closed","template":"","meta":{"inline_featured_image":false,"footnotes":""},"categories":[],"tags":[],"class_list":["post-2538","page","type-page","status-publish"],"_links":{"self":[{"href":"https:\/\/www.s-c-nutrition.com\/fr\/wp-json\/wp\/v2\/pages\/2538","targetHints":{"allow":["GET"]}}],"collection":[{"href":"https:\/\/www.s-c-nutrition.com\/fr\/wp-json\/wp\/v2\/pages"}],"about":[{"href":"https:\/\/www.s-c-nutrition.com\/fr\/wp-json\/wp\/v2\/types\/page"}],"author":[{"embeddable":true,"href":"https:\/\/www.s-c-nutrition.com\/fr\/wp-json\/wp\/v2\/users\/1"}],"replies":[{"embeddable":true,"href":"https:\/\/www.s-c-nutrition.com\/fr\/wp-json\/wp\/v2\/comments?post=2538"}],"version-history":[{"count":4,"href":"https:\/\/www.s-c-nutrition.com\/fr\/wp-json\/wp\/v2\/pages\/2538\/revisions"}],"predecessor-version":[{"id":3510,"href":"https:\/\/www.s-c-nutrition.com\/fr\/wp-json\/wp\/v2\/pages\/2538\/revisions\/3510"}],"wp:attachment":[{"href":"https:\/\/www.s-c-nutrition.com\/fr\/wp-json\/wp\/v2\/media?parent=2538"}],"wp:term":[{"taxonomy":"category","embeddable":true,"href":"https:\/\/www.s-c-nutrition.com\/fr\/wp-json\/wp\/v2\/categories?post=2538"},{"taxonomy":"post_tag","embeddable":true,"href":"https:\/\/www.s-c-nutrition.com\/fr\/wp-json\/wp\/v2\/tags?post=2538"}],"curies":[{"name":"wp","href":"https:\/\/api.w.org\/{rel}","templated":true}]}}