{"id":3905,"date":"2023-09-19T12:41:01","date_gmt":"2023-09-19T09:41:01","guid":{"rendered":"https:\/\/www.s-c-nutrition.com\/?post_type=product&#038;p=3905"},"modified":"2025-12-18T17:19:10","modified_gmt":"2025-12-18T14:19:10","slug":"nadh","status":"publish","type":"product","link":"https:\/\/www.s-c-nutrition.com\/es\/product\/nadh\/","title":{"rendered":"NADH - Producci\u00f3n de energ\u00eda celular"},"content":{"rendered":"<h4 style=\"text-align: center;\">NADH\u00a0<b>ayuda al cuerpo a producir energ\u00eda<\/b>.<\/h4>\n<p><strong>Lo que es:\u00a0<\/strong><\/p>\n<p>NADH son las siglas de \"nicotinamida adenina dinucle\u00f3tido (NAD) + hidr\u00f3geno (H)\". Se produce de forma natural en el organismo y desempe\u00f1a un papel en\u00a0<b>generar energ\u00eda<\/b>. El NADH producido por el organismo interviene en la producci\u00f3n de energ\u00eda en el cuerpo.<\/p>\n<p>La mayor\u00eda de la gente utiliza NMN (mononucle\u00f3tido de nicotinamida) como potenciador de NAD. El NADH es mucho m\u00e1s potente que el NMN.<\/p>\n<p>&nbsp;<\/p>\n<p><strong>Ventajas:<\/strong><\/p>\n<p>Algunas personas lo toman en forma de suplemento para tratar el s\u00edndrome de fatiga cr\u00f3nica (tambi\u00e9n conocido como encefalomielitis mi\u00e1lgica o EM\/SFC).<\/p>\n<p>Adem\u00e1s, el NADH puede aumentar los niveles de energ\u00eda y mejorar la claridad mental, el estado de alerta, la concentraci\u00f3n y la memoria.<\/p>\n<p>El NADH se utiliza para\u00a0<b>mejorar la claridad mental, el estado de alerta, la concentraci\u00f3n y la memoria; as\u00ed como para tratar la enfermedad de Alzheimer<\/b>. Debido a su papel en la producci\u00f3n de energ\u00eda, el NADH tambi\u00e9n se utiliza para mejorar la resistencia atl\u00e9tica y tratar el s\u00edndrome de fatiga cr\u00f3nica (SFC).<\/p>\n<p>El NADH sirve de coenzima en la s\u00edntesis de la tetrahidrobiopterina.\u00a0<b>La suplementaci\u00f3n con NADH puede cambiar el equilibrio en la s\u00edntesis de dopamina hacia m\u00e1s tetrahidrobiopterina, lo que lleva a un aumento en la producci\u00f3n end\u00f3gena de dopamina.<\/b>.<\/p>\n<p>El NADH estimula la biog\u00e9nesis y las funciones mitocondriales y tambi\u00e9n mejora el metabolismo energ\u00e9tico mediante el control de la expresi\u00f3n g\u00e9nica global relacionada con el metabolismo celular.<\/p>\n<p>Dado que el NAD se absorbe directamente a nivel celular,\u00a0<b>ayuda a aumentar la producci\u00f3n de energ\u00eda incluso cuando se padece fatiga cr\u00f3nica<\/b>.<\/p>\n<p>&nbsp;<\/p>\n<h2>NADH: una mol\u00e9cula clave para la juventud y la energ\u00eda<\/h2>\n<div class=\"post-texto singlepost\">\n<p>Nicotinamida adenina dinucle\u00f3tido, o\u00a0<strong>NADH<\/strong>, es una coenzima formada a partir de la niacina. Est\u00e1 presente en todas las c\u00e9lulas vivas. Como coenzima, una prote\u00edna que funciona como catalizador en el organismo para provocar cambios qu\u00edmicos en otras sustancias, el NADH desempe\u00f1a un papel importante ayudando a las enzimas a funcionar como deben. La mayor\u00eda de las coenzimas se sintetizan a partir de vitaminas y, para una producci\u00f3n \u00f3ptima de energ\u00eda, el organismo necesita buenas cantidades de ellas. La coenzima no es una excepci\u00f3n,\u00a0<strong>qu\u00e9 hace el NADH<\/strong>?<\/p>\n<p>En las personas,\u00a0<strong>Suplementos de NADH<\/strong>\u00a0estimulan la producci\u00f3n de ATP (trifosfato de adenosina), un compuesto que regula la liberaci\u00f3n de la energ\u00eda almacenada en las c\u00e9lulas. Cuanto m\u00e1s NADH tenga una c\u00e9lula, m\u00e1s energ\u00eda qu\u00edmica producir\u00e1. Los resultados de la investigaci\u00f3n indican que el aumento de las concentraciones en el cerebro puede impulsar la producci\u00f3n de neurotransmisores, sustancias qu\u00edmicas cerebrales vitales para el buen funcionamiento mental.<\/p>\n<p><a href=\"https:\/\/www.vitaeinternational.com\/product\/reconnect\/\" target=\"_blank\" rel=\"noopener\" data-wpel-link=\"external\"><img fetchpriority=\"high\" decoding=\"async\" class=\"size-full wp-image-8932 aligncenter\" src=\"https:\/\/www.vitaeinternational.com\/wp-content\/uploads\/2020\/08\/Banner-reconnect_export.jpg\" sizes=\"(max-width: 2000px) 100vw, 2000px\" srcset=\"https:\/\/www.vitaeinternational.com\/wp-content\/uploads\/2020\/08\/Banner-reconnect_export.jpg 2000w, https:\/\/www.vitaeinternational.com\/wp-content\/uploads\/2020\/08\/Banner-reconnect_export-300x87.jpg 300w, https:\/\/www.vitaeinternational.com\/wp-content\/uploads\/2020\/08\/Banner-reconnect_export-1024x297.jpg 1024w, https:\/\/www.vitaeinternational.com\/wp-content\/uploads\/2020\/08\/Banner-reconnect_export-768x223.jpg 768w, https:\/\/www.vitaeinternational.com\/wp-content\/uploads\/2020\/08\/Banner-reconnect_export-1536x445.jpg 1536w, https:\/\/www.vitaeinternational.com\/wp-content\/uploads\/2020\/08\/Banner-reconnect_export-416x121.jpg 416w\" alt=\"- Imagen\" width=\"2000\" height=\"580\"><\/a><\/p>\n<p>Hasta hace poco, el NADH s\u00f3lo pod\u00eda administrarse por v\u00eda intravenosa porque el \u00e1cido estomacal destru\u00eda r\u00e1pidamente la delicada mol\u00e9cula. Pero se ha demostrado que la suplementaci\u00f3n oral con comprimidos de NADH con recubrimiento ent\u00e9rico aumenta los niveles intracelulares, \u00a1lo cual es una gran noticia!<\/p>\n<h2><strong>Beneficios de la suplementaci\u00f3n con NADH<\/strong><\/h2>\n<p>La suplementaci\u00f3n oral se ha utilizado para\u00a0<strong>fatiga de combate<\/strong>\u00a0y a\u00a0<strong>aumentar la energ\u00eda<\/strong>. El NADH tambi\u00e9n se ha probado en ensayos cl\u00ednicos recientes en el Hospital Vall D'Hebron de Espa\u00f1a para la\u00a0<strong>tratamiento del s\u00edndrome de fatiga cr\u00f3nica<\/strong>\u00a0y la fibromialgia. Los investigadores tambi\u00e9n estudian el valor de los suplementos de NADH para mejorar la funci\u00f3n mental de los enfermos de Alzheimer y minimizar la discapacidad f\u00edsica y aliviar la depresi\u00f3n de los enfermos de Parkinson. Yo mismo trabajo actualmente con el NADH en el laboratorio de neurociencia cl\u00ednica de la Universidad de Roehampton, investigando sus efectos sobre las c\u00e9lulas madre neurales.<\/p>\n<p>Pero el NADH no es s\u00f3lo para los afectados por enfermedades. Las personas sanas siguen sacando mucho partido de la suplementaci\u00f3n oral. \u00bfPor qu\u00e9? Porque se ha demostrado que<\/p>\n<ul>\n<li>Aumenta la energ\u00eda y reduce la fatiga.<\/li>\n<\/ul>\n<ul>\n<li>Ayuda al sistema inmunitario con un impresionante poder antioxidante y antirradicales libres.<\/li>\n<\/ul>\n<ul>\n<li>Mejora la memoria, la concentraci\u00f3n y la claridad mental.<\/li>\n<\/ul>\n<ul>\n<li>Favorecen la creaci\u00f3n de neurotransmisores, como la serotonina, la dopamina y la noradrenalina.<\/li>\n<\/ul>\n<ul>\n<li>Mejora el estado de \u00e1nimo y el equilibrio emocional.<\/li>\n<\/ul>\n<p>Adem\u00e1s, para quienes est\u00e9n interesados en \"rejuvenecer\", el NADH activa en la mitocondria un grupo de enzimas llamadas \"sirtuinas\", de las que quiz\u00e1 haya o\u00eddo hablar como \"promotoras de la juventud\".<\/p>\n<h3><strong>\u00bfQu\u00e9 son las mitocondrias y qu\u00e9 hacen?<\/strong><\/h3>\n<p>Las mitocondrias son las centrales energ\u00e9ticas de las c\u00e9lulas, donde se produce la energ\u00eda (ATP). Las mitocondrias son como motores - o productores de energ\u00eda - dentro de cada c\u00e9lula de su cuerpo. Suministran energ\u00eda a las c\u00e9lulas en forma de ATP, y aqu\u00ed es precisamente donde entra en juego el NADH. Las sirtuinas participan en una reacci\u00f3n qu\u00edmica en la que el NADH transforma la coenzima Q10 oxidada (ubiquinona) en su forma reducida (ubiquinol), que se convierte en un catalizador que permite a las mitocondrias producir ATP. Por cada mol\u00e9cula de NADH que llega a la mitocondria, se producen tres mol\u00e9culas de ATP.  As\u00ed que ya puede ver c\u00f3mo el NADH es un componente cr\u00edtico de la capacidad de su cuerpo para funcionar permitiendo la producci\u00f3n de energ\u00eda. Sin NADH, las mitocondrias no pueden producir energ\u00eda y las c\u00e9lulas morir\u00e1n.<\/p>\n<h3><strong>\u00bfY qu\u00e9 son estas cosas llamadas sirtuinas?<\/strong><\/h3>\n<p>Las sirtuinas son enzimas presentes en varios lugares de la mitocondria. Necesitan grandes cantidades de NADH para realizar su funci\u00f3n. \u00bfY cu\u00e1l es su funci\u00f3n? Bueno, cuando funcionan correctamente, las sirtuinas promueven la resistencia al estr\u00e9s oxidativo generado por la oxidaci\u00f3n que tiene lugar en las mitocondrias. La oxidaci\u00f3n es similar a la combusti\u00f3n, y si pensamos en las mitocondrias como \"hornos\" donde se queman las calor\u00edas y se transforman en energ\u00eda, las sirtuinas minimizan el da\u00f1o causado a las propias mitocondrias por esta combusti\u00f3n constante que tiene lugar en cada mitocondria de cada c\u00e9lula de cada uno de nosotros, 24 horas al d\u00eda, 7 d\u00edas a la semana, 365 d\u00edas al a\u00f1o.<\/p>\n<p>Las sirtuinas tambi\u00e9n son capaces de desactivar genes de la inflamaci\u00f3n y genes relacionados con el envejecimiento acelerado, la senescencia celular y las enfermedades degenerativas. La investigaci\u00f3n sobre c\u00f3mo las sirtuinas controlan el envejecimiento est\u00e1 en pleno auge. Lo que se ha demostrado hasta ahora es que activando las sirtuinas, podemos controlar al menos uno de los \"interruptores\" antienvejecimiento de nuestro organismo, es decir, las sirtuinas son capaces de \"apagar\" ciertos genes que favorecen el envejecimiento, como los que intervienen en la inflamaci\u00f3n, la s\u00edntesis y el almacenamiento\/acumulaci\u00f3n de grasas, y la gesti\u00f3n del az\u00facar en sangre.  Las sirtuinas tambi\u00e9n aportan los mismos beneficios que la restricci\u00f3n cal\u00f3rica o el \"ayuno\", es decir, al activar las sirtuinas, es probable que se reduzca la inflamaci\u00f3n, as\u00ed como la s\u00edntesis y el almacenamiento de grasas y mejore el metabolismo de la glucosa.<\/p>\n<h3><strong>Entonces, \u00bfpuedo obtener NADH de los alimentos?<\/strong><\/h3>\n<p>El pescado, la carne de ave y de vacuno y los productos elaborados con levadura o extractos de levadura contienen NADH, pero se trata de una mol\u00e9cula muy vol\u00e1til, lo que dificulta su absorci\u00f3n y su utilizaci\u00f3n por el organismo. Por lo tanto, mi recomendaci\u00f3n a los interesados en experimentar el\u00a0<strong>beneficios del NADH<\/strong>\u00a0es implementarlo como parte de su rutina de complementos alimenticios.<\/p>\n<\/div>\n<p>&nbsp;<\/p>\n<p>&nbsp;<\/p>\n<p><strong><span style=\"color: #ff0000;\">Detalles del producto:<\/span><\/strong><\/p>\n<p><strong>Complemento alimenticio<\/strong><\/p>\n<p><strong>C\u00e1psulas: 4,96 g - 10 c\u00e1psulas de 10 mg de NADH cada una<\/strong><\/p>\n<p>&nbsp;<\/p>\n<div>\n<p><strong><span style=\"color: #ff0000;\">Uso recomendado:<\/span><\/strong><\/p>\n<\/div>\n<p>Consumir 1 c\u00e1psula con agua al d\u00eda<\/p>\n<p>&nbsp;<\/p>\n<p>Ingredientes: Maltodextrina, Hidroxipropilmetilcelulosa, goma gellan y colorante E-171, NADH dis\u00f3dico estabilizado, Antiaglomerante (estearato de magnesio).<\/p>\n<p>&nbsp;<\/p>\n<p>&nbsp;<\/p>\n<p>Nota: Los suplementos con alta concentraci\u00f3n en ingredientes activos y sin conservantes, pueden pasar de la forma de polvo a la forma s\u00f3lida. Este es un efecto natural de los ingredientes que son muy sensibles a la humedad. Intente consumir el producto entre 20 y 30 d\u00edas despu\u00e9s de abrirlo. Conservar en lugar seco y fresco siempre con la tapa bien cerrada. No utilice las manos mojadas ni herramientas para sacar la cucharada del interior del tubo.<\/p>\n<p><img decoding=\"async\" class=\"aligncenter wp-image-1067 size-full\" src=\"https:\/\/www.s-c-nutrition.com\/wp-content\/uploads\/2020\/05\/SCN-together-faster-longer-harder-motivational-1.gif\" alt=\"Imagen motivadora de S-C-Nutrition.\" width=\"948\" height=\"551\" \/><\/p>\n<p>*Este sitio web es s\u00f3lo para su educaci\u00f3n e informaci\u00f3n general sobre la salud. Las ideas, opiniones y sugerencias contenidas en este sitio web no deben utilizarse como sustituto del consejo m\u00e9dico, diagn\u00f3stico o tratamiento de su m\u00e9dico para cualquier condici\u00f3n o problema de salud. Los usuarios de este sitio web no deben basarse en la informaci\u00f3n facilitada en \u00e9l para tratar sus propios problemas de salud. Cualquier pregunta relacionada con su propia salud debe dirigirse a su propio m\u00e9dico. No empiece ni deje de tomar ning\u00fan medicamento sin consultar a su m\u00e9dico. No le animamos a que lo haga, ni nos hacemos responsables de las consecuencias de no consultar a un m\u00e9dico.<\/p>\n<p>&nbsp;<\/p>","protected":false},"excerpt":{"rendered":"<h4><span style=\"color: #ff0000;\"><strong>Caracter\u00edsticas:<\/strong><\/span><\/h4>\n<ul>\n<li>Producci\u00f3n de energ\u00eda<\/li>\n<li>Estimula la biog\u00e9nesis mitocondrial<\/li>\n<li>Mejora la claridad mental<\/li>\n<li>Mejora el estado de alerta<\/li>\n<li>Mejora la concentraci\u00f3n y la memoria.<\/li>\n<li>Aumenta la producci\u00f3n de dopamina<\/li>\n<li>Aumenta el metabolismo<\/li>\n<\/ul>","protected":false},"featured_media":3904,"template":"","meta":{"inline_featured_image":false},"product_cat":[17,23,18],"product_tag":[228],"class_list":{"0":"post-3905","1":"product","2":"type-product","3":"status-publish","4":"has-post-thumbnail","6":"product_cat-all-products","7":"product_cat-energy-vo2max","8":"product_cat-specialized","9":"product_tag-multi-buy-products","10":"product_shipping_class-limited-shipping","12":"first","13":"instock","14":"sale","15":"shipping-taxable","16":"purchasable","17":"product-type-variable"},"_links":{"self":[{"href":"https:\/\/www.s-c-nutrition.com\/es\/wp-json\/wp\/v2\/product\/3905","targetHints":{"allow":["GET"]}}],"collection":[{"href":"https:\/\/www.s-c-nutrition.com\/es\/wp-json\/wp\/v2\/product"}],"about":[{"href":"https:\/\/www.s-c-nutrition.com\/es\/wp-json\/wp\/v2\/types\/product"}],"version-history":[{"count":4,"href":"https:\/\/www.s-c-nutrition.com\/es\/wp-json\/wp\/v2\/product\/3905\/revisions"}],"predecessor-version":[{"id":9445,"href":"https:\/\/www.s-c-nutrition.com\/es\/wp-json\/wp\/v2\/product\/3905\/revisions\/9445"}],"wp:featuredmedia":[{"embeddable":true,"href":"https:\/\/www.s-c-nutrition.com\/es\/wp-json\/wp\/v2\/media\/3904"}],"wp:attachment":[{"href":"https:\/\/www.s-c-nutrition.com\/es\/wp-json\/wp\/v2\/media?parent=3905"}],"wp:term":[{"taxonomy":"product_cat","embeddable":true,"href":"https:\/\/www.s-c-nutrition.com\/es\/wp-json\/wp\/v2\/product_cat?post=3905"},{"taxonomy":"product_tag","embeddable":true,"href":"https:\/\/www.s-c-nutrition.com\/es\/wp-json\/wp\/v2\/product_tag?post=3905"}],"curies":[{"name":"wp","href":"https:\/\/api.w.org\/{rel}","templated":true}]}}