{"id":24,"date":"2020-05-15T12:47:42","date_gmt":"2020-05-15T09:47:42","guid":{"rendered":"https:\/\/www.s-c-nutrition.com\/product\/import-placeholder-for-2161\/"},"modified":"2025-12-18T17:20:53","modified_gmt":"2025-12-18T14:20:53","slug":"glutamine","status":"publish","type":"product","link":"https:\/\/www.s-c-nutrition.com\/es\/product\/glutamine\/","title":{"rendered":"Micro Glutamina KYOWA\u2122 Grado Farmac\u00e9utico"},"content":{"rendered":"<div class=\"text_exposed_show\" style=\"text-align: center;\">Glutamina de r\u00e1pida absorci\u00f3n para una recuperaci\u00f3n instant\u00e1nea tras un entrenamiento exigente.<\/div>\n<div><\/div>\n<div class=\"text_exposed_show\" style=\"text-align: center;\">\n<p style=\"text-align: left;\"><span style=\"color: #000000;\"><strong>MicroGlutamina de SCN<\/strong> es totalmente diferente de todos los dem\u00e1s productos de L- Glutamina del mercado.<\/span><\/p>\n<p style=\"text-align: left;\"><span style=\"color: #000000;\">Con una tasa de absorci\u00f3n muy r\u00e1pida, una acci\u00f3n muy r\u00e1pida y un sabor sorprendente, le ayudar\u00e1 a sentirse recuperado y relajado tan s\u00f3lo unas horas despu\u00e9s de su exigente entrenamiento.<\/span><\/p>\n<p style=\"text-align: left;\"><span style=\"color: #000000;\">Una dosis masiva de 20g de Glutamina de este incre\u00edble amino\u00e1cido en cada raci\u00f3n, es todo lo que necesitas para despertarte relajado a la ma\u00f1ana siguiente.<\/span><\/p>\n<\/div>\n<p>&nbsp;<\/p>\n<p><span style=\"color: #000000;\">Caracter\u00edsticas:<\/span><\/p>\n<ul>\n<li><span style=\"color: #000000;\"><strong>Mejora el atletismo <span style=\"color: #ff0000;\">Rendimiento<\/span> &amp; <span style=\"color: #ff0000;\">Recuperaci\u00f3n<\/span> Del ejercicio de resistencia<\/strong><\/span><\/li>\n<li><span style=\"color: #000000;\"><strong>Promueve <span style=\"color: #ff0000;\">Crecimiento muscular<\/span> &amp; Reduce el desgaste muscular<\/strong><\/span><\/li>\n<li><span style=\"color: #000000;\"><strong>Reduce la <span style=\"color: #ff0000;\">Lesiones<\/span> Riesgo en el deporte<\/strong><\/span><\/li>\n<li><span style=\"color: #000000;\"><strong>Apoya la <span style=\"color: #ff0000;\">Sistema inmunitario<\/span> &amp; Reduce <span style=\"color: #ff0000;\">Inflamaciones\u00a0<\/span><\/strong><\/span><\/li>\n<li><span style=\"color: #000000;\"><strong>Ayuda a <span style=\"color: #ff0000;\">Recuperar<\/span> M\u00e1s r\u00e1pido tras las lesiones y ofrece un <span style=\"color: #ff0000;\">Analg\u00e9sico<\/span> Efecto<\/strong><\/span><\/li>\n<li><span style=\"color: #000000;\"><strong>Mejora <span style=\"color: #ff0000;\">Cerebro<\/span> &amp; <span style=\"color: #ff0000;\">Gastrointestinal<\/span> Salud<\/strong><\/span><\/li>\n<\/ul>\n<p>&nbsp;<\/p>\n<p><strong>Recuperaci\u00f3n<\/strong> es un tema muy importante para todos los deportistas y la mayor\u00eda de las veces no es f\u00e1cil de sacar adelante.<\/p>\n<p>Un r\u00e1pido aumento de los niveles de l-glutamina en sangre despu\u00e9s del entrenamiento ayudar\u00e1 al deportista a recuperarse muy r\u00e1pidamente.<\/p>\n<p>Cuando elija el suplemento de L- Glutamina para su recuperaci\u00f3n post-entrenamiento, debe asegurarse de comprar una L- Glutamina de r\u00e1pida absorci\u00f3n.<\/p>\n<p>No todos los suplementos y formas de l- glutamina son iguales.<\/p>\n<p><strong>KYOWA\u2122 L- Glutamina de calidad farmac\u00e9utica <\/strong>es la forma de L- Glutamina m\u00e1s eficaz del mercado. Se absorbe muy r\u00e1pido, proporcionando una recuperaci\u00f3n r\u00e1pida y muy eficaz en pocas horas.<\/p>\n<p class=\"text_exposed_show\" style=\"text-align: left;\">La glutamina es el amino\u00e1cido libre m\u00e1s abundante en el organismo. Los amino\u00e1cidos son los componentes b\u00e1sicos de las prote\u00ednas y el periodo posterior al entrenamiento es el momento en el que el cuerpo necesita construir nuevas prote\u00ednas para recuperarse correctamente.<\/p>\n<p>Por lo tanto, al ser tan necesaria para el organismo, no puedes pasar por alto esta necesidad y no alimentar tu cuerpo con ella.<\/p>\n<p class=\"text_exposed_show\" style=\"text-align: left;\"><strong>Glutamina<\/strong> tambi\u00e9n podr\u00eda ayudar a la funci\u00f3n intestinal, reforzar el sistema inmunitario y otros procesos esenciales del organismo, especialmente en \u00e9pocas de estr\u00e9s.<\/p>\n<p class=\"text_exposed_show\" style=\"text-align: left;\">Tambi\u00e9n es importante para proporcionar \"combustible\" (nitr\u00f3geno y carbono) a muchas c\u00e9lulas diferentes del cuerpo y por eso puede actuar como anticatab\u00f3lico (contra el catabolismo = reduce los residuos del tejido muscular durante el entrenamiento)<\/p>\n<p class=\"text_exposed_show\" style=\"text-align: left;\">Adem\u00e1s, es necesaria para fabricar otras sustancias qu\u00edmicas del organismo, como otros amino\u00e1cidos y glucosa (az\u00facar).<\/p>\n<p>Como eleva los niveles de glucosa, debes evitar su uso antes o durante el entrenamiento si quieres mantener bajos tus niveles de glucosa.<\/p>\n<h6><span style=\"color: #ffffff;\">.<\/span><\/h6>\n<hr \/>\n<div class=\"text_exposed_show\">\n<h6 class=\"text_exposed_show\" style=\"text-align: center;\"><span style=\"color: #ffffff;\">.<\/span><\/h6>\n<div class=\"text_exposed_show\">\n<p><strong>420g | Sabor Manzana Verde | 85 cacitos de 4g<\/strong><\/p>\n<p><strong>420g | Sabor Melocot\u00f3n | 85 cacitos de 4g<\/strong><\/p>\n<\/div>\n<\/div>\n<p>&nbsp;<\/p>\n<div class=\"text_exposed_show\">\n<div class=\"text_exposed_show\">\n<p><strong><span style=\"color: #ff0000;\"><span style=\"text-decoration: underline;\">C\u00f3mo llegar<\/span>:<\/span><\/strong><\/p>\n<div>\n<p class=\"x_MsoNormal\"><strong><span style=\"color: #000000;\"><span style=\"color: #ff0000;\">Para reducir el desgaste muscular:<\/span>\u00a0Consumir 1 cacito (4g) en 120ml de agua 10-20min antes del entrenamiento y 2 cacitos (8g) durante el entrenamiento.<\/span><\/strong><\/p>\n<\/div>\n<div>\n<p class=\"x_MsoNormal\"><strong><span style=\"color: #000000;\"><span style=\"color: #ff0000;\">Recuperar:<\/span>\u00a0Seg\u00fan el peso del deportista y el tiempo\/intensidad de entrenamiento, consumir de 2 a 6 cacitos (8-24 g) en 250 ml de agua o zumo\u00a0<u>inmediatamente<\/u>\u00a0despu\u00e9s del entrenamiento.<\/span><\/strong><\/p>\n<\/div>\n<div>\n<p class=\"x_MsoNormal\"><strong><span style=\"color: #000000;\"><span style=\"color: #ff0000;\">Mejorar la s\u00edntesis hormonal:<\/span> Consumir 2 cacitos (8 g) en 120 ml de agua en ayunas antes de acostarse<\/span><\/strong><\/p>\n<\/div>\n<\/div>\n<\/div>\n<p>&nbsp;<\/p>\n<p><span style=\"color: #ff0000;\"><strong>ingredientes:<\/strong> <\/span>L- micronizado de calidad farmac\u00e9utica<span class=\"markuiky9ijkc\" data-markjs=\"true\">Glutamina<\/span>\u00a0(Calidad Kyowa<strong>\u2122<\/strong>\u00a0) 95%. Aromas en polvo y edulcorantes: 5%<\/p>\n<p>Nota: Los suplementos con alta concentraci\u00f3n en ingredientes activos y sin conservantes, pueden pasar de la forma de polvo a la forma s\u00f3lida. Este es un efecto natural de los ingredientes que son muy sensibles a la humedad. Intente consumir el producto entre 20 y 30 d\u00edas despu\u00e9s de abrirlo. Conservar en lugar seco y fresco siempre con la tapa bien cerrada. No utilice las manos mojadas ni herramientas para sacar la cucharada del interior del tubo.<\/p>\n<p>&nbsp;<\/p>\n<p><img fetchpriority=\"high\" decoding=\"async\" class=\"aligncenter wp-image-1067 size-full\" src=\"https:\/\/www.s-c-nutrition.com\/wp-content\/uploads\/2020\/05\/SCN-together-faster-longer-harder-motivational-1.gif\" alt=\"Imagen motivadora de S-C-Nutrition.\" width=\"948\" height=\"551\" \/><\/p>\n<hr \/>\n<p>*Este sitio web es s\u00f3lo para su educaci\u00f3n e informaci\u00f3n general sobre la salud. Las ideas, opiniones y sugerencias contenidas en este sitio web no deben utilizarse como sustituto del consejo m\u00e9dico, diagn\u00f3stico o tratamiento de su m\u00e9dico para cualquier condici\u00f3n o problema de salud. Los usuarios de este sitio web no deben basarse en la informaci\u00f3n facilitada en \u00e9l para tratar sus propios problemas de salud. Cualquier pregunta relacionada con su propia salud debe dirigirse a su propio m\u00e9dico. No empiece ni deje de tomar ning\u00fan medicamento sin consultar a su m\u00e9dico. No le animamos a que lo haga, ni nos hacemos responsables de las consecuencias de no consultar a un m\u00e9dico.<\/p>\n<p>&nbsp;<\/p>","protected":false},"excerpt":{"rendered":"<div class=\"text_exposed_show\" style=\"text-align: center;\">\n<p><span style=\"color: #ffffff;\">.<\/span><\/p>\n<\/div>\n<ul>\n<li><span style=\"color: #000000;\"><strong>Mejora el atletismo <span style=\"color: #ff0000;\">Rendimiento<\/span> &amp; <span style=\"color: #ff0000;\">Recuperaci\u00f3n<\/span> Del ejercicio de resistencia<\/strong><\/span><\/li>\n<li><span style=\"color: #000000;\"><strong>Promueve <span style=\"color: #ff0000;\">Crecimiento muscular<\/span> &amp; Reduce el desgaste muscular<\/strong><\/span><\/li>\n<li><span style=\"color: #000000;\"><strong>Reduce la <span style=\"color: #ff0000;\">Lesiones<\/span> Riesgo en el deporte<\/strong><\/span><\/li>\n<li><span style=\"color: #000000;\"><strong>Apoya la <span style=\"color: #ff0000;\">Sistema inmunitario<\/span> &amp; Reduce <span style=\"color: #ff0000;\">Inflamaciones\u00a0<\/span><\/strong><\/span><\/li>\n<li><span style=\"color: #000000;\"><strong>Ayuda a <span style=\"color: #ff0000;\">Recuperar<\/span> M\u00e1s r\u00e1pido tras las lesiones y ofrece un <span style=\"color: #ff0000;\">Analg\u00e9sico<\/span> Efecto<\/strong><\/span><\/li>\n<li><span style=\"color: #000000;\"><strong>Mejora <span style=\"color: #ff0000;\">Cerebro<\/span> &amp; <span style=\"color: #ff0000;\">Gastrointestinal<\/span> Salud<\/strong><\/span><\/li>\n<li><span style=\"color: #000000;\"><strong>85 raciones<\/strong><\/span><\/li>\n<\/ul>","protected":false},"featured_media":8287,"template":"","meta":{"inline_featured_image":false},"product_cat":[17,20,22],"product_tag":[],"class_list":{"0":"post-24","1":"product","2":"type-product","3":"status-publish","4":"has-post-thumbnail","6":"product_cat-all-products","7":"product_cat-basic-line","8":"product_cat-recovery-anti-catabolic","9":"product_shipping_class-limited-shipping","11":"first","12":"instock","13":"purchasable","14":"product-type-variable","15":"has-default-attributes"},"_links":{"self":[{"href":"https:\/\/www.s-c-nutrition.com\/es\/wp-json\/wp\/v2\/product\/24","targetHints":{"allow":["GET"]}}],"collection":[{"href":"https:\/\/www.s-c-nutrition.com\/es\/wp-json\/wp\/v2\/product"}],"about":[{"href":"https:\/\/www.s-c-nutrition.com\/es\/wp-json\/wp\/v2\/types\/product"}],"version-history":[{"count":6,"href":"https:\/\/www.s-c-nutrition.com\/es\/wp-json\/wp\/v2\/product\/24\/revisions"}],"predecessor-version":[{"id":3455,"href":"https:\/\/www.s-c-nutrition.com\/es\/wp-json\/wp\/v2\/product\/24\/revisions\/3455"}],"wp:featuredmedia":[{"embeddable":true,"href":"https:\/\/www.s-c-nutrition.com\/es\/wp-json\/wp\/v2\/media\/8287"}],"wp:attachment":[{"href":"https:\/\/www.s-c-nutrition.com\/es\/wp-json\/wp\/v2\/media?parent=24"}],"wp:term":[{"taxonomy":"product_cat","embeddable":true,"href":"https:\/\/www.s-c-nutrition.com\/es\/wp-json\/wp\/v2\/product_cat?post=24"},{"taxonomy":"product_tag","embeddable":true,"href":"https:\/\/www.s-c-nutrition.com\/es\/wp-json\/wp\/v2\/product_tag?post=24"}],"curies":[{"name":"wp","href":"https:\/\/api.w.org\/{rel}","templated":true}]}}