{"id":1694,"date":"2021-10-04T13:56:01","date_gmt":"2021-10-04T10:56:01","guid":{"rendered":"https:\/\/www.s-c-nutrition.com\/?post_type=product&#038;p=1694"},"modified":"2025-12-18T17:23:24","modified_gmt":"2025-12-18T14:23:24","slug":"carbohydrates-endurance","status":"publish","type":"product","link":"https:\/\/www.s-c-nutrition.com\/es\/product\/carbohydrates-endurance\/","title":{"rendered":"Carbohidratos lentos - medios - r\u00e1pidos F\u00f3rmula-Endurance Carbs\u2070-\u00b9\u00b2\u2070"},"content":{"rendered":"<div class=\"wpb-content-wrapper\"><p>F\u00f3rmula de carbohidratos para deportistas de resistencia. 5-diferentes tiempos de suministro de glucosa para hasta 120 minutos de alto rendimiento energ\u00e9tico.<\/p>\n<p>&nbsp;<\/p>\n<p>La glucosa es\u00a0<b>especialmente \u00fatil para ejercicios de intensidad media a alta<\/b> que requieren niveles sostenidos de actividad. Puede permitir a los atletas mantener el rendimiento a un alto nivel durante m\u00e1s tiempo al retrasar la fatiga. Esto significa que se puede mejorar el rendimiento deportivo consumiendo hidratos de carbono antes y durante el ejercicio.<\/p>\n<p>El gluc\u00f3geno muscular, la forma predominante de glucosa almacenada en el organismo, y la glucosa sangu\u00ednea son los principales sustratos energ\u00e9ticos para la contracci\u00f3n muscular durante el ejercicio. La sacarosa es una sustancia ideal para que los deportistas la incorporen porque aporta tanto glucosa como fructosa.<\/p>\n<p>Por lo tanto, es esencial que los deportistas controlen su dieta para mantener y aumentar los dep\u00f3sitos de gluc\u00f3geno muscular, ya que son un importante factor limitante del rendimiento del ejercicio prolongado. Las dietas ricas en hidratos de carbono tambi\u00e9n se recomiendan para el ejercicio de resistencia y ultrarresistencia, ya que se asocian a un aumento de los dep\u00f3sitos de gluc\u00f3geno muscular, as\u00ed como a un retraso en la aparici\u00f3n de la fatiga. Adem\u00e1s, las dietas ricas en hidratos de carbono y la ingesta de hidratos de carbono antes y durante el ejercicio han demostrado ser beneficiosas debido al aumento de las concentraciones de gluc\u00f3geno hep\u00e1tico y al mantenimiento de la glucosa en sangre.<\/p>\n<p>El efecto de la ingesta de carbohidratos en el rendimiento deportivo depende principalmente de las caracter\u00edsticas del ejercicio, el tipo y la cantidad de carbohidratos ingeridos y el momento de la ingesta. Al analizar el rendimiento atl\u00e9tico individual debe tenerse en cuenta una combinaci\u00f3n de estos factores.<\/p>\n<p>&nbsp;<\/p>\n<p>Por supuesto, no todos los tipos de az\u00facares \/ carbohidratos son iguales.<\/p>\n<p>&nbsp;<\/p>\n<p>Endurance Carbs 0\u2032-120, combina una mezcla de 5 tipos de carbohidratos con diferentes pesos moleculares, tiempos de absorci\u00f3n, \u00edndices gluc\u00e9micos, especialmente dise\u00f1ados para apoyar al atleta con el suministro de glucosa durante 2 horas despu\u00e9s de consumir.<\/p>\n<p>&nbsp;<\/p>\n<p>La clave est\u00e1 en los diferentes tiempos de liberaci\u00f3n de glucosa de estos 5 tipos de carbohidratos que Endurance Carbs 0\u2032-120\u2032 incluye.<\/p>\n<p>&nbsp;<\/p>\n<p>&nbsp;<\/p>\n<table>\n<tbody>\n<tr>\n<td width=\"169\">Ingrediente<\/td>\n<td width=\"149\">Por 100 g<\/td>\n<td width=\"153\">Por dosis (40 g)<\/td>\n<\/tr>\n<tr>\n<td width=\"169\">Endurance Carbs 0'-120' mezcla de carbohidratos de liberaci\u00f3n prolongada (dextrosa, fructosa, maltodextrina, palatinosa<sup>TM<\/sup>Amilopectina)<\/td>\n<td width=\"149\">87.34<\/td>\n<td width=\"153\">34.94<\/td>\n<\/tr>\n<\/tbody>\n<\/table>\n<p>&nbsp;<\/p>\n<p><strong><span style=\"color: #ff0000;\">Dextrosa:<\/span><\/strong><\/p>\n<p><strong>QU\u00c9 ES LA DEXTROSA Y C\u00d3MO SE UTILIZA COMO SUPLEMENTO DEPORTIVO<\/strong><\/p>\n<p>La dextrosa, un monosac\u00e1rido, es en realidad la forma dextr\u00f3gira de la glucosa. Los hidratos de carbono se clasifican principalmente en \"simples\" o \"complejos\". Al ser un monosac\u00e1rido simple, la dextrosa s\u00f3lo contiene una mol\u00e9cula de az\u00facar. Los az\u00facares simples provocan un aumento del nivel de glucosa en sangre muy r\u00e1pidamente; sin embargo, est\u00e1n desprovistos de valor nutritivo.<\/p>\n<p><strong><u>Dextrosa como suplemento deportivo<\/u><\/strong><\/p>\n<p>Investigaciones recientes han demostrado que la dextrosa, un az\u00facar simple de absorci\u00f3n r\u00e1pida, podr\u00eda influir en el rendimiento deportivo de los atletas. '<strong>\u00cdndice gluc\u00e9mico<\/strong>se refiere a la velocidad a la que los carbohidratos entran en el torrente sangu\u00edneo.  La dextrosa tiene un \"\u00edndice gluc\u00e9mico\" muy alto, lo que significa que se absorbe con extrema rapidez. En lo que respecta a la salud y la forma f\u00edsica, si la dextrosa se utiliza en el momento adecuado, en conjugaci\u00f3n con los suplementos adecuados, podr\u00eda estimular en gran medida la recuperaci\u00f3n post-entrenamiento y el nivel de gluc\u00f3geno muscular.<\/p>\n<p><strong><u>\u00bfC\u00f3mo funciona?<\/u><\/strong><\/p>\n<p>Durante el entrenamiento, nuestro cuerpo utiliza el gluc\u00f3geno como combustible. Como la dextrosa se absorbe r\u00e1pidamente en el torrente sangu\u00edneo, los atletas y culturistas creen que esta propiedad puede ser \u00fatil para aumentar el rendimiento f\u00edsico y la recuperaci\u00f3n despu\u00e9s del entrenamiento. Esto se consigue gracias al transporte continuo de nutrientes, m\u00e1s r\u00e1pido hacia los m\u00fasculos.<\/p>\n<p>El consumo de dextrosa antes, durante o despu\u00e9s del entrenamiento potencia la fuerza y la resistencia proporcionando \"energ\u00eda bruta\". Adem\u00e1s, maximiza las ganancias de una persona al desencadenar el proceso de reparaci\u00f3n muscular posterior. La dextrosa contribuye a aumentar la absorci\u00f3n de creatina y amino\u00e1cidos como la beta-alanina, la L-arginina, la L-carnitina y la L-glutamina.  Sin embargo, el objetivo principal asociado con la dextrosa, como suplemento, es causar un pico en los niveles de insulina del cuerpo justo despu\u00e9s de entrenar.<\/p>\n<p><strong><u>La dextrosa induce un pico de insulina<\/u><\/strong><\/p>\n<p>La insulina es una hormona producida por las c\u00e9lulas pancre\u00e1ticas de nuestro organismo que permite el consumo de az\u00facar (glucosa) a partir de los hidratos de carbono presentes en los alimentos, as\u00ed como su almacenamiento. En virtud de la insulina, la glucosa se almacena en forma de gluc\u00f3geno en los m\u00fasculos para su uso futuro. La insulina impide que el nivel de az\u00facar en sangre baje demasiado (hipoglucemia) o suba demasiado (hiperglucemia).<\/p>\n<p>Debido al ejercicio, el nivel de gluc\u00f3geno de nuestros m\u00fasculos se agota y nuestras c\u00e9lulas se expanden ligeramente. Este volumen expandido se refiere al estado anab\u00f3lico para absorber m\u00e1s prote\u00ednas, amino\u00e1cidos y gluc\u00f3geno. Esto se conoce como\u00a0<strong>'<\/strong>ventana anab\u00f3lica\" que no suele durar m\u00e1s de una hora despu\u00e9s del entrenamiento. El uso de dextrosa eleva los niveles de insulina, que sirve como sistema de transporte de nutrientes, normalmente del torrente sangu\u00edneo a los m\u00fasculos, para iniciar la recuperaci\u00f3n de los \"m\u00fasculos hambrientos\".  La r\u00e1pida absorci\u00f3n de la dextrosa en el torrente sangu\u00edneo eleva los niveles de insulina y, por lo tanto, pone en marcha el proceso de recuperaci\u00f3n post-entrenamiento.<\/p>\n<p><strong><u>Principales beneficios de los suplementos de dextrosa<\/u><\/strong><\/p>\n<p>Los principales beneficios asociados a los suplementos de dextrosa son;<\/p>\n<ul>\n<li><strong>Crecimiento muscular:<\/strong><\/li>\n<\/ul>\n<p>Como ya se ha mencionado, la dextrosa entra r\u00e1pidamente en el torrente sangu\u00edneo debido a su elevado \u00edndice gluc\u00e9mico y provoca un r\u00e1pido aumento de la hormona transportadora, es decir, la insulina. De este modo, permite que las c\u00e9lulas musculares absorban los nutrientes a un ritmo m\u00e1s r\u00e1pido para facilitar la recuperaci\u00f3n.<\/p>\n<ul>\n<li><strong>Repone los niveles de gluc\u00f3geno:<\/strong><\/li>\n<\/ul>\n<p>Aparte de la inducci\u00f3n del pico de insulina que transportar\u00e1 prote\u00ednas y\u00a0<a href=\"https:\/\/fitnesshealth.co\/products\/rapid-strength-ibcaa-instantised-branch-chain-amino-acids-powder\" target=\"_blank\" rel=\"noopener\" data-wpel-link=\"external\">amino\u00e1cidos\u00a0<\/a>en las c\u00e9lulas musculares carentes de nutrientes, la dextrosa tambi\u00e9n desempe\u00f1a un papel en la reposici\u00f3n de los niveles de gluc\u00f3geno. Cuanto mayor sea el nivel de gluc\u00f3geno, m\u00e1s energ\u00eda tendr\u00e1 el cuerpo.<\/p>\n<p>&nbsp;<\/p>\n<p><span style=\"color: #ff0000;\"><strong>Fructosa - \u00a1Un supercarburante para deportistas!<\/strong><\/span><\/p>\n<p id=\"effects-of-fructose-on-athletes\" class=\"jsx-3692753319 jsx-2566528898 c--main-600\"><strong><span style=\"color: #000000;\">Efectos de la fructosa en los deportistas<\/span><\/strong><\/p>\n<p><span style=\"color: #000000;\">La fructosa es un az\u00facar natural que se encuentra en muchas bebidas y geles deportivos. Entonces, \u00bfcu\u00e1les son los efectos de la fructosa en los deportistas?<\/span><\/p>\n<p class=\"jsx-1710225312 c--grey-neutral-800\"><span style=\"color: #000000;\"><strong>La fructosa es el az\u00facar que se encuentra de forma natural en las frutas.<\/strong>\u00a0Lo contienen las bebidas y geles deportivos que los atletas consumen con frecuencia. El consumo de este nutriente ha demostrado efectos concretos, especialmente cuando hablamos de atletas. Entonces, \u00bfcu\u00e1les son exactamente los efectos de la fructosa en los deportistas?<\/span><\/p>\n<p id=\"metabolizing-fructose\" class=\"jsx-3692753319 jsx-2566528898 c--main-600 mt--x-big pt--normal\"><strong><span style=\"color: #ff0000;\">Metabolizar la fructosa<\/span><\/strong><\/p>\n<p class=\"jsx-1710225312 c--grey-neutral-800\"><span style=\"color: #000000;\"><strong>Su metabolismo se mueve m\u00e1s lentamente que la glucosa.\u00a0<\/strong>Esto significa que no es inaudito que provoque ciertos tipos de problemas gastrointestinales. Sin embargo, la fructosa tomada en peque\u00f1as cantidades en combinaci\u00f3n con la glucosa no ralentiza la absorci\u00f3n de l\u00edquidos. Esto puede ser una gran ventaja cuando hablamos de la eficacia de la hidrataci\u00f3n.<\/span><\/p>\n<p class=\"jsx-1710225312 c--grey-neutral-800\"><span style=\"color: #000000;\">La literatura cient\u00edfica demuestra que\u00a0<b>El consumo conjunto de fructosa y glucosa puede ser beneficioso para el rendimiento deportivo.\u00a0<\/b>Una de las principales razones es que reduce la sensaci\u00f3n de fatiga.<\/span><\/p>\n<p class=\"heading-title\"><span style=\"color: #ff0000;\"><strong>Efecto de la ingesti\u00f3n de fructosa antes del ejercicio sobre el rendimiento en resistencia aer\u00f3bica<\/strong><\/span><\/p>\n<p><span style=\"color: #000000;\">Los estudios han demostrado que la ingesta de fructosa es <b>de beneficio antes del ejercicio prolongado<\/b>porque proporciona una fuente de hidratos de carbono a los m\u00fasculos en contracci\u00f3n sin hipoglucemia transitoria ni depresi\u00f3n de la utilizaci\u00f3n de las grasas y, por lo tanto, retrasa la fatiga.<\/span><\/p>\n<p>&nbsp;<\/p>\n<p class=\"section-header__title appear-delay\"><span style=\"color: #ff0000;\"><strong>MALTODEXTRINA PARA DEPORTISTAS DE RESISTENCIA<\/strong><\/span><\/p>\n<ul>\n<li><span style=\"color: #000000;\">Se compone de cadenas de mol\u00e9culas de glucosa y tiene un IG elevado, lo que significa que la energ\u00eda est\u00e1 disponible r\u00e1pidamente<\/span><\/li>\n<li><span style=\"color: #000000;\">Se oxida r\u00e1pidamente durante el ejercicio<\/span><\/li>\n<li><span style=\"color: #000000;\">Reducir el riesgo de desarrollar molestias estomacales durante el ejercicio prolongado<\/span><\/li>\n<\/ul>\n<p><span style=\"color: #000000;\">La fuente de carbohidratos de muchas bebidas energ\u00e9ticas es la maltodextrina, seleccionada espec\u00edficamente. El tama\u00f1o particular de la mol\u00e9cula equilibra la cantidad de energ\u00eda suministrada frente a la rapidez con que se vac\u00eda del est\u00f3mago. Esto significa que usted sentir\u00e1 los beneficios de rendimiento de consumir una bebida deportiva con maltodextrina m\u00e1s r\u00e1pido y sin problemas estomacales.<\/span><\/p>\n<p><span style=\"color: #000000;\">La maltodextrina junto con la fructosa proporciona una mezcla de carbohidratos de glucosa de liberaci\u00f3n media, perfecta para mantener estables los niveles de glucosa en sangre durante el entrenamiento, lo que proporciona al atleta un gran impulso de resistencia y rendimiento.<\/span><\/p>\n<p>&nbsp;<\/p>\n<p><span style=\"color: #ff0000;\"><strong>Palatinose\u2122 - Suministro de energ\u00eda lento y estable durante 2 horas.<\/strong><\/span><\/p>\n<p><img fetchpriority=\"high\" decoding=\"async\" class=\"alignleft wp-image-4306 size-full\" src=\"https:\/\/www.s-c-nutrition.com\/wp-content\/uploads\/2017\/11\/palatinose-e1554760883270.jpg\" alt=\"Palatinose\u2122 - Suministro energ\u00e9tico lento y estable durante 2 horas imagen de S-C-Nutrition.\" width=\"400\" height=\"257\" \/><\/p>\n<p><span style=\"color: #000000;\">El \u00fanico hidrato de carbono de bajo \u00edndice gluc\u00e9mico que proporciona una energ\u00eda equilibrada.<\/span><\/p>\n<div class=\"wpb_row vc_row vc_row-fluid mk-fullwidth-false attched-false js-master-row mk-grid mk-in-viewport\" data-mk-stretch-content=\"true\">\n<div class=\"vc_col-sm-6 wpb_column column_container _ height-full\">\n<div class=\"vc_custom_1543225945068\">\n<div id=\"text-block-14\" class=\"mk-text-block\">\n<p><span style=\"color: #000000;\">Palatinosa<sup>\u2122<\/sup>\u00a0es un carbohidrato inteligente de origen natural, que aporta toda la energ\u00eda de los carbohidratos (4kcal\/g) de forma m\u00e1s equilibrada gracias a su perfil de bajo \u00edndice gluc\u00e9mico.  Al mejorar la oxidaci\u00f3n de las grasas durante la actividad f\u00edsica, prolonga el aporte energ\u00e9tico. Adem\u00e1s, es el primer hidrato de carbono no cariog\u00e9nico, respetuoso con los dientes.<\/span><\/p>\n<p><span style=\"color: #000000;\">Palatinosa<sup>\u2122<\/sup>\u00a0(isomaltulosa) se basa exclusivamente en la sacarosa procedente de la remolacha azucarera. Es 100 % vegana, kosher, halal y no transg\u00e9nica.  Se genera mediante la reorganizaci\u00f3n enzim\u00e1tica del enlace glicos\u00eddico entre la glucosa y la fructosa a partir de un enlace \u03b1-1.2 en la sacarosa y un enlace \u03b1-1.6-glicos\u00eddico en la Palatinosa.<sup>\u2122<\/sup>\u00a0.<\/span><\/p>\n<div class=\"clearboth\"><\/div>\n<\/div>\n<\/div>\n<\/div>\n<\/div>\n<div class=\"wpb_row vc_row vc_row-fluid mk-fullwidth-false attched-false js-master-row mk-grid mk-in-viewport\" data-mk-stretch-content=\"true\">\n<div class=\"vc_col-sm-12 wpb_column column_container _ height-full\">\n<div class=\"vc_custom_1543225960478\">\n<div id=\"text-block-16\" class=\"mk-text-block\">\n<p><span style=\"color: #000000;\">El nuevo enlace molecular de la Palatinosa<sup>\u2122<\/sup>\u00a0es m\u00e1s estable que la de la sacarosa.  Palatinosa<sup>\u2122<\/sup>\u00a0tiene un dulzor suave y natural (aproximadamente 50% de sacarosa), sin ning\u00fan regusto. Sustituye a la sacarosa en una escala 1:1 y puede combinarse f\u00e1cilmente con otros edulcorantes para conseguir un perfil de dulzor \u00fanico y a medida.  Palatinose<sup>\u2122<\/sup>\u00a0es un polvo muy poco higrosc\u00f3pico. Pr\u00e1cticamente no absorbe humedad y se mantiene estable en duras condiciones de procesamiento, incluso a una temperatura de 25 \u00b0C y una humedad relativa de hasta 85 %.<\/span><\/p>\n<\/div>\n<\/div>\n<\/div>\n<\/div>\n<p>&nbsp;<\/p>\n<h5><span style=\"color: #000000;\">Beneficios nutricionales:<\/span><\/h5>\n<ul>\n<li><span style=\"color: #000000;\">Estiramiento de la curva de potencia: Permite un suministro de energ\u00eda equilibrado y sostenido<\/span><\/li>\n<li><span style=\"color: #000000;\">Apoya una dieta de bajo \u00edndice gluc\u00e9mico: Niveles de az\u00facar: menos es m\u00e1s<\/span><\/li>\n<li><span style=\"color: #000000;\">Mejora del metabolismo: Hidratos de carbono equilibrados en la nutrici\u00f3n especializada<\/span><\/li>\n<li><span style=\"color: #000000;\">Control del peso: Favorece la quema de grasas<\/span><\/li>\n<li><span style=\"color: #000000;\">Salud dental: Facilita productos respetuosos con los dientes<\/span><\/li>\n<\/ul>\n<p>&nbsp;<\/p>\n<p><span style=\"color: #ff0000;\"><strong>Amilopectina - Una gran opci\u00f3n de intraentrenamiento para entrenamientos de alta intensidad.<\/strong><\/span><\/p>\n<p>Durante el entrenamiento, la amilopectina recargar\u00e1 casi instant\u00e1neamente la energ\u00eda que utilizamos.<\/p>\n<p>En consecuencia, mejorar\u00e1 nuestro rendimiento f\u00edsico.<\/p>\n<p>Los atletas entrenados utilizan alrededor de 2-3 g de gluc\u00f3geno por minuto.<\/p>\n<p>Por lo tanto, <b>amilopectina <\/b>\u00a0es una buena elecci\u00f3n para realizar actividades de alta intensidad.<\/p>\n<p>&nbsp;<\/p>\n<p><strong><span style=\"color: #ff0000;\">Informaci\u00f3n sobre el producto:<\/span><\/strong><\/p>\n<p><span style=\"color: #000000;\">800g | Sabor Lim\u00f3n | Suministro para 20 d\u00edas<\/span><\/p>\n<p><span style=\"color: #000000;\">Habr\u00e1 m\u00e1s sabores hasta finales de 2021: Melocot\u00f3n, Pi\u00f1a Coco<\/span><\/p>\n<p>&nbsp;<\/p>\n<p><strong><span style=\"color: #ff0000;\">Uso recomendado:<\/span><\/strong><\/p>\n<p><span style=\"color: #000000;\">Mezcle 1 cacito (40 g) con 300 ml de agua a temperatura ambiente.<\/span><\/p>\n<p><span style=\"color: #000000;\">Consuma la mezcla durante el entrenamiento, desde el calentamiento hasta el final de la sesi\u00f3n.<\/span><\/p>\n<p><span style=\"color: #000000;\">Puede utilizar Endurance Carbs 0'-120' durante su temporada de carga de carbohidratos o mezclarlo con su batido de prote\u00ednas despu\u00e9s del entrenamiento para una recuperaci\u00f3n muy r\u00e1pida.<\/span><\/p>\n<p>&nbsp;<\/p>\n<p>&nbsp;<\/p>\n<p>Ingredientes: Dextrosa, fructosa, maltodextrina, palatinosa.<sup>TM<\/sup> (isomaltulosa), amilopectina (almid\u00f3n de ma\u00edz), di\u00f3xido de silicio (antiaglomerante), aroma, lim\u00f3n en polvo (citrus limon, fruta), fosfato dic\u00e1lcico, carbonato de magnesio, \u00e1cido c\u00edtrico, sucralosa, colorante (E-102).<\/p>\n<p>&nbsp;<\/p>\n<p>Nota: Los suplementos con alta concentraci\u00f3n en ingredientes activos y sin conservantes, pueden pasar de la forma de polvo a la forma s\u00f3lida. Este es un efecto natural de los ingredientes que son muy sensibles a la humedad. Intente consumir el producto entre 20 y 30 d\u00edas despu\u00e9s de abrirlo. Conservar en lugar seco y fresco siempre con la tapa bien cerrada. No utilice las manos mojadas ni herramientas para sacar la cucharada del interior del tubo.<\/p>\n<p><img decoding=\"async\" class=\"aligncenter wp-image-1067 size-full\" src=\"https:\/\/www.s-c-nutrition.com\/wp-content\/uploads\/2020\/05\/SCN-together-faster-longer-harder-motivational-1.gif\" alt=\"Imagen motivadora de S-C-Nutrition.\" width=\"948\" height=\"551\" \/><\/p>\n<hr \/>\n<p>*Este sitio web es s\u00f3lo para su educaci\u00f3n e informaci\u00f3n general sobre la salud. Las ideas, opiniones y sugerencias contenidas en este sitio web no deben utilizarse como sustituto del consejo m\u00e9dico, diagn\u00f3stico o tratamiento de su m\u00e9dico para cualquier condici\u00f3n o problema de salud. Los usuarios de este sitio web no deben basarse en la informaci\u00f3n facilitada en \u00e9l para tratar sus propios problemas de salud. Cualquier pregunta relacionada con su propia salud debe dirigirse a su propio m\u00e9dico. No empiece ni deje de tomar ning\u00fan medicamento sin consultar a su m\u00e9dico. No le animamos a que lo haga, ni nos hacemos responsables de las consecuencias de no consultar a un m\u00e9dico.<\/p>\n<\/div>","protected":false},"excerpt":{"rendered":"<p>Carbohydrates formula for endurance sports athletes. 5-different times of glucose supply for up to 120 minutes of high energy output. &nbsp; Glucose is\u00a0especially useful for medium to high-intensity exercises that require sustained levels of activity. It can enable athletes to sustain performance at a high level for longer by delaying fatigue. This means that you [&hellip;]<\/p>\n","protected":false},"featured_media":1686,"template":"","meta":{"inline_featured_image":false},"product_cat":[17,20],"product_tag":[],"class_list":{"0":"post-1694","1":"product","2":"type-product","3":"status-publish","4":"has-post-thumbnail","6":"product_cat-all-products","7":"product_cat-basic-line","8":"product_shipping_class-europe-only","10":"first","11":"instock","12":"shipping-taxable","13":"purchasable","14":"product-type-simple"},"_links":{"self":[{"href":"https:\/\/www.s-c-nutrition.com\/es\/wp-json\/wp\/v2\/product\/1694","targetHints":{"allow":["GET"]}}],"collection":[{"href":"https:\/\/www.s-c-nutrition.com\/es\/wp-json\/wp\/v2\/product"}],"about":[{"href":"https:\/\/www.s-c-nutrition.com\/es\/wp-json\/wp\/v2\/types\/product"}],"version-history":[{"count":6,"href":"https:\/\/www.s-c-nutrition.com\/es\/wp-json\/wp\/v2\/product\/1694\/revisions"}],"predecessor-version":[{"id":8596,"href":"https:\/\/www.s-c-nutrition.com\/es\/wp-json\/wp\/v2\/product\/1694\/revisions\/8596"}],"wp:featuredmedia":[{"embeddable":true,"href":"https:\/\/www.s-c-nutrition.com\/es\/wp-json\/wp\/v2\/media\/1686"}],"wp:attachment":[{"href":"https:\/\/www.s-c-nutrition.com\/es\/wp-json\/wp\/v2\/media?parent=1694"}],"wp:term":[{"taxonomy":"product_cat","embeddable":true,"href":"https:\/\/www.s-c-nutrition.com\/es\/wp-json\/wp\/v2\/product_cat?post=1694"},{"taxonomy":"product_tag","embeddable":true,"href":"https:\/\/www.s-c-nutrition.com\/es\/wp-json\/wp\/v2\/product_tag?post=1694"}],"curies":[{"name":"wp","href":"https:\/\/api.w.org\/{rel}","templated":true}]}}