{"id":3145,"date":"2023-03-23T10:39:38","date_gmt":"2023-03-23T07:39:38","guid":{"rendered":"https:\/\/www.s-c-nutrition.com\/?page_id=3145"},"modified":"2025-05-29T11:29:38","modified_gmt":"2025-05-29T08:29:38","slug":"terms-conditions-for-shipping-outside-eu-countries","status":"publish","type":"page","link":"https:\/\/www.s-c-nutrition.com\/es\/terms-conditions-for-shipping-outside-eu-countries\/","title":{"rendered":"Condiciones de env\u00edo fuera de la UE"},"content":{"rendered":"<h2 style=\"text-align: center;\">Env\u00edos a terceros pa\u00edses (pa\u00edses no pertenecientes a la Uni\u00f3n Europea)<\/h2>\n<p>&nbsp;<\/p>\n<p>PERSONALIZACIONES<\/p>\n<p>&nbsp;<\/p>\n<p>No nos hacemos responsables de los gastos de aduana. Al comprar nuestros productos, usted acepta que su paquete (s) puede ser gravado en la aduana de su pa\u00eds, y que si es as\u00ed, usted ser\u00e1 el \u00fanico responsable de pagar las tasas.<\/p>\n<p>&nbsp;<\/p>\n<p>1. Todos los pedidos se env\u00edan desde Europa (no desde el Reino Unido).<\/p>\n<p>2. \u0395cada cliente debe conocer las tasas y leyes aplicables en su pa\u00eds para la importaci\u00f3n de productos de terceros pa\u00edses.<\/p>\n<p>3. Un paquete no se considera perdido si es incautado por la aduana y el cliente se niega a realizar todos los tr\u00e1mites necesarios para la importaci\u00f3n. No nos hacemos responsables si la totalidad o parte del pedido es incautado por la aduana del pa\u00eds del cliente.<\/p>\n<p>4. Un paquete no se considera perdido si el cliente nos proporciona informaci\u00f3n falsa (nombre\/direcci\u00f3n mal escritos, n\u00famero de tel\u00e9fono incorrecto, direcci\u00f3n incorrecta (ciudad, c\u00f3digo postal, n\u00famero de casa), etc.).<\/p>\n<p>5. Nuestra empresa enviar\u00e1 su pedido 1-2 d\u00edas laborables despu\u00e9s de realizarlo. UPS necesita de 10 a 15 d\u00edas laborables para entregar el paquete. Pueden producirse retrasos que no podemos predecir ni controlar. Nuestra empresa no puede asumir la responsabilidad de los retrasos de entrega que puedan ocurrir por UPS.<\/p>\n<p>6. Tenga en cuenta que nuestra empresa no puede aceptar devoluciones de pa\u00edses no pertenecientes a la Uni\u00f3n Europea, ya que los costes de devoluci\u00f3n son elevados y las aduanas embargan los productos.<\/p>\n<p>Las aduanas consideran que los paquetes devueltos son productos fabricados y enviados desde terceros pa\u00edses (fuera de la UE) y exigen un nuevo registro de cada uno de los productos contenidos en el paquete, procedimientos que son costosos y tardan entre 30 y 60 d\u00edas.<\/p>\n<p>Sentimos las molestias que esto pueda causar y agradecemos su comprensi\u00f3n.<\/p>\n<p>&nbsp;<\/p>\n<p>Al elegir \"Estoy de acuerdo con la pol\u00edtica de \"Env\u00edos fuera de la Uni\u00f3n Europea\"\" usted acepta todos los t\u00e9rminos anteriores.<\/p>\n<p>&nbsp;<\/p>\n<p>La tuya,<\/p>\n<p>Scnutrici\u00f3n Europa<\/p>\n<h2><\/h2>\n<h2>\u00bfQU\u00c9 SIGNIFICA PA\u00cdS NO MIEMBRO DE LA UE?<\/h2>\n<p>Por pa\u00eds no perteneciente a la UE o tercer pa\u00eds se entiende un pa\u00eds que no es miembro de la Uni\u00f3n Europea, as\u00ed como un pa\u00eds o territorio cuyos ciudadanos no disfrutan del derecho a la libre circulaci\u00f3n de la Uni\u00f3n Europea.<\/p>\n<h2>PA\u00cdSES DE LA UE<\/h2>\n<p>Los pa\u00edses de la UE son:<br \/>\nAlemania, Austria, B\u00e9lgica, Bulgaria, Croacia, Dinamarca, Eslovaquia, Eslovenia, Espa\u00f1a, Estonia, Finlandia, Francia, Grecia, Hungr\u00eda, Irlanda, Italia, Letonia, Lituania, Luxemburgo, Malta, Pa\u00edses Bajos, Polonia, Portugal, Rep\u00fablica Checa, Rep\u00fablica de Chipre, Ruman\u00eda y Suecia.<\/p>\n<h2>EL ESPACIO ECON\u00d3MICO EUROPEO (EEE)<\/h2>\n<p>El EEE incluye a los pa\u00edses de la UE y tambi\u00e9n a Islandia, Liechtenstein y Noruega. Les permite formar parte del mercado \u00fanico de la UE.<br \/>\nSuiza no es miembro de la UE ni del EEE, pero forma parte del mercado \u00fanico.<\/p>\n<h2>\u00bfQU\u00c9 DEBO SABER SI VIVO EN UN TERCER PA\u00cdS Y QUIERO HACER UN PEDIDO A STRENGTH &amp; CONDITIONING NUTRITION?<\/h2>\n<p>Si vive en un tercer pa\u00eds y quiere hacer un pedido en nuestro sitio web, no se preocupe, le tenemos cubierto, ya que ahora podemos enviar nuestros productos a todo el mundo.<br \/>\nPara las entregas a direcciones fuera de la UE, a efectos legales usted es el importador de los productos y es responsable de las formalidades de importaci\u00f3n, as\u00ed como de los derechos, aranceles o impuestos que pueda cobrar la autoridad aduanera de su pa\u00eds. Esto significa que se le podr\u00edan cobrar derechos, aranceles o impuestos al tipo aplicable en su pa\u00eds para despachar los productos.<br \/>\nAntes de hacer un pedido, p\u00f3ngase en contacto con las autoridades aduaneras locales o con un agente de aduanas y compruebe cu\u00e1les son los tr\u00e1mites de importaci\u00f3n de los productos que quiere importar a su pa\u00eds y aseg\u00farese de que puede cumplirlos.<\/p>\n<h2>PLAZO DE ENTREGA<\/h2>\n<p>Debe dejar que el servicio de mensajer\u00eda UPS tarde entre 10 y 15 d\u00edas laborables en completar la entrega de su pedido. Normalmente, los transportistas ofrecen el servicio de \"despacho de aduana\", por lo que puede ponerse en contacto con ellos en cuanto le enviemos el n\u00famero de seguimiento de su pedido.<\/p>\n<h2>VARIOS<\/h2>\n<p>Al no completar cualquiera de las formalidades de importaci\u00f3n (incluido el pago de derechos, aranceles o impuestos) se arriesga a que sus productos sean confiscados por la aduana local. En tal caso, debe saber que STRENGTH &amp; CONDITIONING NUTRITION (i) no se hace responsable en caso de que alguno o la totalidad de su pedido sea confiscado por las autoridades aduaneras de su pa\u00eds (ii) no aceptar\u00e1 devoluciones de productos que formen parte de pedidos confiscados, (iii) no considerar\u00e1 el paquete como \"perdido\", (iv) no reembolsar\u00e1 ning\u00fan pedido ni reenviar\u00e1 ning\u00fan producto.<br \/>\nPara m\u00e1s informaci\u00f3n, lea nuestras Condiciones generales.<\/p>","protected":false},"excerpt":{"rendered":"<p>Shipping to third countries (Non European Union Countries) &nbsp; CUSTOMS &nbsp; We are not responsible for any customs fees. By purchasing our products, you agree that your package (s) may be taxed at your country&#8217;s customs, and that if so, you will be solely responsible for paying the fees. &nbsp; 1. All orders are dispatched [&hellip;]<\/p>\n","protected":false},"author":804,"featured_media":0,"parent":0,"menu_order":0,"comment_status":"closed","ping_status":"closed","template":"","meta":{"inline_featured_image":false,"footnotes":""},"categories":[],"tags":[],"class_list":["post-3145","page","type-page","status-publish"],"_links":{"self":[{"href":"https:\/\/www.s-c-nutrition.com\/es\/wp-json\/wp\/v2\/pages\/3145","targetHints":{"allow":["GET"]}}],"collection":[{"href":"https:\/\/www.s-c-nutrition.com\/es\/wp-json\/wp\/v2\/pages"}],"about":[{"href":"https:\/\/www.s-c-nutrition.com\/es\/wp-json\/wp\/v2\/types\/page"}],"author":[{"embeddable":true,"href":"https:\/\/www.s-c-nutrition.com\/es\/wp-json\/wp\/v2\/users\/804"}],"replies":[{"embeddable":true,"href":"https:\/\/www.s-c-nutrition.com\/es\/wp-json\/wp\/v2\/comments?post=3145"}],"version-history":[{"count":10,"href":"https:\/\/www.s-c-nutrition.com\/es\/wp-json\/wp\/v2\/pages\/3145\/revisions"}],"predecessor-version":[{"id":10655,"href":"https:\/\/www.s-c-nutrition.com\/es\/wp-json\/wp\/v2\/pages\/3145\/revisions\/10655"}],"wp:attachment":[{"href":"https:\/\/www.s-c-nutrition.com\/es\/wp-json\/wp\/v2\/media?parent=3145"}],"wp:term":[{"taxonomy":"category","embeddable":true,"href":"https:\/\/www.s-c-nutrition.com\/es\/wp-json\/wp\/v2\/categories?post=3145"},{"taxonomy":"post_tag","embeddable":true,"href":"https:\/\/www.s-c-nutrition.com\/es\/wp-json\/wp\/v2\/tags?post=3145"}],"curies":[{"name":"wp","href":"https:\/\/api.w.org\/{rel}","templated":true}]}}