{"id":2538,"date":"2022-09-25T14:01:05","date_gmt":"2022-09-25T11:01:05","guid":{"rendered":"https:\/\/www.s-c-nutrition.com\/?page_id=2538"},"modified":"2023-07-03T11:47:13","modified_gmt":"2023-07-03T08:47:13","slug":"shipping-to-third-countries-non-european-union-countries","status":"publish","type":"page","link":"https:\/\/www.s-c-nutrition.com\/es\/shipping-to-third-countries-non-european-union-countries\/","title":{"rendered":"Env\u00edos a terceros pa\u00edses (pa\u00edses no pertenecientes a la UE)"},"content":{"rendered":"<p>Env\u00edos a terceros pa\u00edses (pa\u00edses no pertenecientes a la Uni\u00f3n Europea)<\/p>\n<h3>PERSONALIZACIONES<\/h3>\n<p>No nos hacemos responsables de los gastos de aduana. Al comprar nuestros productos, usted acepta que su paquete (s) puede ser gravado en la aduana de su pa\u00eds, y que si es as\u00ed, usted ser\u00e1 el \u00fanico responsable de pagar las tasas.<\/p>\n<p>1. Todos los pedidos se env\u00edan desde Europa (no desde el Reino Unido).<br \/>\n2. \u0395cada cliente debe conocer las tasas aplicables en su pa\u00eds para la importaci\u00f3n de productos de terceros pa\u00edses.<br \/>\n3. Un paquete no se considera perdido si es incautado por la aduana y el cliente se niega a realizar todos los tr\u00e1mites necesarios para la importaci\u00f3n.<br \/>\n4. Un paquete no se considera perdido si el cliente nos proporciona informaci\u00f3n falsa (nombre\/direcci\u00f3n mal escritos, n\u00famero de tel\u00e9fono incorrecto, direcci\u00f3n incorrecta (ciudad, c\u00f3digo postal, n\u00famero de casa), etc.).<br \/>\n5. Nuestra empresa enviar\u00e1 su pedido 1-2 d\u00edas laborables despu\u00e9s de realizarlo. UPS necesita de 10 a 15 d\u00edas laborables para entregar el paquete. Pueden producirse retrasos que no podemos predecir ni controlar. Nuestra empresa no puede asumir la responsabilidad de los retrasos de entrega que puedan ocurrir por UPS.<\/p>\n<p>Al elegir \"Estoy de acuerdo con la pol\u00edtica de \"Env\u00edos fuera de la Uni\u00f3n Europea\"\" usted acepta todos los t\u00e9rminos anteriores.<\/p>\n<p>La tuya,<br \/>\nScnutrici\u00f3n Europa<\/p>","protected":false},"excerpt":{"rendered":"<p>Shipping to third countries (Non European Union Countries) CUSTOMS We are not responsible for any customs fees. By purchasing our products, you agree that your package (s) may be taxed at your country&#8217;s customs, and that if so, you will be solely responsible for paying the fees. 1. All orders are dispatched from Europe (Not [&hellip;]<\/p>\n","protected":false},"author":1,"featured_media":0,"parent":0,"menu_order":0,"comment_status":"closed","ping_status":"closed","template":"","meta":{"inline_featured_image":false,"footnotes":""},"categories":[],"tags":[],"class_list":["post-2538","page","type-page","status-publish"],"_links":{"self":[{"href":"https:\/\/www.s-c-nutrition.com\/es\/wp-json\/wp\/v2\/pages\/2538","targetHints":{"allow":["GET"]}}],"collection":[{"href":"https:\/\/www.s-c-nutrition.com\/es\/wp-json\/wp\/v2\/pages"}],"about":[{"href":"https:\/\/www.s-c-nutrition.com\/es\/wp-json\/wp\/v2\/types\/page"}],"author":[{"embeddable":true,"href":"https:\/\/www.s-c-nutrition.com\/es\/wp-json\/wp\/v2\/users\/1"}],"replies":[{"embeddable":true,"href":"https:\/\/www.s-c-nutrition.com\/es\/wp-json\/wp\/v2\/comments?post=2538"}],"version-history":[{"count":4,"href":"https:\/\/www.s-c-nutrition.com\/es\/wp-json\/wp\/v2\/pages\/2538\/revisions"}],"predecessor-version":[{"id":3510,"href":"https:\/\/www.s-c-nutrition.com\/es\/wp-json\/wp\/v2\/pages\/2538\/revisions\/3510"}],"wp:attachment":[{"href":"https:\/\/www.s-c-nutrition.com\/es\/wp-json\/wp\/v2\/media?parent=2538"}],"wp:term":[{"taxonomy":"category","embeddable":true,"href":"https:\/\/www.s-c-nutrition.com\/es\/wp-json\/wp\/v2\/categories?post=2538"},{"taxonomy":"post_tag","embeddable":true,"href":"https:\/\/www.s-c-nutrition.com\/es\/wp-json\/wp\/v2\/tags?post=2538"}],"curies":[{"name":"wp","href":"https:\/\/api.w.org\/{rel}","templated":true}]}}